{"id":190,"date":"2021-10-04T11:16:22","date_gmt":"2021-10-04T11:16:22","guid":{"rendered":"https:\/\/grand-hotel-tiberio.ms.decms.eu\/?page_id=190"},"modified":"2025-07-08T14:26:23","modified_gmt":"2025-07-08T14:26:23","slug":"suite-mit-terrasse-oder-balkon","status":"publish","type":"page","link":"https:\/\/www.ghtiberio.com\/de\/zimmer\/suite-mit-terrasse-oder-balkon\/","title":{"rendered":"J. Suite mit Balkon"},"content":{"rendered":"<p>Dieses Zimmer verf\u00fcgt \u00fcber einen Balkon oder eine Terrasse, Holzb\u00f6den, ein separates Wohnzimmer und ein ger\u00e4umiges Bad mit ebenerdiger Dusche oder Badewanne. Beide sind ca. 40 m\u00b2 gro\u00df und mit Parkett ausgestattet. Badewanne oder Dusche.<\/p>\n","protected":false},"excerpt":{"rendered":"<p>Dieses Zimmer verf\u00fcgt \u00fcber einen Balkon oder eine Terrasse, Holzb\u00f6den, ein separates Wohnzimmer und ein ger\u00e4umiges Bad mit ebenerdiger Dusche oder Badewanne. Beide sind ca. 40 m\u00b2 gro\u00df und mit Parkett ausgestattet. Badewanne oder Dusche.<\/p>\n","protected":false},"author":7,"featured_media":0,"parent":121,"menu_order":5,"comment_status":"closed","ping_status":"closed","template":"template-single-room.php","meta":{"footnotes":""},"class_list":["post-190","page","type-page","status-publish","hentry"],"yoast_head":"<!-- This site is optimized with the Yoast SEO plugin v26.9 - https:\/\/yoast.com\/product\/yoast-seo-wordpress\/ -->\n<title>J. Suite mit Balkon &#8211; Grand Hotel Tiberio<\/title>\n<meta name=\"description\" content=\"Dieses Zimmer verf\u00fcgt \u00fcber einen Balkon oder eine Terrasse, Holzb\u00f6den, ein separates Wohnzimmer und ein ger\u00e4umiges Bad mit ebenerdiger Dusche oder Badewanne. Beide sind ca\" \/>\n<meta name=\"robots\" content=\"index, follow, max-snippet:-1, max-image-preview:large, max-video-preview:-1\" \/>\n<link rel=\"canonical\" href=\"https:\/\/www.ghtiberio.com\/de\/zimmer\/suite-mit-terrasse-oder-balkon\/\" \/>\n<meta property=\"og:locale\" content=\"de_DE\" \/>\n<meta property=\"og:type\" content=\"article\" \/>\n<meta property=\"og:title\" content=\"J. Suite mit Balkon &#8211; Grand Hotel Tiberio\" \/>\n<meta property=\"og:description\" content=\"Dieses Zimmer verf\u00fcgt \u00fcber einen Balkon oder eine Terrasse, Holzb\u00f6den, ein separates Wohnzimmer und ein ger\u00e4umiges Bad mit ebenerdiger Dusche oder Badewanne. Beide sind ca\" \/>\n<meta property=\"og:url\" content=\"https:\/\/www.ghtiberio.com\/de\/zimmer\/suite-mit-terrasse-oder-balkon\/\" \/>\n<meta property=\"og:site_name\" content=\"Grand Hotel Tiberio\" \/>\n<meta property=\"article:modified_time\" content=\"2025-07-08T14:26:23+00:00\" \/>\n<meta name=\"twitter:card\" content=\"summary_large_image\" \/>\n<meta name=\"twitter:label1\" content=\"Gesch\u00e4tzte Lesezeit\" \/>\n\t<meta name=\"twitter:data1\" content=\"1 Minute\" \/>\n<script type=\"application\/ld+json\" class=\"yoast-schema-graph\">{\"@context\":\"https:\/\/schema.org\",\"@graph\":[{\"@type\":\"WebPage\",\"@id\":\"https:\/\/www.ghtiberio.com\/de\/zimmer\/suite-mit-terrasse-oder-balkon\/\",\"url\":\"https:\/\/www.ghtiberio.com\/de\/zimmer\/suite-mit-terrasse-oder-balkon\/\",\"name\":\"J. Suite mit Balkon &#8211; Grand Hotel Tiberio\",\"isPartOf\":{\"@id\":\"https:\/\/www.ghtiberio.com\/de\/#website\"},\"datePublished\":\"2021-10-04T11:16:22+00:00\",\"dateModified\":\"2025-07-08T14:26:23+00:00\",\"description\":\"Dieses Zimmer verf\u00fcgt \u00fcber einen Balkon oder eine Terrasse, Holzb\u00f6den, ein separates Wohnzimmer und ein ger\u00e4umiges Bad mit ebenerdiger Dusche oder Badewanne. Beide sind ca\",\"breadcrumb\":{\"@id\":\"https:\/\/www.ghtiberio.com\/de\/zimmer\/suite-mit-terrasse-oder-balkon\/#breadcrumb\"},\"inLanguage\":\"de-DE\",\"potentialAction\":[{\"@type\":\"ReadAction\",\"target\":[\"https:\/\/www.ghtiberio.com\/de\/zimmer\/suite-mit-terrasse-oder-balkon\/\"]}]},{\"@type\":\"BreadcrumbList\",\"@id\":\"https:\/\/www.ghtiberio.com\/de\/zimmer\/suite-mit-terrasse-oder-balkon\/#breadcrumb\",\"itemListElement\":[{\"@type\":\"ListItem\",\"position\":1,\"name\":\"Home\",\"item\":\"https:\/\/www.ghtiberio.com\/de\/\"},{\"@type\":\"ListItem\",\"position\":2,\"name\":\"Zimmer\",\"item\":\"https:\/\/www.ghtiberio.com\/de\/zimmer\/\"},{\"@type\":\"ListItem\",\"position\":3,\"name\":\"J. Suite mit Balkon\"}]},{\"@type\":\"WebSite\",\"@id\":\"https:\/\/www.ghtiberio.com\/de\/#website\",\"url\":\"https:\/\/www.ghtiberio.com\/de\/\",\"name\":\"Grand Hotel Tiberio\",\"description\":\"Just another ms.decms.eu site\",\"potentialAction\":[{\"@type\":\"SearchAction\",\"target\":{\"@type\":\"EntryPoint\",\"urlTemplate\":\"https:\/\/www.ghtiberio.com\/de\/?s={search_term_string}\"},\"query-input\":{\"@type\":\"PropertyValueSpecification\",\"valueRequired\":true,\"valueName\":\"search_term_string\"}}],\"inLanguage\":\"de-DE\"}]}<\/script>\n<!-- \/ Yoast SEO plugin. -->","yoast_head_json":{"title":"J. Suite mit Balkon &#8211; Grand Hotel Tiberio","description":"Dieses Zimmer verf\u00fcgt \u00fcber einen Balkon oder eine Terrasse, Holzb\u00f6den, ein separates Wohnzimmer und ein ger\u00e4umiges Bad mit ebenerdiger Dusche oder Badewanne. Beide sind ca","robots":{"index":"index","follow":"follow","max-snippet":"max-snippet:-1","max-image-preview":"max-image-preview:large","max-video-preview":"max-video-preview:-1"},"canonical":"https:\/\/www.ghtiberio.com\/de\/zimmer\/suite-mit-terrasse-oder-balkon\/","og_locale":"de_DE","og_type":"article","og_title":"J. Suite mit Balkon &#8211; Grand Hotel Tiberio","og_description":"Dieses Zimmer verf\u00fcgt \u00fcber einen Balkon oder eine Terrasse, Holzb\u00f6den, ein separates Wohnzimmer und ein ger\u00e4umiges Bad mit ebenerdiger Dusche oder Badewanne. Beide sind ca","og_url":"https:\/\/www.ghtiberio.com\/de\/zimmer\/suite-mit-terrasse-oder-balkon\/","og_site_name":"Grand Hotel Tiberio","article_modified_time":"2025-07-08T14:26:23+00:00","twitter_card":"summary_large_image","twitter_misc":{"Gesch\u00e4tzte Lesezeit":"1 Minute"},"schema":{"@context":"https:\/\/schema.org","@graph":[{"@type":"WebPage","@id":"https:\/\/www.ghtiberio.com\/de\/zimmer\/suite-mit-terrasse-oder-balkon\/","url":"https:\/\/www.ghtiberio.com\/de\/zimmer\/suite-mit-terrasse-oder-balkon\/","name":"J. Suite mit Balkon &#8211; Grand Hotel Tiberio","isPartOf":{"@id":"https:\/\/www.ghtiberio.com\/de\/#website"},"datePublished":"2021-10-04T11:16:22+00:00","dateModified":"2025-07-08T14:26:23+00:00","description":"Dieses Zimmer verf\u00fcgt \u00fcber einen Balkon oder eine Terrasse, Holzb\u00f6den, ein separates Wohnzimmer und ein ger\u00e4umiges Bad mit ebenerdiger Dusche oder Badewanne. Beide sind ca","breadcrumb":{"@id":"https:\/\/www.ghtiberio.com\/de\/zimmer\/suite-mit-terrasse-oder-balkon\/#breadcrumb"},"inLanguage":"de-DE","potentialAction":[{"@type":"ReadAction","target":["https:\/\/www.ghtiberio.com\/de\/zimmer\/suite-mit-terrasse-oder-balkon\/"]}]},{"@type":"BreadcrumbList","@id":"https:\/\/www.ghtiberio.com\/de\/zimmer\/suite-mit-terrasse-oder-balkon\/#breadcrumb","itemListElement":[{"@type":"ListItem","position":1,"name":"Home","item":"https:\/\/www.ghtiberio.com\/de\/"},{"@type":"ListItem","position":2,"name":"Zimmer","item":"https:\/\/www.ghtiberio.com\/de\/zimmer\/"},{"@type":"ListItem","position":3,"name":"J. Suite mit Balkon"}]},{"@type":"WebSite","@id":"https:\/\/www.ghtiberio.com\/de\/#website","url":"https:\/\/www.ghtiberio.com\/de\/","name":"Grand Hotel Tiberio","description":"Just another ms.decms.eu site","potentialAction":[{"@type":"SearchAction","target":{"@type":"EntryPoint","urlTemplate":"https:\/\/www.ghtiberio.com\/de\/?s={search_term_string}"},"query-input":{"@type":"PropertyValueSpecification","valueRequired":true,"valueName":"search_term_string"}}],"inLanguage":"de-DE"}]}},"acf":[],"_links":{"self":[{"href":"https:\/\/www.ghtiberio.com\/de\/wp-json\/wp\/v2\/pages\/190","targetHints":{"allow":["GET"]}}],"collection":[{"href":"https:\/\/www.ghtiberio.com\/de\/wp-json\/wp\/v2\/pages"}],"about":[{"href":"https:\/\/www.ghtiberio.com\/de\/wp-json\/wp\/v2\/types\/page"}],"author":[{"embeddable":true,"href":"https:\/\/www.ghtiberio.com\/de\/wp-json\/wp\/v2\/users\/7"}],"replies":[{"embeddable":true,"href":"https:\/\/www.ghtiberio.com\/de\/wp-json\/wp\/v2\/comments?post=190"}],"version-history":[{"count":0,"href":"https:\/\/www.ghtiberio.com\/de\/wp-json\/wp\/v2\/pages\/190\/revisions"}],"up":[{"embeddable":true,"href":"https:\/\/www.ghtiberio.com\/de\/wp-json\/wp\/v2\/pages\/121"}],"wp:attachment":[{"href":"https:\/\/www.ghtiberio.com\/de\/wp-json\/wp\/v2\/media?parent=190"}],"curies":[{"name":"wp","href":"https:\/\/api.w.org\/{rel}","templated":true}]}}