{"id":300,"date":"2021-10-04T19:49:19","date_gmt":"2021-10-04T19:49:19","guid":{"rendered":"https:\/\/grand-hotel-tiberio.ms.decms.eu\/?page_id=300"},"modified":"2021-10-27T09:38:02","modified_gmt":"2021-10-27T09:38:02","slug":"ausfluege","status":"publish","type":"page","link":"https:\/\/www.ghtiberio.com\/de\/ausfluege\/","title":{"rendered":"Ausfl\u00fcge"},"content":{"rendered":"<p>Ausfl\u00fcge und F\u00fchrungen in <strong>Rom, Florenz, Neapel, Sorrent, Capri und Pompeji<\/strong> sowie zu den bedeutendsten Monumenten und Sehensw\u00fcrdigkeiten von kulturellem und historischem Interesse, im Reisebus und in Begleitung von \u00f6rtlich autorisierten F\u00fchrern, inklusive Eintritte. Kostenloser Transfer vom Hotel und zur\u00fcck.<\/p>\n<p>F\u00fcr Kosten und detaillierte Informationen senden Sie eine E-Mail an info@ghtiberio.com<\/p>\n","protected":false},"excerpt":{"rendered":"<p>Ausfl\u00fcge und F\u00fchrungen in Rom, Florenz, Neapel, Sorrent, Capri und Pompeji sowie zu den bedeutendsten Monumenten und Sehensw\u00fcrdigkeiten von kulturellem und historischem Interesse, im Reisebus und in Begleitung von \u00f6rtlich autorisierten F\u00fchrern, inklusive Eintritte. Kostenloser Transfer vom Hotel und zur\u00fcck. F\u00fcr Kosten und detaillierte Informationen senden Sie eine E-Mail an info@ghtiberio.com<\/p>\n","protected":false},"author":7,"featured_media":0,"parent":0,"menu_order":11,"comment_status":"closed","ping_status":"closed","template":"","meta":{"footnotes":""},"class_list":["post-300","page","type-page","status-publish","hentry"],"yoast_head":"<!-- This site is optimized with the Yoast SEO plugin v26.9 - https:\/\/yoast.com\/product\/yoast-seo-wordpress\/ -->\n<title>Ausfl\u00fcge &#8211; Grand Hotel Tiberio<\/title>\n<meta name=\"description\" content=\"Ausfl\u00fcge und F\u00fchrungen in Rom, Florenz, Neapel, Sorrent, Capri und Pompeji sowie zu den bedeutendsten Monumenten und Sehensw\u00fcrdigkeiten von kulturellem und historischem Interesse, im Reisebus und in Begleitung von \u00f6rtlich autorisierten F\u00fchrern, inklusive Eintritte. Kostenloser Transfer vom Hotel und zur\u00fcck.  F\u00fcr Kosten und detaillierte Informationen senden Sie eine E-Mail an info@ghtiberio.com\" \/>\n<meta name=\"robots\" content=\"index, follow, max-snippet:-1, max-image-preview:large, max-video-preview:-1\" \/>\n<link rel=\"canonical\" href=\"https:\/\/www.ghtiberio.com\/de\/ausfluege\/\" \/>\n<meta property=\"og:locale\" content=\"de_DE\" \/>\n<meta property=\"og:type\" content=\"article\" \/>\n<meta property=\"og:title\" content=\"Ausfl\u00fcge &#8211; Grand Hotel Tiberio\" \/>\n<meta property=\"og:description\" content=\"Ausfl\u00fcge und F\u00fchrungen in Rom, Florenz, Neapel, Sorrent, Capri und Pompeji sowie zu den bedeutendsten Monumenten und Sehensw\u00fcrdigkeiten von kulturellem und historischem Interesse, im Reisebus und in Begleitung von \u00f6rtlich autorisierten F\u00fchrern, inklusive Eintritte. Kostenloser Transfer vom Hotel und zur\u00fcck.  F\u00fcr Kosten und detaillierte Informationen senden Sie eine E-Mail an info@ghtiberio.com\" \/>\n<meta property=\"og:url\" content=\"https:\/\/www.ghtiberio.com\/de\/ausfluege\/\" \/>\n<meta property=\"og:site_name\" content=\"Grand Hotel Tiberio\" \/>\n<meta property=\"article:modified_time\" content=\"2021-10-27T09:38:02+00:00\" \/>\n<meta name=\"twitter:card\" content=\"summary_large_image\" \/>\n<meta name=\"twitter:label1\" content=\"Gesch\u00e4tzte Lesezeit\" \/>\n\t<meta name=\"twitter:data1\" content=\"1 Minute\" \/>\n<script type=\"application\/ld+json\" class=\"yoast-schema-graph\">{\"@context\":\"https:\/\/schema.org\",\"@graph\":[{\"@type\":\"WebPage\",\"@id\":\"https:\/\/www.ghtiberio.com\/de\/ausfluege\/\",\"url\":\"https:\/\/www.ghtiberio.com\/de\/ausfluege\/\",\"name\":\"Ausfl\u00fcge &#8211; Grand Hotel Tiberio\",\"isPartOf\":{\"@id\":\"https:\/\/www.ghtiberio.com\/de\/#website\"},\"datePublished\":\"2021-10-04T19:49:19+00:00\",\"dateModified\":\"2021-10-27T09:38:02+00:00\",\"description\":\"Ausfl\u00fcge und F\u00fchrungen in Rom, Florenz, Neapel, Sorrent, Capri und Pompeji sowie zu den bedeutendsten Monumenten und Sehensw\u00fcrdigkeiten von kulturellem und historischem Interesse, im Reisebus und in Begleitung von \u00f6rtlich autorisierten F\u00fchrern, inklusive Eintritte. Kostenloser Transfer vom Hotel und zur\u00fcck. F\u00fcr Kosten und detaillierte Informationen senden Sie eine E-Mail an info@ghtiberio.com\",\"breadcrumb\":{\"@id\":\"https:\/\/www.ghtiberio.com\/de\/ausfluege\/#breadcrumb\"},\"inLanguage\":\"de-DE\",\"potentialAction\":[{\"@type\":\"ReadAction\",\"target\":[\"https:\/\/www.ghtiberio.com\/de\/ausfluege\/\"]}]},{\"@type\":\"BreadcrumbList\",\"@id\":\"https:\/\/www.ghtiberio.com\/de\/ausfluege\/#breadcrumb\",\"itemListElement\":[{\"@type\":\"ListItem\",\"position\":1,\"name\":\"Home\",\"item\":\"https:\/\/www.ghtiberio.com\/de\/\"},{\"@type\":\"ListItem\",\"position\":2,\"name\":\"Ausfl\u00fcge\"}]},{\"@type\":\"WebSite\",\"@id\":\"https:\/\/www.ghtiberio.com\/de\/#website\",\"url\":\"https:\/\/www.ghtiberio.com\/de\/\",\"name\":\"Grand Hotel Tiberio\",\"description\":\"Just another ms.decms.eu site\",\"potentialAction\":[{\"@type\":\"SearchAction\",\"target\":{\"@type\":\"EntryPoint\",\"urlTemplate\":\"https:\/\/www.ghtiberio.com\/de\/?s={search_term_string}\"},\"query-input\":{\"@type\":\"PropertyValueSpecification\",\"valueRequired\":true,\"valueName\":\"search_term_string\"}}],\"inLanguage\":\"de-DE\"}]}<\/script>\n<!-- \/ Yoast SEO plugin. -->","yoast_head_json":{"title":"Ausfl\u00fcge &#8211; Grand Hotel Tiberio","description":"Ausfl\u00fcge und F\u00fchrungen in Rom, Florenz, Neapel, Sorrent, Capri und Pompeji sowie zu den bedeutendsten Monumenten und Sehensw\u00fcrdigkeiten von kulturellem und historischem Interesse, im Reisebus und in Begleitung von \u00f6rtlich autorisierten F\u00fchrern, inklusive Eintritte. Kostenloser Transfer vom Hotel und zur\u00fcck.  F\u00fcr Kosten und detaillierte Informationen senden Sie eine E-Mail an info@ghtiberio.com","robots":{"index":"index","follow":"follow","max-snippet":"max-snippet:-1","max-image-preview":"max-image-preview:large","max-video-preview":"max-video-preview:-1"},"canonical":"https:\/\/www.ghtiberio.com\/de\/ausfluege\/","og_locale":"de_DE","og_type":"article","og_title":"Ausfl\u00fcge &#8211; Grand Hotel Tiberio","og_description":"Ausfl\u00fcge und F\u00fchrungen in Rom, Florenz, Neapel, Sorrent, Capri und Pompeji sowie zu den bedeutendsten Monumenten und Sehensw\u00fcrdigkeiten von kulturellem und historischem Interesse, im Reisebus und in Begleitung von \u00f6rtlich autorisierten F\u00fchrern, inklusive Eintritte. Kostenloser Transfer vom Hotel und zur\u00fcck.  F\u00fcr Kosten und detaillierte Informationen senden Sie eine E-Mail an info@ghtiberio.com","og_url":"https:\/\/www.ghtiberio.com\/de\/ausfluege\/","og_site_name":"Grand Hotel Tiberio","article_modified_time":"2021-10-27T09:38:02+00:00","twitter_card":"summary_large_image","twitter_misc":{"Gesch\u00e4tzte Lesezeit":"1 Minute"},"schema":{"@context":"https:\/\/schema.org","@graph":[{"@type":"WebPage","@id":"https:\/\/www.ghtiberio.com\/de\/ausfluege\/","url":"https:\/\/www.ghtiberio.com\/de\/ausfluege\/","name":"Ausfl\u00fcge &#8211; Grand Hotel Tiberio","isPartOf":{"@id":"https:\/\/www.ghtiberio.com\/de\/#website"},"datePublished":"2021-10-04T19:49:19+00:00","dateModified":"2021-10-27T09:38:02+00:00","description":"Ausfl\u00fcge und F\u00fchrungen in Rom, Florenz, Neapel, Sorrent, Capri und Pompeji sowie zu den bedeutendsten Monumenten und Sehensw\u00fcrdigkeiten von kulturellem und historischem Interesse, im Reisebus und in Begleitung von \u00f6rtlich autorisierten F\u00fchrern, inklusive Eintritte. Kostenloser Transfer vom Hotel und zur\u00fcck. F\u00fcr Kosten und detaillierte Informationen senden Sie eine E-Mail an info@ghtiberio.com","breadcrumb":{"@id":"https:\/\/www.ghtiberio.com\/de\/ausfluege\/#breadcrumb"},"inLanguage":"de-DE","potentialAction":[{"@type":"ReadAction","target":["https:\/\/www.ghtiberio.com\/de\/ausfluege\/"]}]},{"@type":"BreadcrumbList","@id":"https:\/\/www.ghtiberio.com\/de\/ausfluege\/#breadcrumb","itemListElement":[{"@type":"ListItem","position":1,"name":"Home","item":"https:\/\/www.ghtiberio.com\/de\/"},{"@type":"ListItem","position":2,"name":"Ausfl\u00fcge"}]},{"@type":"WebSite","@id":"https:\/\/www.ghtiberio.com\/de\/#website","url":"https:\/\/www.ghtiberio.com\/de\/","name":"Grand Hotel Tiberio","description":"Just another ms.decms.eu site","potentialAction":[{"@type":"SearchAction","target":{"@type":"EntryPoint","urlTemplate":"https:\/\/www.ghtiberio.com\/de\/?s={search_term_string}"},"query-input":{"@type":"PropertyValueSpecification","valueRequired":true,"valueName":"search_term_string"}}],"inLanguage":"de-DE"}]}},"acf":[],"_links":{"self":[{"href":"https:\/\/www.ghtiberio.com\/de\/wp-json\/wp\/v2\/pages\/300","targetHints":{"allow":["GET"]}}],"collection":[{"href":"https:\/\/www.ghtiberio.com\/de\/wp-json\/wp\/v2\/pages"}],"about":[{"href":"https:\/\/www.ghtiberio.com\/de\/wp-json\/wp\/v2\/types\/page"}],"author":[{"embeddable":true,"href":"https:\/\/www.ghtiberio.com\/de\/wp-json\/wp\/v2\/users\/7"}],"replies":[{"embeddable":true,"href":"https:\/\/www.ghtiberio.com\/de\/wp-json\/wp\/v2\/comments?post=300"}],"version-history":[{"count":0,"href":"https:\/\/www.ghtiberio.com\/de\/wp-json\/wp\/v2\/pages\/300\/revisions"}],"wp:attachment":[{"href":"https:\/\/www.ghtiberio.com\/de\/wp-json\/wp\/v2\/media?parent=300"}],"curies":[{"name":"wp","href":"https:\/\/api.w.org\/{rel}","templated":true}]}}