{"id":362,"date":"2021-10-05T14:40:32","date_gmt":"2021-10-05T14:40:32","guid":{"rendered":"https:\/\/grand-hotel-tiberio.ms.decms.eu\/?page_id=362"},"modified":"2021-10-05T14:43:20","modified_gmt":"2021-10-05T14:43:20","slug":"tagungssaele","status":"publish","type":"page","link":"https:\/\/www.ghtiberio.com\/de\/tagungssaele\/","title":{"rendered":"Tagungss\u00e4le"},"content":{"rendered":"<p>Das Grand Hotel Tiberio stellt seinen G\u00e4sten 2<strong>\u00a0Tagungss\u00e4le mit allen Einrichtungen zur Verf\u00fcgung.<\/strong><br \/>\n<strong>Die S\u00e4le sind mit allen Grundausr\u00fcstungen<\/strong>, wie Overheadprojektoren und Videoprojektoren ausgestattet.<\/p>\n<p>Auch f\u00fcr Videokonferenzen werden auf Anfrage alle erforderlichen Audio-Video-Ger\u00e4te bereit gestellt. Das Hotelrestaurant \u00fcbernimmt gerne die Vorbereitung der Kaffeepausen und Erfrischungen.<\/p>\n<p style=\"text-align: center;\">Email:\u00a0<a href=\"mailto:info@ghtiberio.com\">info@ghtiberio.com<\/a><br \/>\nTel: \u00a00039 06399629<\/p>\n","protected":false},"excerpt":{"rendered":"<p>Das Grand Hotel Tiberio stellt seinen G\u00e4sten 2\u00a0Tagungss\u00e4le mit allen Einrichtungen zur Verf\u00fcgung. Die S\u00e4le sind mit allen Grundausr\u00fcstungen, wie Overheadprojektoren und Videoprojektoren ausgestattet. Auch f\u00fcr Videokonferenzen werden auf Anfrage alle erforderlichen Audio-Video-Ger\u00e4te bereit gestellt. Das Hotelrestaurant \u00fcbernimmt gerne die Vorbereitung der Kaffeepausen und Erfrischungen. Email:\u00a0info@ghtiberio.com Tel: \u00a00039 06399629<\/p>\n","protected":false},"author":7,"featured_media":0,"parent":0,"menu_order":15,"comment_status":"closed","ping_status":"closed","template":"template-default-2.php","meta":{"footnotes":""},"class_list":["post-362","page","type-page","status-publish","hentry"],"yoast_head":"<!-- This site is optimized with the Yoast SEO plugin v26.9 - https:\/\/yoast.com\/product\/yoast-seo-wordpress\/ -->\n<title>Tagungss\u00e4le &#8211; Grand Hotel Tiberio<\/title>\n<meta name=\"description\" content=\"Das Grand Hotel Tiberio stellt seinen G\u00e4sten 2\u00a0Tagungss\u00e4le mit allen Einrichtungen zur Verf\u00fcgung. Die S\u00e4le sind mit allen Grundausr\u00fcstungen, wie Overheadprojektoren und Videoprojektoren ausgestattet.  Auch f\u00fcr Videokonferenzen werden auf Anfrage alle erforderlichen Audio-Video-Ger\u00e4te bereit gestellt. Das Hotelrestaurant \u00fcbernimmt gerne die Vorbereitung der Kaffeepausen und Erfrischungen. Email:\u00a0info@ghtiberio.com Tel: \u00a00039 06399629\" \/>\n<meta name=\"robots\" content=\"index, follow, max-snippet:-1, max-image-preview:large, max-video-preview:-1\" \/>\n<link rel=\"canonical\" href=\"https:\/\/www.ghtiberio.com\/de\/tagungssaele\/\" \/>\n<meta property=\"og:locale\" content=\"de_DE\" \/>\n<meta property=\"og:type\" content=\"article\" \/>\n<meta property=\"og:title\" content=\"Tagungss\u00e4le &#8211; Grand Hotel Tiberio\" \/>\n<meta property=\"og:description\" content=\"Das Grand Hotel Tiberio stellt seinen G\u00e4sten 2\u00a0Tagungss\u00e4le mit allen Einrichtungen zur Verf\u00fcgung. Die S\u00e4le sind mit allen Grundausr\u00fcstungen, wie Overheadprojektoren und Videoprojektoren ausgestattet.  Auch f\u00fcr Videokonferenzen werden auf Anfrage alle erforderlichen Audio-Video-Ger\u00e4te bereit gestellt. Das Hotelrestaurant \u00fcbernimmt gerne die Vorbereitung der Kaffeepausen und Erfrischungen. Email:\u00a0info@ghtiberio.com Tel: \u00a00039 06399629\" \/>\n<meta property=\"og:url\" content=\"https:\/\/www.ghtiberio.com\/de\/tagungssaele\/\" \/>\n<meta property=\"og:site_name\" content=\"Grand Hotel Tiberio\" \/>\n<meta property=\"article:modified_time\" content=\"2021-10-05T14:43:20+00:00\" \/>\n<meta name=\"twitter:card\" content=\"summary_large_image\" \/>\n<meta name=\"twitter:label1\" content=\"Gesch\u00e4tzte Lesezeit\" \/>\n\t<meta name=\"twitter:data1\" content=\"1 Minute\" \/>\n<script type=\"application\/ld+json\" class=\"yoast-schema-graph\">{\"@context\":\"https:\/\/schema.org\",\"@graph\":[{\"@type\":\"WebPage\",\"@id\":\"https:\/\/www.ghtiberio.com\/de\/tagungssaele\/\",\"url\":\"https:\/\/www.ghtiberio.com\/de\/tagungssaele\/\",\"name\":\"Tagungss\u00e4le &#8211; Grand Hotel Tiberio\",\"isPartOf\":{\"@id\":\"https:\/\/www.ghtiberio.com\/de\/#website\"},\"datePublished\":\"2021-10-05T14:40:32+00:00\",\"dateModified\":\"2021-10-05T14:43:20+00:00\",\"description\":\"Das Grand Hotel Tiberio stellt seinen G\u00e4sten 2\u00a0Tagungss\u00e4le mit allen Einrichtungen zur Verf\u00fcgung. Die S\u00e4le sind mit allen Grundausr\u00fcstungen, wie Overheadprojektoren und Videoprojektoren ausgestattet. Auch f\u00fcr Videokonferenzen werden auf Anfrage alle erforderlichen Audio-Video-Ger\u00e4te bereit gestellt. Das Hotelrestaurant \u00fcbernimmt gerne die Vorbereitung der Kaffeepausen und Erfrischungen. Email:\u00a0info@ghtiberio.com Tel: \u00a00039 06399629\",\"breadcrumb\":{\"@id\":\"https:\/\/www.ghtiberio.com\/de\/tagungssaele\/#breadcrumb\"},\"inLanguage\":\"de-DE\",\"potentialAction\":[{\"@type\":\"ReadAction\",\"target\":[\"https:\/\/www.ghtiberio.com\/de\/tagungssaele\/\"]}]},{\"@type\":\"BreadcrumbList\",\"@id\":\"https:\/\/www.ghtiberio.com\/de\/tagungssaele\/#breadcrumb\",\"itemListElement\":[{\"@type\":\"ListItem\",\"position\":1,\"name\":\"Home\",\"item\":\"https:\/\/www.ghtiberio.com\/de\/\"},{\"@type\":\"ListItem\",\"position\":2,\"name\":\"Tagungss\u00e4le\"}]},{\"@type\":\"WebSite\",\"@id\":\"https:\/\/www.ghtiberio.com\/de\/#website\",\"url\":\"https:\/\/www.ghtiberio.com\/de\/\",\"name\":\"Grand Hotel Tiberio\",\"description\":\"Just another ms.decms.eu site\",\"potentialAction\":[{\"@type\":\"SearchAction\",\"target\":{\"@type\":\"EntryPoint\",\"urlTemplate\":\"https:\/\/www.ghtiberio.com\/de\/?s={search_term_string}\"},\"query-input\":{\"@type\":\"PropertyValueSpecification\",\"valueRequired\":true,\"valueName\":\"search_term_string\"}}],\"inLanguage\":\"de-DE\"}]}<\/script>\n<!-- \/ Yoast SEO plugin. -->","yoast_head_json":{"title":"Tagungss\u00e4le &#8211; Grand Hotel Tiberio","description":"Das Grand Hotel Tiberio stellt seinen G\u00e4sten 2\u00a0Tagungss\u00e4le mit allen Einrichtungen zur Verf\u00fcgung. Die S\u00e4le sind mit allen Grundausr\u00fcstungen, wie Overheadprojektoren und Videoprojektoren ausgestattet.  Auch f\u00fcr Videokonferenzen werden auf Anfrage alle erforderlichen Audio-Video-Ger\u00e4te bereit gestellt. Das Hotelrestaurant \u00fcbernimmt gerne die Vorbereitung der Kaffeepausen und Erfrischungen. Email:\u00a0info@ghtiberio.com Tel: \u00a00039 06399629","robots":{"index":"index","follow":"follow","max-snippet":"max-snippet:-1","max-image-preview":"max-image-preview:large","max-video-preview":"max-video-preview:-1"},"canonical":"https:\/\/www.ghtiberio.com\/de\/tagungssaele\/","og_locale":"de_DE","og_type":"article","og_title":"Tagungss\u00e4le &#8211; Grand Hotel Tiberio","og_description":"Das Grand Hotel Tiberio stellt seinen G\u00e4sten 2\u00a0Tagungss\u00e4le mit allen Einrichtungen zur Verf\u00fcgung. Die S\u00e4le sind mit allen Grundausr\u00fcstungen, wie Overheadprojektoren und Videoprojektoren ausgestattet.  Auch f\u00fcr Videokonferenzen werden auf Anfrage alle erforderlichen Audio-Video-Ger\u00e4te bereit gestellt. Das Hotelrestaurant \u00fcbernimmt gerne die Vorbereitung der Kaffeepausen und Erfrischungen. Email:\u00a0info@ghtiberio.com Tel: \u00a00039 06399629","og_url":"https:\/\/www.ghtiberio.com\/de\/tagungssaele\/","og_site_name":"Grand Hotel Tiberio","article_modified_time":"2021-10-05T14:43:20+00:00","twitter_card":"summary_large_image","twitter_misc":{"Gesch\u00e4tzte Lesezeit":"1 Minute"},"schema":{"@context":"https:\/\/schema.org","@graph":[{"@type":"WebPage","@id":"https:\/\/www.ghtiberio.com\/de\/tagungssaele\/","url":"https:\/\/www.ghtiberio.com\/de\/tagungssaele\/","name":"Tagungss\u00e4le &#8211; Grand Hotel Tiberio","isPartOf":{"@id":"https:\/\/www.ghtiberio.com\/de\/#website"},"datePublished":"2021-10-05T14:40:32+00:00","dateModified":"2021-10-05T14:43:20+00:00","description":"Das Grand Hotel Tiberio stellt seinen G\u00e4sten 2\u00a0Tagungss\u00e4le mit allen Einrichtungen zur Verf\u00fcgung. Die S\u00e4le sind mit allen Grundausr\u00fcstungen, wie Overheadprojektoren und Videoprojektoren ausgestattet. Auch f\u00fcr Videokonferenzen werden auf Anfrage alle erforderlichen Audio-Video-Ger\u00e4te bereit gestellt. Das Hotelrestaurant \u00fcbernimmt gerne die Vorbereitung der Kaffeepausen und Erfrischungen. Email:\u00a0info@ghtiberio.com Tel: \u00a00039 06399629","breadcrumb":{"@id":"https:\/\/www.ghtiberio.com\/de\/tagungssaele\/#breadcrumb"},"inLanguage":"de-DE","potentialAction":[{"@type":"ReadAction","target":["https:\/\/www.ghtiberio.com\/de\/tagungssaele\/"]}]},{"@type":"BreadcrumbList","@id":"https:\/\/www.ghtiberio.com\/de\/tagungssaele\/#breadcrumb","itemListElement":[{"@type":"ListItem","position":1,"name":"Home","item":"https:\/\/www.ghtiberio.com\/de\/"},{"@type":"ListItem","position":2,"name":"Tagungss\u00e4le"}]},{"@type":"WebSite","@id":"https:\/\/www.ghtiberio.com\/de\/#website","url":"https:\/\/www.ghtiberio.com\/de\/","name":"Grand Hotel Tiberio","description":"Just another ms.decms.eu site","potentialAction":[{"@type":"SearchAction","target":{"@type":"EntryPoint","urlTemplate":"https:\/\/www.ghtiberio.com\/de\/?s={search_term_string}"},"query-input":{"@type":"PropertyValueSpecification","valueRequired":true,"valueName":"search_term_string"}}],"inLanguage":"de-DE"}]}},"acf":[],"_links":{"self":[{"href":"https:\/\/www.ghtiberio.com\/de\/wp-json\/wp\/v2\/pages\/362","targetHints":{"allow":["GET"]}}],"collection":[{"href":"https:\/\/www.ghtiberio.com\/de\/wp-json\/wp\/v2\/pages"}],"about":[{"href":"https:\/\/www.ghtiberio.com\/de\/wp-json\/wp\/v2\/types\/page"}],"author":[{"embeddable":true,"href":"https:\/\/www.ghtiberio.com\/de\/wp-json\/wp\/v2\/users\/7"}],"replies":[{"embeddable":true,"href":"https:\/\/www.ghtiberio.com\/de\/wp-json\/wp\/v2\/comments?post=362"}],"version-history":[{"count":0,"href":"https:\/\/www.ghtiberio.com\/de\/wp-json\/wp\/v2\/pages\/362\/revisions"}],"wp:attachment":[{"href":"https:\/\/www.ghtiberio.com\/de\/wp-json\/wp\/v2\/media?parent=362"}],"curies":[{"name":"wp","href":"https:\/\/api.w.org\/{rel}","templated":true}]}}