{"id":4,"date":"2021-09-30T14:20:00","date_gmt":"2021-09-30T14:20:00","guid":{"rendered":"https:\/\/grand-hotel-tiberio.ms.decms.eu\/?page_id=4"},"modified":"2025-07-09T14:20:10","modified_gmt":"2025-07-09T14:20:10","slug":"grand-hotel-tiberio","status":"publish","type":"page","link":"https:\/\/www.ghtiberio.com\/de\/","title":{"rendered":"Grand Hotel Tiberio"},"content":{"rendered":"<p><strong>Das Grand Hotel Tiberio<\/strong>\u00a0ist ein neues, modernes, geschmackvoll und elegant ausgestattetes 4-Sterne-Hotel in einer ruhigen Wohngegend, nur 1,5 km, etwa 20 Minuten von der\u00a0<strong>Vatikanstadt<\/strong>, wo sich die\u00a0<strong>Vatikanischen Museen<\/strong>\u00a0und der Petersdom befinden, und dem\u00a0<strong>Rome Cavalieri \u2013 The Waldorf Astoria Collection<\/strong>\u00a0-, dem bedeutendsten Kongresszentrum von Rom, entfernt.<br \/>\nDie bedeutendsten Sehensw\u00fcrdigkeiten von Rom sind mit den \u00f6ffentlichen Verkehrsmitteln (U-Bahn, Bus, Zug FM3) einfach und bequem zu erreichen.<\/p>\n<p><strong>Die 85, modernen und zweckm\u00e4\u00dfig eingerichteten Zimmer<\/strong>\u00a0des Grand Hotel Tiberio garantieren den h\u00f6chsten Komfort sowohl f\u00fcr Urlaubsaufenthalte als auch f\u00fcr Gesch\u00e4ftsreisen.<\/p>\n","protected":false},"excerpt":{"rendered":"<p>Das Grand Hotel Tiberio\u00a0ist ein neues, modernes, geschmackvoll und elegant ausgestattetes 4-Sterne-Hotel in einer ruhigen Wohngegend, nur 1,5 km, etwa 20 Minuten von der\u00a0Vatikanstadt, wo sich die\u00a0Vatikanischen Museen\u00a0und der Petersdom befinden, und dem\u00a0Rome Cavalieri \u2013 The Waldorf Astoria Collection\u00a0-, dem bedeutendsten Kongresszentrum von Rom, entfernt. Die bedeutendsten Sehensw\u00fcrdigkeiten von Rom sind mit den \u00f6ffentlichen Verkehrsmitteln [&hellip;]<\/p>\n","protected":false},"author":7,"featured_media":0,"parent":0,"menu_order":0,"comment_status":"closed","ping_status":"closed","template":"","meta":{"footnotes":""},"class_list":["post-4","page","type-page","status-publish","hentry"],"yoast_head":"<!-- This site is optimized with the Yoast SEO plugin v26.9 - https:\/\/yoast.com\/product\/yoast-seo-wordpress\/ -->\n<title>Grand Hotel Tiberio &#8211; Grand Hotel Tiberio<\/title>\n<meta name=\"description\" content=\"Das Grand Hotel Tiberio\u00a0ist ein neues, modernes, geschmackvoll und elegant ausgestattetes 4-Sterne-Hotel in einer ruhigen Wohngegend, nur 1,5 km, etwa 20 Minuten von der\u00a0Vatikanstadt, wo sich die\u00a0Vatikanischen Museen\u00a0und der Petersdom befinden, und dem\u00a0Rome Cavalieri \u2013 The Waldorf Astoria Collection\u00a0-, dem bedeutendsten Kongresszentrum von Rom, entfernt. Die bedeutendsten Sehensw\u00fcrdigkeiten von Rom sind mit den \u00f6ffentlichen Verkehrsmitteln (U-Bahn, Bus, Zug FM3) einfach und bequem zu erreichen.  Die 85, modernen und zweckm\u00e4\u00dfig eingerichteten Zimmer\u00a0des Grand Hotel Tiberio garantieren den h\u00f6chsten Komfort sowohl f\u00fcr Urlaubsaufenthalte als auch f\u00fcr Gesch\u00e4ftsreisen..\" \/>\n<meta name=\"robots\" content=\"index, follow, max-snippet:-1, max-image-preview:large, max-video-preview:-1\" \/>\n<link rel=\"canonical\" href=\"https:\/\/www.ghtiberio.com\/de\/\" \/>\n<meta property=\"og:locale\" content=\"de_DE\" \/>\n<meta property=\"og:type\" content=\"article\" \/>\n<meta property=\"og:title\" content=\"Grand Hotel Tiberio &#8211; Grand Hotel Tiberio\" \/>\n<meta property=\"og:description\" content=\"Das Grand Hotel Tiberio\u00a0ist ein neues, modernes, geschmackvoll und elegant ausgestattetes 4-Sterne-Hotel in einer ruhigen Wohngegend, nur 1,5 km, etwa 20 Minuten von der\u00a0Vatikanstadt, wo sich die\u00a0Vatikanischen Museen\u00a0und der Petersdom befinden, und dem\u00a0Rome Cavalieri \u2013 The Waldorf Astoria Collection\u00a0-, dem bedeutendsten Kongresszentrum von Rom, entfernt. Die bedeutendsten Sehensw\u00fcrdigkeiten von Rom sind mit den \u00f6ffentlichen Verkehrsmitteln (U-Bahn, Bus, Zug FM3) einfach und bequem zu erreichen.  Die 85, modernen und zweckm\u00e4\u00dfig eingerichteten Zimmer\u00a0des Grand Hotel Tiberio garantieren den h\u00f6chsten Komfort sowohl f\u00fcr Urlaubsaufenthalte als auch f\u00fcr Gesch\u00e4ftsreisen..\" \/>\n<meta property=\"og:url\" content=\"https:\/\/www.ghtiberio.com\/de\/\" \/>\n<meta property=\"og:site_name\" content=\"Grand Hotel Tiberio\" \/>\n<meta property=\"article:modified_time\" content=\"2025-07-09T14:20:10+00:00\" \/>\n<meta name=\"twitter:card\" content=\"summary_large_image\" \/>\n<meta name=\"twitter:label1\" content=\"Gesch\u00e4tzte Lesezeit\" \/>\n\t<meta name=\"twitter:data1\" content=\"1 Minute\" \/>\n<script type=\"application\/ld+json\" class=\"yoast-schema-graph\">{\"@context\":\"https:\/\/schema.org\",\"@graph\":[{\"@type\":\"WebPage\",\"@id\":\"https:\/\/www.ghtiberio.com\/de\/\",\"url\":\"https:\/\/www.ghtiberio.com\/de\/\",\"name\":\"Grand Hotel Tiberio &#8211; Grand Hotel Tiberio\",\"isPartOf\":{\"@id\":\"https:\/\/www.ghtiberio.com\/de\/#website\"},\"datePublished\":\"2021-09-30T14:20:00+00:00\",\"dateModified\":\"2025-07-09T14:20:10+00:00\",\"description\":\"Das Grand Hotel Tiberio\u00a0ist ein neues, modernes, geschmackvoll und elegant ausgestattetes 4-Sterne-Hotel in einer ruhigen Wohngegend, nur 1,5 km, etwa 20 Minuten von der\u00a0Vatikanstadt, wo sich die\u00a0Vatikanischen Museen\u00a0und der Petersdom befinden, und dem\u00a0Rome Cavalieri \u2013 The Waldorf Astoria Collection\u00a0-, dem bedeutendsten Kongresszentrum von Rom, entfernt. Die bedeutendsten Sehensw\u00fcrdigkeiten von Rom sind mit den \u00f6ffentlichen Verkehrsmitteln (U-Bahn, Bus, Zug FM3) einfach und bequem zu erreichen. Die 85, modernen und zweckm\u00e4\u00dfig eingerichteten Zimmer\u00a0des Grand Hotel Tiberio garantieren den h\u00f6chsten Komfort sowohl f\u00fcr Urlaubsaufenthalte als auch f\u00fcr Gesch\u00e4ftsreisen..\",\"breadcrumb\":{\"@id\":\"https:\/\/www.ghtiberio.com\/de\/#breadcrumb\"},\"inLanguage\":\"de-DE\",\"potentialAction\":[{\"@type\":\"ReadAction\",\"target\":[\"https:\/\/www.ghtiberio.com\/de\/\"]}]},{\"@type\":\"BreadcrumbList\",\"@id\":\"https:\/\/www.ghtiberio.com\/de\/#breadcrumb\",\"itemListElement\":[{\"@type\":\"ListItem\",\"position\":1,\"name\":\"Home\",\"item\":\"https:\/\/www.ghtiberio.com\/de\/\"},{\"@type\":\"ListItem\",\"position\":2,\"name\":\"Grand Hotel Tiberio\"}]},{\"@type\":\"WebSite\",\"@id\":\"https:\/\/www.ghtiberio.com\/de\/#website\",\"url\":\"https:\/\/www.ghtiberio.com\/de\/\",\"name\":\"Grand Hotel Tiberio\",\"description\":\"Just another ms.decms.eu site\",\"potentialAction\":[{\"@type\":\"SearchAction\",\"target\":{\"@type\":\"EntryPoint\",\"urlTemplate\":\"https:\/\/www.ghtiberio.com\/de\/?s={search_term_string}\"},\"query-input\":{\"@type\":\"PropertyValueSpecification\",\"valueRequired\":true,\"valueName\":\"search_term_string\"}}],\"inLanguage\":\"de-DE\"}]}<\/script>\n<!-- \/ Yoast SEO plugin. -->","yoast_head_json":{"title":"Grand Hotel Tiberio &#8211; Grand Hotel Tiberio","description":"Das Grand Hotel Tiberio\u00a0ist ein neues, modernes, geschmackvoll und elegant ausgestattetes 4-Sterne-Hotel in einer ruhigen Wohngegend, nur 1,5 km, etwa 20 Minuten von der\u00a0Vatikanstadt, wo sich die\u00a0Vatikanischen Museen\u00a0und der Petersdom befinden, und dem\u00a0Rome Cavalieri \u2013 The Waldorf Astoria Collection\u00a0-, dem bedeutendsten Kongresszentrum von Rom, entfernt. Die bedeutendsten Sehensw\u00fcrdigkeiten von Rom sind mit den \u00f6ffentlichen Verkehrsmitteln (U-Bahn, Bus, Zug FM3) einfach und bequem zu erreichen.  Die 85, modernen und zweckm\u00e4\u00dfig eingerichteten Zimmer\u00a0des Grand Hotel Tiberio garantieren den h\u00f6chsten Komfort sowohl f\u00fcr Urlaubsaufenthalte als auch f\u00fcr Gesch\u00e4ftsreisen..","robots":{"index":"index","follow":"follow","max-snippet":"max-snippet:-1","max-image-preview":"max-image-preview:large","max-video-preview":"max-video-preview:-1"},"canonical":"https:\/\/www.ghtiberio.com\/de\/","og_locale":"de_DE","og_type":"article","og_title":"Grand Hotel Tiberio &#8211; Grand Hotel Tiberio","og_description":"Das Grand Hotel Tiberio\u00a0ist ein neues, modernes, geschmackvoll und elegant ausgestattetes 4-Sterne-Hotel in einer ruhigen Wohngegend, nur 1,5 km, etwa 20 Minuten von der\u00a0Vatikanstadt, wo sich die\u00a0Vatikanischen Museen\u00a0und der Petersdom befinden, und dem\u00a0Rome Cavalieri \u2013 The Waldorf Astoria Collection\u00a0-, dem bedeutendsten Kongresszentrum von Rom, entfernt. Die bedeutendsten Sehensw\u00fcrdigkeiten von Rom sind mit den \u00f6ffentlichen Verkehrsmitteln (U-Bahn, Bus, Zug FM3) einfach und bequem zu erreichen.  Die 85, modernen und zweckm\u00e4\u00dfig eingerichteten Zimmer\u00a0des Grand Hotel Tiberio garantieren den h\u00f6chsten Komfort sowohl f\u00fcr Urlaubsaufenthalte als auch f\u00fcr Gesch\u00e4ftsreisen..","og_url":"https:\/\/www.ghtiberio.com\/de\/","og_site_name":"Grand Hotel Tiberio","article_modified_time":"2025-07-09T14:20:10+00:00","twitter_card":"summary_large_image","twitter_misc":{"Gesch\u00e4tzte Lesezeit":"1 Minute"},"schema":{"@context":"https:\/\/schema.org","@graph":[{"@type":"WebPage","@id":"https:\/\/www.ghtiberio.com\/de\/","url":"https:\/\/www.ghtiberio.com\/de\/","name":"Grand Hotel Tiberio &#8211; Grand Hotel Tiberio","isPartOf":{"@id":"https:\/\/www.ghtiberio.com\/de\/#website"},"datePublished":"2021-09-30T14:20:00+00:00","dateModified":"2025-07-09T14:20:10+00:00","description":"Das Grand Hotel Tiberio\u00a0ist ein neues, modernes, geschmackvoll und elegant ausgestattetes 4-Sterne-Hotel in einer ruhigen Wohngegend, nur 1,5 km, etwa 20 Minuten von der\u00a0Vatikanstadt, wo sich die\u00a0Vatikanischen Museen\u00a0und der Petersdom befinden, und dem\u00a0Rome Cavalieri \u2013 The Waldorf Astoria Collection\u00a0-, dem bedeutendsten Kongresszentrum von Rom, entfernt. Die bedeutendsten Sehensw\u00fcrdigkeiten von Rom sind mit den \u00f6ffentlichen Verkehrsmitteln (U-Bahn, Bus, Zug FM3) einfach und bequem zu erreichen. Die 85, modernen und zweckm\u00e4\u00dfig eingerichteten Zimmer\u00a0des Grand Hotel Tiberio garantieren den h\u00f6chsten Komfort sowohl f\u00fcr Urlaubsaufenthalte als auch f\u00fcr Gesch\u00e4ftsreisen..","breadcrumb":{"@id":"https:\/\/www.ghtiberio.com\/de\/#breadcrumb"},"inLanguage":"de-DE","potentialAction":[{"@type":"ReadAction","target":["https:\/\/www.ghtiberio.com\/de\/"]}]},{"@type":"BreadcrumbList","@id":"https:\/\/www.ghtiberio.com\/de\/#breadcrumb","itemListElement":[{"@type":"ListItem","position":1,"name":"Home","item":"https:\/\/www.ghtiberio.com\/de\/"},{"@type":"ListItem","position":2,"name":"Grand Hotel Tiberio"}]},{"@type":"WebSite","@id":"https:\/\/www.ghtiberio.com\/de\/#website","url":"https:\/\/www.ghtiberio.com\/de\/","name":"Grand Hotel Tiberio","description":"Just another ms.decms.eu site","potentialAction":[{"@type":"SearchAction","target":{"@type":"EntryPoint","urlTemplate":"https:\/\/www.ghtiberio.com\/de\/?s={search_term_string}"},"query-input":{"@type":"PropertyValueSpecification","valueRequired":true,"valueName":"search_term_string"}}],"inLanguage":"de-DE"}]}},"acf":[],"_links":{"self":[{"href":"https:\/\/www.ghtiberio.com\/de\/wp-json\/wp\/v2\/pages\/4","targetHints":{"allow":["GET"]}}],"collection":[{"href":"https:\/\/www.ghtiberio.com\/de\/wp-json\/wp\/v2\/pages"}],"about":[{"href":"https:\/\/www.ghtiberio.com\/de\/wp-json\/wp\/v2\/types\/page"}],"author":[{"embeddable":true,"href":"https:\/\/www.ghtiberio.com\/de\/wp-json\/wp\/v2\/users\/7"}],"replies":[{"embeddable":true,"href":"https:\/\/www.ghtiberio.com\/de\/wp-json\/wp\/v2\/comments?post=4"}],"version-history":[{"count":0,"href":"https:\/\/www.ghtiberio.com\/de\/wp-json\/wp\/v2\/pages\/4\/revisions"}],"wp:attachment":[{"href":"https:\/\/www.ghtiberio.com\/de\/wp-json\/wp\/v2\/media?parent=4"}],"curies":[{"name":"wp","href":"https:\/\/api.w.org\/{rel}","templated":true}]}}