{"id":215,"date":"2021-10-04T12:48:51","date_gmt":"2021-10-04T12:48:51","guid":{"rendered":"https:\/\/grand-hotel-tiberio.ms.decms.eu\/?page_id=215"},"modified":"2025-07-08T14:26:58","modified_gmt":"2025-07-08T14:26:58","slug":"suite-con-terraza-o-balcon","status":"publish","type":"page","link":"https:\/\/www.ghtiberio.com\/es\/habitaciones\/suite-con-terraza-o-balcon\/","title":{"rendered":"J. Suite con Balc\u00f3n"},"content":{"rendered":"<p>Habitaci\u00f3n con balc\u00f3n o terraza, suelo de madera, sala de estar independiente y ba\u00f1o amplio con ducha a ras de suelo o ba\u00f1era. Ambos son de aproximadamente 40 m\u00b2 con parquet.<\/p>\n","protected":false},"excerpt":{"rendered":"<p>Habitaci\u00f3n con balc\u00f3n o terraza, suelo de madera, sala de estar independiente y ba\u00f1o amplio con ducha a ras de suelo o ba\u00f1era. Ambos son de aproximadamente 40 m\u00b2 con parquet.<\/p>\n","protected":false},"author":7,"featured_media":0,"parent":124,"menu_order":5,"comment_status":"closed","ping_status":"closed","template":"template-single-room.php","meta":{"footnotes":""},"class_list":["post-215","page","type-page","status-publish","hentry"],"yoast_head":"<!-- This site is optimized with the Yoast SEO plugin v26.9 - https:\/\/yoast.com\/product\/yoast-seo-wordpress\/ -->\n<title>J. Suite con Balc\u00f3n &#8211; Grand Hotel Tiberio<\/title>\n<meta name=\"description\" content=\"Habitaci\u00f3n con balc\u00f3n o terraza, suelo de madera, sala de estar independiente y ba\u00f1o amplio con ducha a ras de suelo o ba\u00f1era. Ambos son de aproximadamente 40 m\u00b2 con parquet.\" \/>\n<meta name=\"robots\" content=\"index, follow, max-snippet:-1, max-image-preview:large, max-video-preview:-1\" \/>\n<link rel=\"canonical\" href=\"https:\/\/www.ghtiberio.com\/es\/habitaciones\/suite-con-terraza-o-balcon\/\" \/>\n<meta property=\"og:locale\" content=\"es_ES\" \/>\n<meta property=\"og:type\" content=\"article\" \/>\n<meta property=\"og:title\" content=\"J. Suite con Balc\u00f3n &#8211; Grand Hotel Tiberio\" \/>\n<meta property=\"og:description\" content=\"Habitaci\u00f3n con balc\u00f3n o terraza, suelo de madera, sala de estar independiente y ba\u00f1o amplio con ducha a ras de suelo o ba\u00f1era. Ambos son de aproximadamente 40 m\u00b2 con parquet.\" \/>\n<meta property=\"og:url\" content=\"https:\/\/www.ghtiberio.com\/es\/habitaciones\/suite-con-terraza-o-balcon\/\" \/>\n<meta property=\"og:site_name\" content=\"Grand Hotel Tiberio\" \/>\n<meta property=\"article:modified_time\" content=\"2025-07-08T14:26:58+00:00\" \/>\n<meta name=\"twitter:card\" content=\"summary_large_image\" \/>\n<meta name=\"twitter:label1\" content=\"Tiempo de lectura\" \/>\n\t<meta name=\"twitter:data1\" content=\"1 minuto\" \/>\n<script type=\"application\/ld+json\" class=\"yoast-schema-graph\">{\"@context\":\"https:\/\/schema.org\",\"@graph\":[{\"@type\":\"WebPage\",\"@id\":\"https:\/\/www.ghtiberio.com\/es\/habitaciones\/suite-con-terraza-o-balcon\/\",\"url\":\"https:\/\/www.ghtiberio.com\/es\/habitaciones\/suite-con-terraza-o-balcon\/\",\"name\":\"J. Suite con Balc\u00f3n &#8211; Grand Hotel Tiberio\",\"isPartOf\":{\"@id\":\"https:\/\/www.ghtiberio.com\/es\/#website\"},\"datePublished\":\"2021-10-04T12:48:51+00:00\",\"dateModified\":\"2025-07-08T14:26:58+00:00\",\"description\":\"Habitaci\u00f3n con balc\u00f3n o terraza, suelo de madera, sala de estar independiente y ba\u00f1o amplio con ducha a ras de suelo o ba\u00f1era. Ambos son de aproximadamente 40 m\u00b2 con parquet.\",\"breadcrumb\":{\"@id\":\"https:\/\/www.ghtiberio.com\/es\/habitaciones\/suite-con-terraza-o-balcon\/#breadcrumb\"},\"inLanguage\":\"es\",\"potentialAction\":[{\"@type\":\"ReadAction\",\"target\":[\"https:\/\/www.ghtiberio.com\/es\/habitaciones\/suite-con-terraza-o-balcon\/\"]}]},{\"@type\":\"BreadcrumbList\",\"@id\":\"https:\/\/www.ghtiberio.com\/es\/habitaciones\/suite-con-terraza-o-balcon\/#breadcrumb\",\"itemListElement\":[{\"@type\":\"ListItem\",\"position\":1,\"name\":\"Home\",\"item\":\"https:\/\/www.ghtiberio.com\/es\/\"},{\"@type\":\"ListItem\",\"position\":2,\"name\":\"Habitaciones\",\"item\":\"https:\/\/www.ghtiberio.com\/es\/habitaciones\/\"},{\"@type\":\"ListItem\",\"position\":3,\"name\":\"J. Suite con Balc\u00f3n\"}]},{\"@type\":\"WebSite\",\"@id\":\"https:\/\/www.ghtiberio.com\/es\/#website\",\"url\":\"https:\/\/www.ghtiberio.com\/es\/\",\"name\":\"Grand Hotel Tiberio\",\"description\":\"Just another ms.decms.eu site\",\"potentialAction\":[{\"@type\":\"SearchAction\",\"target\":{\"@type\":\"EntryPoint\",\"urlTemplate\":\"https:\/\/www.ghtiberio.com\/es\/?s={search_term_string}\"},\"query-input\":{\"@type\":\"PropertyValueSpecification\",\"valueRequired\":true,\"valueName\":\"search_term_string\"}}],\"inLanguage\":\"es\"}]}<\/script>\n<!-- \/ Yoast SEO plugin. -->","yoast_head_json":{"title":"J. Suite con Balc\u00f3n &#8211; Grand Hotel Tiberio","description":"Habitaci\u00f3n con balc\u00f3n o terraza, suelo de madera, sala de estar independiente y ba\u00f1o amplio con ducha a ras de suelo o ba\u00f1era. Ambos son de aproximadamente 40 m\u00b2 con parquet.","robots":{"index":"index","follow":"follow","max-snippet":"max-snippet:-1","max-image-preview":"max-image-preview:large","max-video-preview":"max-video-preview:-1"},"canonical":"https:\/\/www.ghtiberio.com\/es\/habitaciones\/suite-con-terraza-o-balcon\/","og_locale":"es_ES","og_type":"article","og_title":"J. Suite con Balc\u00f3n &#8211; Grand Hotel Tiberio","og_description":"Habitaci\u00f3n con balc\u00f3n o terraza, suelo de madera, sala de estar independiente y ba\u00f1o amplio con ducha a ras de suelo o ba\u00f1era. Ambos son de aproximadamente 40 m\u00b2 con parquet.","og_url":"https:\/\/www.ghtiberio.com\/es\/habitaciones\/suite-con-terraza-o-balcon\/","og_site_name":"Grand Hotel Tiberio","article_modified_time":"2025-07-08T14:26:58+00:00","twitter_card":"summary_large_image","twitter_misc":{"Tiempo de lectura":"1 minuto"},"schema":{"@context":"https:\/\/schema.org","@graph":[{"@type":"WebPage","@id":"https:\/\/www.ghtiberio.com\/es\/habitaciones\/suite-con-terraza-o-balcon\/","url":"https:\/\/www.ghtiberio.com\/es\/habitaciones\/suite-con-terraza-o-balcon\/","name":"J. Suite con Balc\u00f3n &#8211; Grand Hotel Tiberio","isPartOf":{"@id":"https:\/\/www.ghtiberio.com\/es\/#website"},"datePublished":"2021-10-04T12:48:51+00:00","dateModified":"2025-07-08T14:26:58+00:00","description":"Habitaci\u00f3n con balc\u00f3n o terraza, suelo de madera, sala de estar independiente y ba\u00f1o amplio con ducha a ras de suelo o ba\u00f1era. Ambos son de aproximadamente 40 m\u00b2 con parquet.","breadcrumb":{"@id":"https:\/\/www.ghtiberio.com\/es\/habitaciones\/suite-con-terraza-o-balcon\/#breadcrumb"},"inLanguage":"es","potentialAction":[{"@type":"ReadAction","target":["https:\/\/www.ghtiberio.com\/es\/habitaciones\/suite-con-terraza-o-balcon\/"]}]},{"@type":"BreadcrumbList","@id":"https:\/\/www.ghtiberio.com\/es\/habitaciones\/suite-con-terraza-o-balcon\/#breadcrumb","itemListElement":[{"@type":"ListItem","position":1,"name":"Home","item":"https:\/\/www.ghtiberio.com\/es\/"},{"@type":"ListItem","position":2,"name":"Habitaciones","item":"https:\/\/www.ghtiberio.com\/es\/habitaciones\/"},{"@type":"ListItem","position":3,"name":"J. Suite con Balc\u00f3n"}]},{"@type":"WebSite","@id":"https:\/\/www.ghtiberio.com\/es\/#website","url":"https:\/\/www.ghtiberio.com\/es\/","name":"Grand Hotel Tiberio","description":"Just another ms.decms.eu site","potentialAction":[{"@type":"SearchAction","target":{"@type":"EntryPoint","urlTemplate":"https:\/\/www.ghtiberio.com\/es\/?s={search_term_string}"},"query-input":{"@type":"PropertyValueSpecification","valueRequired":true,"valueName":"search_term_string"}}],"inLanguage":"es"}]}},"acf":[],"_links":{"self":[{"href":"https:\/\/www.ghtiberio.com\/es\/wp-json\/wp\/v2\/pages\/215","targetHints":{"allow":["GET"]}}],"collection":[{"href":"https:\/\/www.ghtiberio.com\/es\/wp-json\/wp\/v2\/pages"}],"about":[{"href":"https:\/\/www.ghtiberio.com\/es\/wp-json\/wp\/v2\/types\/page"}],"author":[{"embeddable":true,"href":"https:\/\/www.ghtiberio.com\/es\/wp-json\/wp\/v2\/users\/7"}],"replies":[{"embeddable":true,"href":"https:\/\/www.ghtiberio.com\/es\/wp-json\/wp\/v2\/comments?post=215"}],"version-history":[{"count":0,"href":"https:\/\/www.ghtiberio.com\/es\/wp-json\/wp\/v2\/pages\/215\/revisions"}],"up":[{"embeddable":true,"href":"https:\/\/www.ghtiberio.com\/es\/wp-json\/wp\/v2\/pages\/124"}],"wp:attachment":[{"href":"https:\/\/www.ghtiberio.com\/es\/wp-json\/wp\/v2\/media?parent=215"}],"curies":[{"name":"wp","href":"https:\/\/api.w.org\/{rel}","templated":true}]}}