{"id":289,"date":"2021-10-04T19:36:58","date_gmt":"2021-10-04T19:36:58","guid":{"rendered":"https:\/\/grand-hotel-tiberio.ms.decms.eu\/?page_id=289"},"modified":"2021-10-04T19:52:47","modified_gmt":"2021-10-04T19:52:47","slug":"lounge-bar-tiberio","status":"publish","type":"page","link":"https:\/\/www.ghtiberio.com\/es\/lounge-bar-tiberio\/","title":{"rendered":"Lounge Bar Tiberio"},"content":{"rendered":"<p>En la planta del vest\u00edbulo est\u00e1 situado nuestro Bar con terraza donde podr\u00e1 concederse un descanso y tomar su Espresso o aperitivo en un ambiente agradable y relajante.<\/p>\n<p><strong>Horario de apertura<\/strong>: 07:00-24:00<\/p>\n","protected":false},"excerpt":{"rendered":"<p>En la planta del vest\u00edbulo est\u00e1 situado nuestro Bar con terraza donde podr\u00e1 concederse un descanso y tomar su Espresso o aperitivo en un ambiente agradable y relajante. Horario de apertura: 07:00-24:00<\/p>\n","protected":false},"author":7,"featured_media":0,"parent":0,"menu_order":12,"comment_status":"closed","ping_status":"closed","template":"","meta":{"footnotes":""},"class_list":["post-289","page","type-page","status-publish","hentry"],"yoast_head":"<!-- This site is optimized with the Yoast SEO plugin v26.9 - https:\/\/yoast.com\/product\/yoast-seo-wordpress\/ -->\n<title>Lounge Bar Tiberio &#8211; Grand Hotel Tiberio<\/title>\n<meta name=\"description\" content=\"En la planta del vest\u00edbulo est\u00e1 situado nuestro Bar con terraza donde podr\u00e1 concederse un descanso y tomar su Espresso o aperitivo en un ambiente agradable y relajante.  Horario de apertura: 07:00-24:00.\" \/>\n<meta name=\"robots\" content=\"index, follow, max-snippet:-1, max-image-preview:large, max-video-preview:-1\" \/>\n<link rel=\"canonical\" href=\"https:\/\/www.ghtiberio.com\/es\/lounge-bar-tiberio\/\" \/>\n<meta property=\"og:locale\" content=\"es_ES\" \/>\n<meta property=\"og:type\" content=\"article\" \/>\n<meta property=\"og:title\" content=\"Lounge Bar Tiberio &#8211; Grand Hotel Tiberio\" \/>\n<meta property=\"og:description\" content=\"En la planta del vest\u00edbulo est\u00e1 situado nuestro Bar con terraza donde podr\u00e1 concederse un descanso y tomar su Espresso o aperitivo en un ambiente agradable y relajante.  Horario de apertura: 07:00-24:00.\" \/>\n<meta property=\"og:url\" content=\"https:\/\/www.ghtiberio.com\/es\/lounge-bar-tiberio\/\" \/>\n<meta property=\"og:site_name\" content=\"Grand Hotel Tiberio\" \/>\n<meta property=\"article:modified_time\" content=\"2021-10-04T19:52:47+00:00\" \/>\n<meta name=\"twitter:card\" content=\"summary_large_image\" \/>\n<meta name=\"twitter:label1\" content=\"Tiempo de lectura\" \/>\n\t<meta name=\"twitter:data1\" content=\"1 minuto\" \/>\n<script type=\"application\/ld+json\" class=\"yoast-schema-graph\">{\"@context\":\"https:\/\/schema.org\",\"@graph\":[{\"@type\":\"WebPage\",\"@id\":\"https:\/\/www.ghtiberio.com\/es\/lounge-bar-tiberio\/\",\"url\":\"https:\/\/www.ghtiberio.com\/es\/lounge-bar-tiberio\/\",\"name\":\"Lounge Bar Tiberio &#8211; Grand Hotel Tiberio\",\"isPartOf\":{\"@id\":\"https:\/\/www.ghtiberio.com\/es\/#website\"},\"datePublished\":\"2021-10-04T19:36:58+00:00\",\"dateModified\":\"2021-10-04T19:52:47+00:00\",\"description\":\"En la planta del vest\u00edbulo est\u00e1 situado nuestro Bar con terraza donde podr\u00e1 concederse un descanso y tomar su Espresso o aperitivo en un ambiente agradable y relajante. Horario de apertura: 07:00-24:00.\",\"breadcrumb\":{\"@id\":\"https:\/\/www.ghtiberio.com\/es\/lounge-bar-tiberio\/#breadcrumb\"},\"inLanguage\":\"es\",\"potentialAction\":[{\"@type\":\"ReadAction\",\"target\":[\"https:\/\/www.ghtiberio.com\/es\/lounge-bar-tiberio\/\"]}]},{\"@type\":\"BreadcrumbList\",\"@id\":\"https:\/\/www.ghtiberio.com\/es\/lounge-bar-tiberio\/#breadcrumb\",\"itemListElement\":[{\"@type\":\"ListItem\",\"position\":1,\"name\":\"Home\",\"item\":\"https:\/\/www.ghtiberio.com\/es\/\"},{\"@type\":\"ListItem\",\"position\":2,\"name\":\"Lounge Bar Tiberio\"}]},{\"@type\":\"WebSite\",\"@id\":\"https:\/\/www.ghtiberio.com\/es\/#website\",\"url\":\"https:\/\/www.ghtiberio.com\/es\/\",\"name\":\"Grand Hotel Tiberio\",\"description\":\"Just another ms.decms.eu site\",\"potentialAction\":[{\"@type\":\"SearchAction\",\"target\":{\"@type\":\"EntryPoint\",\"urlTemplate\":\"https:\/\/www.ghtiberio.com\/es\/?s={search_term_string}\"},\"query-input\":{\"@type\":\"PropertyValueSpecification\",\"valueRequired\":true,\"valueName\":\"search_term_string\"}}],\"inLanguage\":\"es\"}]}<\/script>\n<!-- \/ Yoast SEO plugin. -->","yoast_head_json":{"title":"Lounge Bar Tiberio &#8211; Grand Hotel Tiberio","description":"En la planta del vest\u00edbulo est\u00e1 situado nuestro Bar con terraza donde podr\u00e1 concederse un descanso y tomar su Espresso o aperitivo en un ambiente agradable y relajante.  Horario de apertura: 07:00-24:00.","robots":{"index":"index","follow":"follow","max-snippet":"max-snippet:-1","max-image-preview":"max-image-preview:large","max-video-preview":"max-video-preview:-1"},"canonical":"https:\/\/www.ghtiberio.com\/es\/lounge-bar-tiberio\/","og_locale":"es_ES","og_type":"article","og_title":"Lounge Bar Tiberio &#8211; Grand Hotel Tiberio","og_description":"En la planta del vest\u00edbulo est\u00e1 situado nuestro Bar con terraza donde podr\u00e1 concederse un descanso y tomar su Espresso o aperitivo en un ambiente agradable y relajante.  Horario de apertura: 07:00-24:00.","og_url":"https:\/\/www.ghtiberio.com\/es\/lounge-bar-tiberio\/","og_site_name":"Grand Hotel Tiberio","article_modified_time":"2021-10-04T19:52:47+00:00","twitter_card":"summary_large_image","twitter_misc":{"Tiempo de lectura":"1 minuto"},"schema":{"@context":"https:\/\/schema.org","@graph":[{"@type":"WebPage","@id":"https:\/\/www.ghtiberio.com\/es\/lounge-bar-tiberio\/","url":"https:\/\/www.ghtiberio.com\/es\/lounge-bar-tiberio\/","name":"Lounge Bar Tiberio &#8211; Grand Hotel Tiberio","isPartOf":{"@id":"https:\/\/www.ghtiberio.com\/es\/#website"},"datePublished":"2021-10-04T19:36:58+00:00","dateModified":"2021-10-04T19:52:47+00:00","description":"En la planta del vest\u00edbulo est\u00e1 situado nuestro Bar con terraza donde podr\u00e1 concederse un descanso y tomar su Espresso o aperitivo en un ambiente agradable y relajante. Horario de apertura: 07:00-24:00.","breadcrumb":{"@id":"https:\/\/www.ghtiberio.com\/es\/lounge-bar-tiberio\/#breadcrumb"},"inLanguage":"es","potentialAction":[{"@type":"ReadAction","target":["https:\/\/www.ghtiberio.com\/es\/lounge-bar-tiberio\/"]}]},{"@type":"BreadcrumbList","@id":"https:\/\/www.ghtiberio.com\/es\/lounge-bar-tiberio\/#breadcrumb","itemListElement":[{"@type":"ListItem","position":1,"name":"Home","item":"https:\/\/www.ghtiberio.com\/es\/"},{"@type":"ListItem","position":2,"name":"Lounge Bar Tiberio"}]},{"@type":"WebSite","@id":"https:\/\/www.ghtiberio.com\/es\/#website","url":"https:\/\/www.ghtiberio.com\/es\/","name":"Grand Hotel Tiberio","description":"Just another ms.decms.eu site","potentialAction":[{"@type":"SearchAction","target":{"@type":"EntryPoint","urlTemplate":"https:\/\/www.ghtiberio.com\/es\/?s={search_term_string}"},"query-input":{"@type":"PropertyValueSpecification","valueRequired":true,"valueName":"search_term_string"}}],"inLanguage":"es"}]}},"acf":[],"_links":{"self":[{"href":"https:\/\/www.ghtiberio.com\/es\/wp-json\/wp\/v2\/pages\/289","targetHints":{"allow":["GET"]}}],"collection":[{"href":"https:\/\/www.ghtiberio.com\/es\/wp-json\/wp\/v2\/pages"}],"about":[{"href":"https:\/\/www.ghtiberio.com\/es\/wp-json\/wp\/v2\/types\/page"}],"author":[{"embeddable":true,"href":"https:\/\/www.ghtiberio.com\/es\/wp-json\/wp\/v2\/users\/7"}],"replies":[{"embeddable":true,"href":"https:\/\/www.ghtiberio.com\/es\/wp-json\/wp\/v2\/comments?post=289"}],"version-history":[{"count":0,"href":"https:\/\/www.ghtiberio.com\/es\/wp-json\/wp\/v2\/pages\/289\/revisions"}],"wp:attachment":[{"href":"https:\/\/www.ghtiberio.com\/es\/wp-json\/wp\/v2\/media?parent=289"}],"curies":[{"name":"wp","href":"https:\/\/api.w.org\/{rel}","templated":true}]}}