{"id":366,"date":"2021-10-05T15:21:40","date_gmt":"2021-10-05T15:21:40","guid":{"rendered":"https:\/\/grand-hotel-tiberio.ms.decms.eu\/?page_id=366"},"modified":"2021-10-05T15:23:41","modified_gmt":"2021-10-05T15:23:41","slug":"salas-de-reuniones","status":"publish","type":"page","link":"https:\/\/www.ghtiberio.com\/es\/salas-de-reuniones\/","title":{"rendered":"Salas de Reuniones"},"content":{"rendered":"<p>El Grand Hotel Tiberio pone a disposici\u00f3n de sus hu\u00e9spedes 2<strong>\u00a0salas de reuniones<\/strong> dotadas de todo tipo de equipos. <strong>Las salas est\u00e1n dotadas de todo el equipamiento b\u00e1sico<\/strong>, como retroproyectores o proyectores de video.<\/p>\n<p>Bajo petici\u00f3n, tendr\u00e1 tambi\u00e9n a su disposici\u00f3n cualquier otro tipo de aparatos de audio y video para organizar tambi\u00e9n videoconferencias.<br \/>\nEl restaurante del hotel se ocupar\u00e1 de la preparaci\u00f3n de los coffe break y refrigerios.<\/p>\n<p style=\"text-align: center;\">Email:\u00a0<a href=\"mailto:info@ghtiberio.com\">info@ghtiberio.com<\/a><\/p>\n<p style=\"text-align: center;\">Tel: \u00a00039 06399629<\/p>\n","protected":false},"excerpt":{"rendered":"<p>El Grand Hotel Tiberio pone a disposici\u00f3n de sus hu\u00e9spedes 2\u00a0salas de reuniones dotadas de todo tipo de equipos. Las salas est\u00e1n dotadas de todo el equipamiento b\u00e1sico, como retroproyectores o proyectores de video. Bajo petici\u00f3n, tendr\u00e1 tambi\u00e9n a su disposici\u00f3n cualquier otro tipo de aparatos de audio y video para organizar tambi\u00e9n videoconferencias. El [&hellip;]<\/p>\n","protected":false},"author":7,"featured_media":0,"parent":0,"menu_order":15,"comment_status":"closed","ping_status":"closed","template":"template-default-2.php","meta":{"footnotes":""},"class_list":["post-366","page","type-page","status-publish","hentry"],"yoast_head":"<!-- This site is optimized with the Yoast SEO plugin v26.9 - https:\/\/yoast.com\/product\/yoast-seo-wordpress\/ -->\n<title>Salas de Reuniones &#8211; Grand Hotel Tiberio<\/title>\n<meta name=\"description\" content=\"El Grand Hotel Tiberio pone a disposici\u00f3n de sus hu\u00e9spedes 2\u00a0salas de reuniones dotadas de todo tipo de equipos. Las salas est\u00e1n dotadas de todo el equipamiento b\u00e1sico, como retroproyectores o proyectores de video.  Bajo petici\u00f3n, tendr\u00e1 tambi\u00e9n a su disposici\u00f3n cualquier otro tipo de aparatos de audio y video para organizar tambi\u00e9n videoconferencias. El restaurante del hotel se ocupar\u00e1 de la preparaci\u00f3n de los coffe break y refrigerios. Email:\u00a0info@ghtiberio.com Tel: \u00a00039 06399629\" \/>\n<meta name=\"robots\" content=\"index, follow, max-snippet:-1, max-image-preview:large, max-video-preview:-1\" \/>\n<link rel=\"canonical\" href=\"https:\/\/www.ghtiberio.com\/es\/salas-de-reuniones\/\" \/>\n<meta property=\"og:locale\" content=\"es_ES\" \/>\n<meta property=\"og:type\" content=\"article\" \/>\n<meta property=\"og:title\" content=\"Salas de Reuniones &#8211; Grand Hotel Tiberio\" \/>\n<meta property=\"og:description\" content=\"El Grand Hotel Tiberio pone a disposici\u00f3n de sus hu\u00e9spedes 2\u00a0salas de reuniones dotadas de todo tipo de equipos. Las salas est\u00e1n dotadas de todo el equipamiento b\u00e1sico, como retroproyectores o proyectores de video.  Bajo petici\u00f3n, tendr\u00e1 tambi\u00e9n a su disposici\u00f3n cualquier otro tipo de aparatos de audio y video para organizar tambi\u00e9n videoconferencias. El restaurante del hotel se ocupar\u00e1 de la preparaci\u00f3n de los coffe break y refrigerios. Email:\u00a0info@ghtiberio.com Tel: \u00a00039 06399629\" \/>\n<meta property=\"og:url\" content=\"https:\/\/www.ghtiberio.com\/es\/salas-de-reuniones\/\" \/>\n<meta property=\"og:site_name\" content=\"Grand Hotel Tiberio\" \/>\n<meta property=\"article:modified_time\" content=\"2021-10-05T15:23:41+00:00\" \/>\n<meta name=\"twitter:card\" content=\"summary_large_image\" \/>\n<meta name=\"twitter:label1\" content=\"Tiempo de lectura\" \/>\n\t<meta name=\"twitter:data1\" content=\"1 minuto\" \/>\n<script type=\"application\/ld+json\" class=\"yoast-schema-graph\">{\"@context\":\"https:\/\/schema.org\",\"@graph\":[{\"@type\":\"WebPage\",\"@id\":\"https:\/\/www.ghtiberio.com\/es\/salas-de-reuniones\/\",\"url\":\"https:\/\/www.ghtiberio.com\/es\/salas-de-reuniones\/\",\"name\":\"Salas de Reuniones &#8211; Grand Hotel Tiberio\",\"isPartOf\":{\"@id\":\"https:\/\/www.ghtiberio.com\/es\/#website\"},\"datePublished\":\"2021-10-05T15:21:40+00:00\",\"dateModified\":\"2021-10-05T15:23:41+00:00\",\"description\":\"El Grand Hotel Tiberio pone a disposici\u00f3n de sus hu\u00e9spedes 2\u00a0salas de reuniones dotadas de todo tipo de equipos. Las salas est\u00e1n dotadas de todo el equipamiento b\u00e1sico, como retroproyectores o proyectores de video. Bajo petici\u00f3n, tendr\u00e1 tambi\u00e9n a su disposici\u00f3n cualquier otro tipo de aparatos de audio y video para organizar tambi\u00e9n videoconferencias. El restaurante del hotel se ocupar\u00e1 de la preparaci\u00f3n de los coffe break y refrigerios. Email:\u00a0info@ghtiberio.com Tel: \u00a00039 06399629\",\"breadcrumb\":{\"@id\":\"https:\/\/www.ghtiberio.com\/es\/salas-de-reuniones\/#breadcrumb\"},\"inLanguage\":\"es\",\"potentialAction\":[{\"@type\":\"ReadAction\",\"target\":[\"https:\/\/www.ghtiberio.com\/es\/salas-de-reuniones\/\"]}]},{\"@type\":\"BreadcrumbList\",\"@id\":\"https:\/\/www.ghtiberio.com\/es\/salas-de-reuniones\/#breadcrumb\",\"itemListElement\":[{\"@type\":\"ListItem\",\"position\":1,\"name\":\"Home\",\"item\":\"https:\/\/www.ghtiberio.com\/es\/\"},{\"@type\":\"ListItem\",\"position\":2,\"name\":\"Salas de Reuniones\"}]},{\"@type\":\"WebSite\",\"@id\":\"https:\/\/www.ghtiberio.com\/es\/#website\",\"url\":\"https:\/\/www.ghtiberio.com\/es\/\",\"name\":\"Grand Hotel Tiberio\",\"description\":\"Just another ms.decms.eu site\",\"potentialAction\":[{\"@type\":\"SearchAction\",\"target\":{\"@type\":\"EntryPoint\",\"urlTemplate\":\"https:\/\/www.ghtiberio.com\/es\/?s={search_term_string}\"},\"query-input\":{\"@type\":\"PropertyValueSpecification\",\"valueRequired\":true,\"valueName\":\"search_term_string\"}}],\"inLanguage\":\"es\"}]}<\/script>\n<!-- \/ Yoast SEO plugin. -->","yoast_head_json":{"title":"Salas de Reuniones &#8211; Grand Hotel Tiberio","description":"El Grand Hotel Tiberio pone a disposici\u00f3n de sus hu\u00e9spedes 2\u00a0salas de reuniones dotadas de todo tipo de equipos. Las salas est\u00e1n dotadas de todo el equipamiento b\u00e1sico, como retroproyectores o proyectores de video.  Bajo petici\u00f3n, tendr\u00e1 tambi\u00e9n a su disposici\u00f3n cualquier otro tipo de aparatos de audio y video para organizar tambi\u00e9n videoconferencias. El restaurante del hotel se ocupar\u00e1 de la preparaci\u00f3n de los coffe break y refrigerios. Email:\u00a0info@ghtiberio.com Tel: \u00a00039 06399629","robots":{"index":"index","follow":"follow","max-snippet":"max-snippet:-1","max-image-preview":"max-image-preview:large","max-video-preview":"max-video-preview:-1"},"canonical":"https:\/\/www.ghtiberio.com\/es\/salas-de-reuniones\/","og_locale":"es_ES","og_type":"article","og_title":"Salas de Reuniones &#8211; Grand Hotel Tiberio","og_description":"El Grand Hotel Tiberio pone a disposici\u00f3n de sus hu\u00e9spedes 2\u00a0salas de reuniones dotadas de todo tipo de equipos. Las salas est\u00e1n dotadas de todo el equipamiento b\u00e1sico, como retroproyectores o proyectores de video.  Bajo petici\u00f3n, tendr\u00e1 tambi\u00e9n a su disposici\u00f3n cualquier otro tipo de aparatos de audio y video para organizar tambi\u00e9n videoconferencias. El restaurante del hotel se ocupar\u00e1 de la preparaci\u00f3n de los coffe break y refrigerios. Email:\u00a0info@ghtiberio.com Tel: \u00a00039 06399629","og_url":"https:\/\/www.ghtiberio.com\/es\/salas-de-reuniones\/","og_site_name":"Grand Hotel Tiberio","article_modified_time":"2021-10-05T15:23:41+00:00","twitter_card":"summary_large_image","twitter_misc":{"Tiempo de lectura":"1 minuto"},"schema":{"@context":"https:\/\/schema.org","@graph":[{"@type":"WebPage","@id":"https:\/\/www.ghtiberio.com\/es\/salas-de-reuniones\/","url":"https:\/\/www.ghtiberio.com\/es\/salas-de-reuniones\/","name":"Salas de Reuniones &#8211; Grand Hotel Tiberio","isPartOf":{"@id":"https:\/\/www.ghtiberio.com\/es\/#website"},"datePublished":"2021-10-05T15:21:40+00:00","dateModified":"2021-10-05T15:23:41+00:00","description":"El Grand Hotel Tiberio pone a disposici\u00f3n de sus hu\u00e9spedes 2\u00a0salas de reuniones dotadas de todo tipo de equipos. Las salas est\u00e1n dotadas de todo el equipamiento b\u00e1sico, como retroproyectores o proyectores de video. Bajo petici\u00f3n, tendr\u00e1 tambi\u00e9n a su disposici\u00f3n cualquier otro tipo de aparatos de audio y video para organizar tambi\u00e9n videoconferencias. El restaurante del hotel se ocupar\u00e1 de la preparaci\u00f3n de los coffe break y refrigerios. Email:\u00a0info@ghtiberio.com Tel: \u00a00039 06399629","breadcrumb":{"@id":"https:\/\/www.ghtiberio.com\/es\/salas-de-reuniones\/#breadcrumb"},"inLanguage":"es","potentialAction":[{"@type":"ReadAction","target":["https:\/\/www.ghtiberio.com\/es\/salas-de-reuniones\/"]}]},{"@type":"BreadcrumbList","@id":"https:\/\/www.ghtiberio.com\/es\/salas-de-reuniones\/#breadcrumb","itemListElement":[{"@type":"ListItem","position":1,"name":"Home","item":"https:\/\/www.ghtiberio.com\/es\/"},{"@type":"ListItem","position":2,"name":"Salas de Reuniones"}]},{"@type":"WebSite","@id":"https:\/\/www.ghtiberio.com\/es\/#website","url":"https:\/\/www.ghtiberio.com\/es\/","name":"Grand Hotel Tiberio","description":"Just another ms.decms.eu site","potentialAction":[{"@type":"SearchAction","target":{"@type":"EntryPoint","urlTemplate":"https:\/\/www.ghtiberio.com\/es\/?s={search_term_string}"},"query-input":{"@type":"PropertyValueSpecification","valueRequired":true,"valueName":"search_term_string"}}],"inLanguage":"es"}]}},"acf":[],"_links":{"self":[{"href":"https:\/\/www.ghtiberio.com\/es\/wp-json\/wp\/v2\/pages\/366","targetHints":{"allow":["GET"]}}],"collection":[{"href":"https:\/\/www.ghtiberio.com\/es\/wp-json\/wp\/v2\/pages"}],"about":[{"href":"https:\/\/www.ghtiberio.com\/es\/wp-json\/wp\/v2\/types\/page"}],"author":[{"embeddable":true,"href":"https:\/\/www.ghtiberio.com\/es\/wp-json\/wp\/v2\/users\/7"}],"replies":[{"embeddable":true,"href":"https:\/\/www.ghtiberio.com\/es\/wp-json\/wp\/v2\/comments?post=366"}],"version-history":[{"count":0,"href":"https:\/\/www.ghtiberio.com\/es\/wp-json\/wp\/v2\/pages\/366\/revisions"}],"wp:attachment":[{"href":"https:\/\/www.ghtiberio.com\/es\/wp-json\/wp\/v2\/media?parent=366"}],"curies":[{"name":"wp","href":"https:\/\/api.w.org\/{rel}","templated":true}]}}