{"id":285,"date":"2021-10-04T19:32:41","date_gmt":"2021-10-04T19:32:41","guid":{"rendered":"https:\/\/grand-hotel-tiberio.ms.decms.eu\/?page_id=285"},"modified":"2021-10-04T19:32:41","modified_gmt":"2021-10-04T19:32:41","slug":"bar-salon-tiberio","status":"publish","type":"page","link":"https:\/\/www.ghtiberio.com\/fr\/bar-salon-tiberio\/","title":{"rendered":"Bar salon Tiberio"},"content":{"rendered":"<p>Notre bar est situ\u00e9 au niveau de la r\u00e9ception. Vous pourrez profiter de sa terrasse pour faire une pause et boire votre expresso ou votre ap\u00e9ritif dans une ambiance agr\u00e9able et propice \u00e0 la d\u00e9tente.<\/p>\n<p><strong>Horaires d\u2019ouverture<\/strong> : 07h00-24h00<\/p>\n","protected":false},"excerpt":{"rendered":"<p>Notre bar est situ\u00e9 au niveau de la r\u00e9ception. Vous pourrez profiter de sa terrasse pour faire une pause et boire votre expresso ou votre ap\u00e9ritif dans une ambiance agr\u00e9able et propice \u00e0 la d\u00e9tente. Horaires d\u2019ouverture : 07h00-24h00<\/p>\n","protected":false},"author":7,"featured_media":0,"parent":0,"menu_order":12,"comment_status":"closed","ping_status":"closed","template":"","meta":{"footnotes":""},"class_list":["post-285","page","type-page","status-publish","hentry"],"yoast_head":"<!-- This site is optimized with the Yoast SEO plugin v26.9 - https:\/\/yoast.com\/product\/yoast-seo-wordpress\/ -->\n<title>Bar salon Tiberio &#8211; Grand Hotel Tiberio<\/title>\n<meta name=\"description\" content=\"Notre bar est situ\u00e9 au niveau de la r\u00e9ception. Vous pourrez profiter de sa terrasse pour faire une pause et boire votre expresso ou votre ap\u00e9ritif dans une ambiance agr\u00e9able et propice \u00e0 la d\u00e9tente.  Horaires d\u2019ouverture : 07h00-24h00\" \/>\n<meta name=\"robots\" content=\"index, follow, max-snippet:-1, max-image-preview:large, max-video-preview:-1\" \/>\n<link rel=\"canonical\" href=\"https:\/\/www.ghtiberio.com\/fr\/bar-salon-tiberio\/\" \/>\n<meta property=\"og:locale\" content=\"fr_FR\" \/>\n<meta property=\"og:type\" content=\"article\" \/>\n<meta property=\"og:title\" content=\"Bar salon Tiberio &#8211; Grand Hotel Tiberio\" \/>\n<meta property=\"og:description\" content=\"Notre bar est situ\u00e9 au niveau de la r\u00e9ception. Vous pourrez profiter de sa terrasse pour faire une pause et boire votre expresso ou votre ap\u00e9ritif dans une ambiance agr\u00e9able et propice \u00e0 la d\u00e9tente.  Horaires d\u2019ouverture : 07h00-24h00\" \/>\n<meta property=\"og:url\" content=\"https:\/\/www.ghtiberio.com\/fr\/bar-salon-tiberio\/\" \/>\n<meta property=\"og:site_name\" content=\"Grand Hotel Tiberio\" \/>\n<meta name=\"twitter:card\" content=\"summary_large_image\" \/>\n<meta name=\"twitter:label1\" content=\"Dur\u00e9e de lecture estim\u00e9e\" \/>\n\t<meta name=\"twitter:data1\" content=\"1 minute\" \/>\n<script type=\"application\/ld+json\" class=\"yoast-schema-graph\">{\"@context\":\"https:\/\/schema.org\",\"@graph\":[{\"@type\":\"WebPage\",\"@id\":\"https:\/\/www.ghtiberio.com\/fr\/bar-salon-tiberio\/\",\"url\":\"https:\/\/www.ghtiberio.com\/fr\/bar-salon-tiberio\/\",\"name\":\"Bar salon Tiberio &#8211; Grand Hotel Tiberio\",\"isPartOf\":{\"@id\":\"https:\/\/www.ghtiberio.com\/fr\/#website\"},\"datePublished\":\"2021-10-04T19:32:41+00:00\",\"description\":\"Notre bar est situ\u00e9 au niveau de la r\u00e9ception. Vous pourrez profiter de sa terrasse pour faire une pause et boire votre expresso ou votre ap\u00e9ritif dans une ambiance agr\u00e9able et propice \u00e0 la d\u00e9tente. Horaires d\u2019ouverture : 07h00-24h00\",\"breadcrumb\":{\"@id\":\"https:\/\/www.ghtiberio.com\/fr\/bar-salon-tiberio\/#breadcrumb\"},\"inLanguage\":\"fr-FR\",\"potentialAction\":[{\"@type\":\"ReadAction\",\"target\":[\"https:\/\/www.ghtiberio.com\/fr\/bar-salon-tiberio\/\"]}]},{\"@type\":\"BreadcrumbList\",\"@id\":\"https:\/\/www.ghtiberio.com\/fr\/bar-salon-tiberio\/#breadcrumb\",\"itemListElement\":[{\"@type\":\"ListItem\",\"position\":1,\"name\":\"Home\",\"item\":\"https:\/\/www.ghtiberio.com\/fr\/\"},{\"@type\":\"ListItem\",\"position\":2,\"name\":\"Bar salon Tiberio\"}]},{\"@type\":\"WebSite\",\"@id\":\"https:\/\/www.ghtiberio.com\/fr\/#website\",\"url\":\"https:\/\/www.ghtiberio.com\/fr\/\",\"name\":\"Grand Hotel Tiberio\",\"description\":\"Just another ms.decms.eu site\",\"potentialAction\":[{\"@type\":\"SearchAction\",\"target\":{\"@type\":\"EntryPoint\",\"urlTemplate\":\"https:\/\/www.ghtiberio.com\/fr\/?s={search_term_string}\"},\"query-input\":{\"@type\":\"PropertyValueSpecification\",\"valueRequired\":true,\"valueName\":\"search_term_string\"}}],\"inLanguage\":\"fr-FR\"}]}<\/script>\n<!-- \/ Yoast SEO plugin. -->","yoast_head_json":{"title":"Bar salon Tiberio &#8211; Grand Hotel Tiberio","description":"Notre bar est situ\u00e9 au niveau de la r\u00e9ception. Vous pourrez profiter de sa terrasse pour faire une pause et boire votre expresso ou votre ap\u00e9ritif dans une ambiance agr\u00e9able et propice \u00e0 la d\u00e9tente.  Horaires d\u2019ouverture : 07h00-24h00","robots":{"index":"index","follow":"follow","max-snippet":"max-snippet:-1","max-image-preview":"max-image-preview:large","max-video-preview":"max-video-preview:-1"},"canonical":"https:\/\/www.ghtiberio.com\/fr\/bar-salon-tiberio\/","og_locale":"fr_FR","og_type":"article","og_title":"Bar salon Tiberio &#8211; Grand Hotel Tiberio","og_description":"Notre bar est situ\u00e9 au niveau de la r\u00e9ception. Vous pourrez profiter de sa terrasse pour faire une pause et boire votre expresso ou votre ap\u00e9ritif dans une ambiance agr\u00e9able et propice \u00e0 la d\u00e9tente.  Horaires d\u2019ouverture : 07h00-24h00","og_url":"https:\/\/www.ghtiberio.com\/fr\/bar-salon-tiberio\/","og_site_name":"Grand Hotel Tiberio","twitter_card":"summary_large_image","twitter_misc":{"Dur\u00e9e de lecture estim\u00e9e":"1 minute"},"schema":{"@context":"https:\/\/schema.org","@graph":[{"@type":"WebPage","@id":"https:\/\/www.ghtiberio.com\/fr\/bar-salon-tiberio\/","url":"https:\/\/www.ghtiberio.com\/fr\/bar-salon-tiberio\/","name":"Bar salon Tiberio &#8211; Grand Hotel Tiberio","isPartOf":{"@id":"https:\/\/www.ghtiberio.com\/fr\/#website"},"datePublished":"2021-10-04T19:32:41+00:00","description":"Notre bar est situ\u00e9 au niveau de la r\u00e9ception. Vous pourrez profiter de sa terrasse pour faire une pause et boire votre expresso ou votre ap\u00e9ritif dans une ambiance agr\u00e9able et propice \u00e0 la d\u00e9tente. Horaires d\u2019ouverture : 07h00-24h00","breadcrumb":{"@id":"https:\/\/www.ghtiberio.com\/fr\/bar-salon-tiberio\/#breadcrumb"},"inLanguage":"fr-FR","potentialAction":[{"@type":"ReadAction","target":["https:\/\/www.ghtiberio.com\/fr\/bar-salon-tiberio\/"]}]},{"@type":"BreadcrumbList","@id":"https:\/\/www.ghtiberio.com\/fr\/bar-salon-tiberio\/#breadcrumb","itemListElement":[{"@type":"ListItem","position":1,"name":"Home","item":"https:\/\/www.ghtiberio.com\/fr\/"},{"@type":"ListItem","position":2,"name":"Bar salon Tiberio"}]},{"@type":"WebSite","@id":"https:\/\/www.ghtiberio.com\/fr\/#website","url":"https:\/\/www.ghtiberio.com\/fr\/","name":"Grand Hotel Tiberio","description":"Just another ms.decms.eu site","potentialAction":[{"@type":"SearchAction","target":{"@type":"EntryPoint","urlTemplate":"https:\/\/www.ghtiberio.com\/fr\/?s={search_term_string}"},"query-input":{"@type":"PropertyValueSpecification","valueRequired":true,"valueName":"search_term_string"}}],"inLanguage":"fr-FR"}]}},"acf":[],"_links":{"self":[{"href":"https:\/\/www.ghtiberio.com\/fr\/wp-json\/wp\/v2\/pages\/285","targetHints":{"allow":["GET"]}}],"collection":[{"href":"https:\/\/www.ghtiberio.com\/fr\/wp-json\/wp\/v2\/pages"}],"about":[{"href":"https:\/\/www.ghtiberio.com\/fr\/wp-json\/wp\/v2\/types\/page"}],"author":[{"embeddable":true,"href":"https:\/\/www.ghtiberio.com\/fr\/wp-json\/wp\/v2\/users\/7"}],"replies":[{"embeddable":true,"href":"https:\/\/www.ghtiberio.com\/fr\/wp-json\/wp\/v2\/comments?post=285"}],"version-history":[{"count":0,"href":"https:\/\/www.ghtiberio.com\/fr\/wp-json\/wp\/v2\/pages\/285\/revisions"}],"wp:attachment":[{"href":"https:\/\/www.ghtiberio.com\/fr\/wp-json\/wp\/v2\/media?parent=285"}],"curies":[{"name":"wp","href":"https:\/\/api.w.org\/{rel}","templated":true}]}}