{"id":291,"date":"2021-10-04T19:42:33","date_gmt":"2021-10-04T19:42:33","guid":{"rendered":"https:\/\/grand-hotel-tiberio.ms.decms.eu\/?page_id=291"},"modified":"2025-04-09T11:37:27","modified_gmt":"2025-04-09T11:37:27","slug":"le-terrazze-di-tiberio-restaurant","status":"publish","type":"page","link":"https:\/\/www.ghtiberio.com\/fr\/le-terrazze-di-tiberio-restaurant\/","title":{"rendered":"\u00ab Le Terrazze di Tiberio \u00bb Restaurant"},"content":{"rendered":"<p>Outre la gastronomie locale, vous pourrez y d\u00e9couvrir les sp\u00e9cialit\u00e9s de la Campanie, r\u00e9gion natale de notre chef.<\/p>\n<p><strong>Horaires d\u2019ouverture<\/strong> : Petit-d\u00e9jeuner 07:00-10:30\u00a0 * D\u00eener 18:30-22:00<\/p>\n","protected":false},"excerpt":{"rendered":"<p>Outre la gastronomie locale, vous pourrez y d\u00e9couvrir les sp\u00e9cialit\u00e9s de la Campanie, r\u00e9gion natale de notre chef. Horaires d\u2019ouverture : Petit-d\u00e9jeuner 07:00-10:30\u00a0 * D\u00eener 18:30-22:00<\/p>\n","protected":false},"author":7,"featured_media":0,"parent":0,"menu_order":13,"comment_status":"closed","ping_status":"closed","template":"","meta":{"footnotes":""},"class_list":["post-291","page","type-page","status-publish","hentry"],"yoast_head":"<!-- This site is optimized with the Yoast SEO plugin v26.9 - https:\/\/yoast.com\/product\/yoast-seo-wordpress\/ -->\n<title>\u00ab Le Terrazze di Tiberio \u00bb Restaurant &#8211; Grand Hotel Tiberio<\/title>\n<meta name=\"description\" content=\"Outre la gastronomie locale, vous pourrez y d\u00e9couvrir les sp\u00e9cialit\u00e9s de la Campanie, r\u00e9gion natale de notre chef.  Horaires d\u2019ouverture : Petit-d\u00e9jeuner 07:00-10:30\u00a0 * D\u00eener 18:30-22:00.\" \/>\n<meta name=\"robots\" content=\"index, follow, max-snippet:-1, max-image-preview:large, max-video-preview:-1\" \/>\n<link rel=\"canonical\" href=\"https:\/\/www.ghtiberio.com\/fr\/le-terrazze-di-tiberio-restaurant\/\" \/>\n<meta property=\"og:locale\" content=\"fr_FR\" \/>\n<meta property=\"og:type\" content=\"article\" \/>\n<meta property=\"og:title\" content=\"\u00ab Le Terrazze di Tiberio \u00bb Restaurant &#8211; Grand Hotel Tiberio\" \/>\n<meta property=\"og:description\" content=\"Outre la gastronomie locale, vous pourrez y d\u00e9couvrir les sp\u00e9cialit\u00e9s de la Campanie, r\u00e9gion natale de notre chef.  Horaires d\u2019ouverture : Petit-d\u00e9jeuner 07:00-10:30\u00a0 * D\u00eener 18:30-22:00.\" \/>\n<meta property=\"og:url\" content=\"https:\/\/www.ghtiberio.com\/fr\/le-terrazze-di-tiberio-restaurant\/\" \/>\n<meta property=\"og:site_name\" content=\"Grand Hotel Tiberio\" \/>\n<meta property=\"article:modified_time\" content=\"2025-04-09T11:37:27+00:00\" \/>\n<meta name=\"twitter:card\" content=\"summary_large_image\" \/>\n<meta name=\"twitter:label1\" content=\"Dur\u00e9e de lecture estim\u00e9e\" \/>\n\t<meta name=\"twitter:data1\" content=\"1 minute\" \/>\n<script type=\"application\/ld+json\" class=\"yoast-schema-graph\">{\"@context\":\"https:\/\/schema.org\",\"@graph\":[{\"@type\":\"WebPage\",\"@id\":\"https:\/\/www.ghtiberio.com\/fr\/le-terrazze-di-tiberio-restaurant\/\",\"url\":\"https:\/\/www.ghtiberio.com\/fr\/le-terrazze-di-tiberio-restaurant\/\",\"name\":\"\u00ab Le Terrazze di Tiberio \u00bb Restaurant &#8211; Grand Hotel Tiberio\",\"isPartOf\":{\"@id\":\"https:\/\/www.ghtiberio.com\/fr\/#website\"},\"datePublished\":\"2021-10-04T19:42:33+00:00\",\"dateModified\":\"2025-04-09T11:37:27+00:00\",\"description\":\"Outre la gastronomie locale, vous pourrez y d\u00e9couvrir les sp\u00e9cialit\u00e9s de la Campanie, r\u00e9gion natale de notre chef. Horaires d\u2019ouverture : Petit-d\u00e9jeuner 07:00-10:30\u00a0 * D\u00eener 18:30-22:00.\",\"breadcrumb\":{\"@id\":\"https:\/\/www.ghtiberio.com\/fr\/le-terrazze-di-tiberio-restaurant\/#breadcrumb\"},\"inLanguage\":\"fr-FR\",\"potentialAction\":[{\"@type\":\"ReadAction\",\"target\":[\"https:\/\/www.ghtiberio.com\/fr\/le-terrazze-di-tiberio-restaurant\/\"]}]},{\"@type\":\"BreadcrumbList\",\"@id\":\"https:\/\/www.ghtiberio.com\/fr\/le-terrazze-di-tiberio-restaurant\/#breadcrumb\",\"itemListElement\":[{\"@type\":\"ListItem\",\"position\":1,\"name\":\"Home\",\"item\":\"https:\/\/www.ghtiberio.com\/fr\/\"},{\"@type\":\"ListItem\",\"position\":2,\"name\":\"\u00ab Le Terrazze di Tiberio \u00bb Restaurant\"}]},{\"@type\":\"WebSite\",\"@id\":\"https:\/\/www.ghtiberio.com\/fr\/#website\",\"url\":\"https:\/\/www.ghtiberio.com\/fr\/\",\"name\":\"Grand Hotel Tiberio\",\"description\":\"Just another ms.decms.eu site\",\"potentialAction\":[{\"@type\":\"SearchAction\",\"target\":{\"@type\":\"EntryPoint\",\"urlTemplate\":\"https:\/\/www.ghtiberio.com\/fr\/?s={search_term_string}\"},\"query-input\":{\"@type\":\"PropertyValueSpecification\",\"valueRequired\":true,\"valueName\":\"search_term_string\"}}],\"inLanguage\":\"fr-FR\"}]}<\/script>\n<!-- \/ Yoast SEO plugin. -->","yoast_head_json":{"title":"\u00ab Le Terrazze di Tiberio \u00bb Restaurant &#8211; Grand Hotel Tiberio","description":"Outre la gastronomie locale, vous pourrez y d\u00e9couvrir les sp\u00e9cialit\u00e9s de la Campanie, r\u00e9gion natale de notre chef.  Horaires d\u2019ouverture : Petit-d\u00e9jeuner 07:00-10:30\u00a0 * D\u00eener 18:30-22:00.","robots":{"index":"index","follow":"follow","max-snippet":"max-snippet:-1","max-image-preview":"max-image-preview:large","max-video-preview":"max-video-preview:-1"},"canonical":"https:\/\/www.ghtiberio.com\/fr\/le-terrazze-di-tiberio-restaurant\/","og_locale":"fr_FR","og_type":"article","og_title":"\u00ab Le Terrazze di Tiberio \u00bb Restaurant &#8211; Grand Hotel Tiberio","og_description":"Outre la gastronomie locale, vous pourrez y d\u00e9couvrir les sp\u00e9cialit\u00e9s de la Campanie, r\u00e9gion natale de notre chef.  Horaires d\u2019ouverture : Petit-d\u00e9jeuner 07:00-10:30\u00a0 * D\u00eener 18:30-22:00.","og_url":"https:\/\/www.ghtiberio.com\/fr\/le-terrazze-di-tiberio-restaurant\/","og_site_name":"Grand Hotel Tiberio","article_modified_time":"2025-04-09T11:37:27+00:00","twitter_card":"summary_large_image","twitter_misc":{"Dur\u00e9e de lecture estim\u00e9e":"1 minute"},"schema":{"@context":"https:\/\/schema.org","@graph":[{"@type":"WebPage","@id":"https:\/\/www.ghtiberio.com\/fr\/le-terrazze-di-tiberio-restaurant\/","url":"https:\/\/www.ghtiberio.com\/fr\/le-terrazze-di-tiberio-restaurant\/","name":"\u00ab Le Terrazze di Tiberio \u00bb Restaurant &#8211; Grand Hotel Tiberio","isPartOf":{"@id":"https:\/\/www.ghtiberio.com\/fr\/#website"},"datePublished":"2021-10-04T19:42:33+00:00","dateModified":"2025-04-09T11:37:27+00:00","description":"Outre la gastronomie locale, vous pourrez y d\u00e9couvrir les sp\u00e9cialit\u00e9s de la Campanie, r\u00e9gion natale de notre chef. Horaires d\u2019ouverture : Petit-d\u00e9jeuner 07:00-10:30\u00a0 * D\u00eener 18:30-22:00.","breadcrumb":{"@id":"https:\/\/www.ghtiberio.com\/fr\/le-terrazze-di-tiberio-restaurant\/#breadcrumb"},"inLanguage":"fr-FR","potentialAction":[{"@type":"ReadAction","target":["https:\/\/www.ghtiberio.com\/fr\/le-terrazze-di-tiberio-restaurant\/"]}]},{"@type":"BreadcrumbList","@id":"https:\/\/www.ghtiberio.com\/fr\/le-terrazze-di-tiberio-restaurant\/#breadcrumb","itemListElement":[{"@type":"ListItem","position":1,"name":"Home","item":"https:\/\/www.ghtiberio.com\/fr\/"},{"@type":"ListItem","position":2,"name":"\u00ab Le Terrazze di Tiberio \u00bb Restaurant"}]},{"@type":"WebSite","@id":"https:\/\/www.ghtiberio.com\/fr\/#website","url":"https:\/\/www.ghtiberio.com\/fr\/","name":"Grand Hotel Tiberio","description":"Just another ms.decms.eu site","potentialAction":[{"@type":"SearchAction","target":{"@type":"EntryPoint","urlTemplate":"https:\/\/www.ghtiberio.com\/fr\/?s={search_term_string}"},"query-input":{"@type":"PropertyValueSpecification","valueRequired":true,"valueName":"search_term_string"}}],"inLanguage":"fr-FR"}]}},"acf":[],"_links":{"self":[{"href":"https:\/\/www.ghtiberio.com\/fr\/wp-json\/wp\/v2\/pages\/291","targetHints":{"allow":["GET"]}}],"collection":[{"href":"https:\/\/www.ghtiberio.com\/fr\/wp-json\/wp\/v2\/pages"}],"about":[{"href":"https:\/\/www.ghtiberio.com\/fr\/wp-json\/wp\/v2\/types\/page"}],"author":[{"embeddable":true,"href":"https:\/\/www.ghtiberio.com\/fr\/wp-json\/wp\/v2\/users\/7"}],"replies":[{"embeddable":true,"href":"https:\/\/www.ghtiberio.com\/fr\/wp-json\/wp\/v2\/comments?post=291"}],"version-history":[{"count":0,"href":"https:\/\/www.ghtiberio.com\/fr\/wp-json\/wp\/v2\/pages\/291\/revisions"}],"wp:attachment":[{"href":"https:\/\/www.ghtiberio.com\/fr\/wp-json\/wp\/v2\/media?parent=291"}],"curies":[{"name":"wp","href":"https:\/\/api.w.org\/{rel}","templated":true}]}}