{"id":299,"date":"2021-10-04T19:48:57","date_gmt":"2021-10-04T19:48:57","guid":{"rendered":"https:\/\/grand-hotel-tiberio.ms.decms.eu\/?page_id=299"},"modified":"2021-10-27T09:37:52","modified_gmt":"2021-10-27T09:37:52","slug":"excursions","status":"publish","type":"page","link":"https:\/\/www.ghtiberio.com\/fr\/excursions\/","title":{"rendered":"Excursions"},"content":{"rendered":"<p>Excursions et Visites guid\u00e9es \u00e0 <strong>Rome, Naples, Florence, Naples, Sorrente, Capri et Pomp\u00e9i<\/strong>, dans les principaux monuments et sites culturels et historique., \u00e0 bord d\u2019un Pullman Gran Turismo et guides locaux agr\u00e9\u00e9s, entr\u00e9es incluses. Transfert gratuit A\/R de l\u2019h\u00f4tel.<\/p>\n<p>Pour conna\u00eetre les tarifs et les d\u00e9tails, nous vous demandons d\u2019envoyer un courrier \u00e9lectronique \u00e0\u00a0<a title=\"mail\" href=\"mailto:info@ghtiberio.com\" target=\"_blank\" rel=\"noopener\">info@ghtiberio.com<\/a><\/p>\n","protected":false},"excerpt":{"rendered":"<p>Excursions et Visites guid\u00e9es \u00e0 Rome, Naples, Florence, Naples, Sorrente, Capri et Pomp\u00e9i, dans les principaux monuments et sites culturels et historique., \u00e0 bord d\u2019un Pullman Gran Turismo et guides locaux agr\u00e9\u00e9s, entr\u00e9es incluses. Transfert gratuit A\/R de l\u2019h\u00f4tel. Pour conna\u00eetre les tarifs et les d\u00e9tails, nous vous demandons d\u2019envoyer un courrier \u00e9lectronique \u00e0\u00a0info@ghtiberio.com<\/p>\n","protected":false},"author":7,"featured_media":0,"parent":0,"menu_order":11,"comment_status":"closed","ping_status":"closed","template":"","meta":{"footnotes":""},"class_list":["post-299","page","type-page","status-publish","hentry"],"yoast_head":"<!-- This site is optimized with the Yoast SEO plugin v26.9 - https:\/\/yoast.com\/product\/yoast-seo-wordpress\/ -->\n<title>Excursions &#8211; Grand Hotel Tiberio<\/title>\n<meta name=\"description\" content=\"Excursions et Visites guid\u00e9es \u00e0 Rome, Naples, Florence, Naples, Sorrente, Capri et Pomp\u00e9i, dans les principaux monuments et sites culturels et historique., \u00e0 bord d\u2019un Pullman Gran Turismo et guides locaux agr\u00e9\u00e9s, entr\u00e9es incluses. Transfert gratuit A\/R de l\u2019h\u00f4tel.  Pour conna\u00eetre les tarifs et les d\u00e9tails, nous vous demandons d\u2019envoyer un courrier \u00e9lectronique \u00e0\u00a0info@ghtiberio.com\" \/>\n<meta name=\"robots\" content=\"index, follow, max-snippet:-1, max-image-preview:large, max-video-preview:-1\" \/>\n<link rel=\"canonical\" href=\"https:\/\/www.ghtiberio.com\/fr\/excursions\/\" \/>\n<meta property=\"og:locale\" content=\"fr_FR\" \/>\n<meta property=\"og:type\" content=\"article\" \/>\n<meta property=\"og:title\" content=\"Excursions &#8211; Grand Hotel Tiberio\" \/>\n<meta property=\"og:description\" content=\"Excursions et Visites guid\u00e9es \u00e0 Rome, Naples, Florence, Naples, Sorrente, Capri et Pomp\u00e9i, dans les principaux monuments et sites culturels et historique., \u00e0 bord d\u2019un Pullman Gran Turismo et guides locaux agr\u00e9\u00e9s, entr\u00e9es incluses. Transfert gratuit A\/R de l\u2019h\u00f4tel.  Pour conna\u00eetre les tarifs et les d\u00e9tails, nous vous demandons d\u2019envoyer un courrier \u00e9lectronique \u00e0\u00a0info@ghtiberio.com\" \/>\n<meta property=\"og:url\" content=\"https:\/\/www.ghtiberio.com\/fr\/excursions\/\" \/>\n<meta property=\"og:site_name\" content=\"Grand Hotel Tiberio\" \/>\n<meta property=\"article:modified_time\" content=\"2021-10-27T09:37:52+00:00\" \/>\n<meta name=\"twitter:card\" content=\"summary_large_image\" \/>\n<meta name=\"twitter:label1\" content=\"Dur\u00e9e de lecture estim\u00e9e\" \/>\n\t<meta name=\"twitter:data1\" content=\"1 minute\" \/>\n<script type=\"application\/ld+json\" class=\"yoast-schema-graph\">{\"@context\":\"https:\/\/schema.org\",\"@graph\":[{\"@type\":\"WebPage\",\"@id\":\"https:\/\/www.ghtiberio.com\/fr\/excursions\/\",\"url\":\"https:\/\/www.ghtiberio.com\/fr\/excursions\/\",\"name\":\"Excursions &#8211; Grand Hotel Tiberio\",\"isPartOf\":{\"@id\":\"https:\/\/www.ghtiberio.com\/fr\/#website\"},\"datePublished\":\"2021-10-04T19:48:57+00:00\",\"dateModified\":\"2021-10-27T09:37:52+00:00\",\"description\":\"Excursions et Visites guid\u00e9es \u00e0 Rome, Naples, Florence, Naples, Sorrente, Capri et Pomp\u00e9i, dans les principaux monuments et sites culturels et historique., \u00e0 bord d\u2019un Pullman Gran Turismo et guides locaux agr\u00e9\u00e9s, entr\u00e9es incluses. Transfert gratuit A\/R de l\u2019h\u00f4tel. Pour conna\u00eetre les tarifs et les d\u00e9tails, nous vous demandons d\u2019envoyer un courrier \u00e9lectronique \u00e0\u00a0info@ghtiberio.com\",\"breadcrumb\":{\"@id\":\"https:\/\/www.ghtiberio.com\/fr\/excursions\/#breadcrumb\"},\"inLanguage\":\"fr-FR\",\"potentialAction\":[{\"@type\":\"ReadAction\",\"target\":[\"https:\/\/www.ghtiberio.com\/fr\/excursions\/\"]}]},{\"@type\":\"BreadcrumbList\",\"@id\":\"https:\/\/www.ghtiberio.com\/fr\/excursions\/#breadcrumb\",\"itemListElement\":[{\"@type\":\"ListItem\",\"position\":1,\"name\":\"Home\",\"item\":\"https:\/\/www.ghtiberio.com\/fr\/\"},{\"@type\":\"ListItem\",\"position\":2,\"name\":\"Excursions\"}]},{\"@type\":\"WebSite\",\"@id\":\"https:\/\/www.ghtiberio.com\/fr\/#website\",\"url\":\"https:\/\/www.ghtiberio.com\/fr\/\",\"name\":\"Grand Hotel Tiberio\",\"description\":\"Just another ms.decms.eu site\",\"potentialAction\":[{\"@type\":\"SearchAction\",\"target\":{\"@type\":\"EntryPoint\",\"urlTemplate\":\"https:\/\/www.ghtiberio.com\/fr\/?s={search_term_string}\"},\"query-input\":{\"@type\":\"PropertyValueSpecification\",\"valueRequired\":true,\"valueName\":\"search_term_string\"}}],\"inLanguage\":\"fr-FR\"}]}<\/script>\n<!-- \/ Yoast SEO plugin. -->","yoast_head_json":{"title":"Excursions &#8211; Grand Hotel Tiberio","description":"Excursions et Visites guid\u00e9es \u00e0 Rome, Naples, Florence, Naples, Sorrente, Capri et Pomp\u00e9i, dans les principaux monuments et sites culturels et historique., \u00e0 bord d\u2019un Pullman Gran Turismo et guides locaux agr\u00e9\u00e9s, entr\u00e9es incluses. Transfert gratuit A\/R de l\u2019h\u00f4tel.  Pour conna\u00eetre les tarifs et les d\u00e9tails, nous vous demandons d\u2019envoyer un courrier \u00e9lectronique \u00e0\u00a0info@ghtiberio.com","robots":{"index":"index","follow":"follow","max-snippet":"max-snippet:-1","max-image-preview":"max-image-preview:large","max-video-preview":"max-video-preview:-1"},"canonical":"https:\/\/www.ghtiberio.com\/fr\/excursions\/","og_locale":"fr_FR","og_type":"article","og_title":"Excursions &#8211; Grand Hotel Tiberio","og_description":"Excursions et Visites guid\u00e9es \u00e0 Rome, Naples, Florence, Naples, Sorrente, Capri et Pomp\u00e9i, dans les principaux monuments et sites culturels et historique., \u00e0 bord d\u2019un Pullman Gran Turismo et guides locaux agr\u00e9\u00e9s, entr\u00e9es incluses. Transfert gratuit A\/R de l\u2019h\u00f4tel.  Pour conna\u00eetre les tarifs et les d\u00e9tails, nous vous demandons d\u2019envoyer un courrier \u00e9lectronique \u00e0\u00a0info@ghtiberio.com","og_url":"https:\/\/www.ghtiberio.com\/fr\/excursions\/","og_site_name":"Grand Hotel Tiberio","article_modified_time":"2021-10-27T09:37:52+00:00","twitter_card":"summary_large_image","twitter_misc":{"Dur\u00e9e de lecture estim\u00e9e":"1 minute"},"schema":{"@context":"https:\/\/schema.org","@graph":[{"@type":"WebPage","@id":"https:\/\/www.ghtiberio.com\/fr\/excursions\/","url":"https:\/\/www.ghtiberio.com\/fr\/excursions\/","name":"Excursions &#8211; Grand Hotel Tiberio","isPartOf":{"@id":"https:\/\/www.ghtiberio.com\/fr\/#website"},"datePublished":"2021-10-04T19:48:57+00:00","dateModified":"2021-10-27T09:37:52+00:00","description":"Excursions et Visites guid\u00e9es \u00e0 Rome, Naples, Florence, Naples, Sorrente, Capri et Pomp\u00e9i, dans les principaux monuments et sites culturels et historique., \u00e0 bord d\u2019un Pullman Gran Turismo et guides locaux agr\u00e9\u00e9s, entr\u00e9es incluses. Transfert gratuit A\/R de l\u2019h\u00f4tel. Pour conna\u00eetre les tarifs et les d\u00e9tails, nous vous demandons d\u2019envoyer un courrier \u00e9lectronique \u00e0\u00a0info@ghtiberio.com","breadcrumb":{"@id":"https:\/\/www.ghtiberio.com\/fr\/excursions\/#breadcrumb"},"inLanguage":"fr-FR","potentialAction":[{"@type":"ReadAction","target":["https:\/\/www.ghtiberio.com\/fr\/excursions\/"]}]},{"@type":"BreadcrumbList","@id":"https:\/\/www.ghtiberio.com\/fr\/excursions\/#breadcrumb","itemListElement":[{"@type":"ListItem","position":1,"name":"Home","item":"https:\/\/www.ghtiberio.com\/fr\/"},{"@type":"ListItem","position":2,"name":"Excursions"}]},{"@type":"WebSite","@id":"https:\/\/www.ghtiberio.com\/fr\/#website","url":"https:\/\/www.ghtiberio.com\/fr\/","name":"Grand Hotel Tiberio","description":"Just another ms.decms.eu site","potentialAction":[{"@type":"SearchAction","target":{"@type":"EntryPoint","urlTemplate":"https:\/\/www.ghtiberio.com\/fr\/?s={search_term_string}"},"query-input":{"@type":"PropertyValueSpecification","valueRequired":true,"valueName":"search_term_string"}}],"inLanguage":"fr-FR"}]}},"acf":[],"_links":{"self":[{"href":"https:\/\/www.ghtiberio.com\/fr\/wp-json\/wp\/v2\/pages\/299","targetHints":{"allow":["GET"]}}],"collection":[{"href":"https:\/\/www.ghtiberio.com\/fr\/wp-json\/wp\/v2\/pages"}],"about":[{"href":"https:\/\/www.ghtiberio.com\/fr\/wp-json\/wp\/v2\/types\/page"}],"author":[{"embeddable":true,"href":"https:\/\/www.ghtiberio.com\/fr\/wp-json\/wp\/v2\/users\/7"}],"replies":[{"embeddable":true,"href":"https:\/\/www.ghtiberio.com\/fr\/wp-json\/wp\/v2\/comments?post=299"}],"version-history":[{"count":0,"href":"https:\/\/www.ghtiberio.com\/fr\/wp-json\/wp\/v2\/pages\/299\/revisions"}],"wp:attachment":[{"href":"https:\/\/www.ghtiberio.com\/fr\/wp-json\/wp\/v2\/media?parent=299"}],"curies":[{"name":"wp","href":"https:\/\/api.w.org\/{rel}","templated":true}]}}