{"id":3,"date":"2021-09-30T14:19:56","date_gmt":"2021-09-30T14:19:56","guid":{"rendered":"https:\/\/grand-hotel-tiberio.ms.decms.eu\/?page_id=3"},"modified":"2025-07-09T14:19:53","modified_gmt":"2025-07-09T14:19:53","slug":"grand-hotel-tiberio","status":"publish","type":"page","link":"https:\/\/www.ghtiberio.com\/fr\/","title":{"rendered":"Grand Hotel Tiberio"},"content":{"rendered":"<p><strong>Le Grand Hotel Tiberio<\/strong>\u00a0est un nouvel h\u00f4tel 4 \u00e9toiles, moderne, meubl\u00e9 avec go\u00fbt et \u00e9l\u00e9gance, situ\u00e9 dans un quartier r\u00e9sidentiel calme, \u00e0 1,5 km, environ 20 minutes \u00e0 pied de la\u00a0<strong>Cit\u00e9 du Vatican<\/strong>\u00a0(mus\u00e9es du Vatican, Basilique Saint-Pierre) et du\u00a0<strong>Rome Cavalieri Waldorf Astoria Collection<\/strong>, le centre de congr\u00e8s de Rome.<\/p>\n<p>Bien desservi par les transports en commun (m\u00e9tro, bus, train FM3), on peut facilement acc\u00e9der aux principaux centres d\u2019int\u00e9r\u00eat de Rome.<\/p>\n<p><strong>Les 85 chambres du Grand Hotel Tiberio<\/strong>\u00a0sont modernes et fonctionnelles. Elles ont \u00e9t\u00e9 con\u00e7ues pour garantir le meilleur confort aussi bien pour des s\u00e9jours d\u2019affaires ou d\u2019agr\u00e9ment.<\/p>\n","protected":false},"excerpt":{"rendered":"<p>Le Grand Hotel Tiberio\u00a0est un nouvel h\u00f4tel 4 \u00e9toiles, moderne, meubl\u00e9 avec go\u00fbt et \u00e9l\u00e9gance, situ\u00e9 dans un quartier r\u00e9sidentiel calme, \u00e0 1,5 km, environ 20 minutes \u00e0 pied de la\u00a0Cit\u00e9 du Vatican\u00a0(mus\u00e9es du Vatican, Basilique Saint-Pierre) et du\u00a0Rome Cavalieri Waldorf Astoria Collection, le centre de congr\u00e8s de Rome. Bien desservi par les transports en [&hellip;]<\/p>\n","protected":false},"author":7,"featured_media":0,"parent":0,"menu_order":0,"comment_status":"closed","ping_status":"closed","template":"","meta":{"footnotes":""},"class_list":["post-3","page","type-page","status-publish","hentry"],"yoast_head":"<!-- This site is optimized with the Yoast SEO plugin v26.9 - https:\/\/yoast.com\/product\/yoast-seo-wordpress\/ -->\n<title>Grand Hotel Tiberio &#8211; Grand Hotel Tiberio<\/title>\n<meta name=\"description\" content=\"Le Grand Hotel Tiberio\u00a0est un nouvel h\u00f4tel 4 \u00e9toiles, moderne, meubl\u00e9 avec go\u00fbt et \u00e9l\u00e9gance, situ\u00e9 dans un quartier r\u00e9sidentiel calme, \u00e0 1,5 km, environ 20 minutes \u00e0 pied de la\u00a0Cit\u00e9 du Vatican\u00a0(mus\u00e9es du Vatican, Basilique Saint-Pierre) et du\u00a0Rome Cavalieri Waldorf Astoria Collection, le centre de congr\u00e8s de Rome.  Bien desservi par les transports en commun (m\u00e9tro, bus, train FM3), on peut facilement acc\u00e9der aux principaux centres d\u2019int\u00e9r\u00eat de Rome.  Les 85 chambres du Grand Hotel Tiberio\u00a0sont modernes et fonctionnelles. Elles ont \u00e9t\u00e9 con\u00e7ues pour garantir le meilleur confort aussi bien pour des s\u00e9jours d\u2019affaires ou d\u2019agr\u00e9ment.\" \/>\n<meta name=\"robots\" content=\"index, follow, max-snippet:-1, max-image-preview:large, max-video-preview:-1\" \/>\n<link rel=\"canonical\" href=\"https:\/\/www.ghtiberio.com\/fr\/\" \/>\n<meta property=\"og:locale\" content=\"fr_FR\" \/>\n<meta property=\"og:type\" content=\"article\" \/>\n<meta property=\"og:title\" content=\"Grand Hotel Tiberio &#8211; Grand Hotel Tiberio\" \/>\n<meta property=\"og:description\" content=\"Le Grand Hotel Tiberio\u00a0est un nouvel h\u00f4tel 4 \u00e9toiles, moderne, meubl\u00e9 avec go\u00fbt et \u00e9l\u00e9gance, situ\u00e9 dans un quartier r\u00e9sidentiel calme, \u00e0 1,5 km, environ 20 minutes \u00e0 pied de la\u00a0Cit\u00e9 du Vatican\u00a0(mus\u00e9es du Vatican, Basilique Saint-Pierre) et du\u00a0Rome Cavalieri Waldorf Astoria Collection, le centre de congr\u00e8s de Rome.  Bien desservi par les transports en commun (m\u00e9tro, bus, train FM3), on peut facilement acc\u00e9der aux principaux centres d\u2019int\u00e9r\u00eat de Rome.  Les 85 chambres du Grand Hotel Tiberio\u00a0sont modernes et fonctionnelles. Elles ont \u00e9t\u00e9 con\u00e7ues pour garantir le meilleur confort aussi bien pour des s\u00e9jours d\u2019affaires ou d\u2019agr\u00e9ment.\" \/>\n<meta property=\"og:url\" content=\"https:\/\/www.ghtiberio.com\/fr\/\" \/>\n<meta property=\"og:site_name\" content=\"Grand Hotel Tiberio\" \/>\n<meta property=\"article:modified_time\" content=\"2025-07-09T14:19:53+00:00\" \/>\n<meta name=\"twitter:card\" content=\"summary_large_image\" \/>\n<meta name=\"twitter:label1\" content=\"Dur\u00e9e de lecture estim\u00e9e\" \/>\n\t<meta name=\"twitter:data1\" content=\"1 minute\" \/>\n<script type=\"application\/ld+json\" class=\"yoast-schema-graph\">{\"@context\":\"https:\/\/schema.org\",\"@graph\":[{\"@type\":\"WebPage\",\"@id\":\"https:\/\/www.ghtiberio.com\/fr\/\",\"url\":\"https:\/\/www.ghtiberio.com\/fr\/\",\"name\":\"Grand Hotel Tiberio &#8211; Grand Hotel Tiberio\",\"isPartOf\":{\"@id\":\"https:\/\/www.ghtiberio.com\/fr\/#website\"},\"datePublished\":\"2021-09-30T14:19:56+00:00\",\"dateModified\":\"2025-07-09T14:19:53+00:00\",\"description\":\"Le Grand Hotel Tiberio\u00a0est un nouvel h\u00f4tel 4 \u00e9toiles, moderne, meubl\u00e9 avec go\u00fbt et \u00e9l\u00e9gance, situ\u00e9 dans un quartier r\u00e9sidentiel calme, \u00e0 1,5 km, environ 20 minutes \u00e0 pied de la\u00a0Cit\u00e9 du Vatican\u00a0(mus\u00e9es du Vatican, Basilique Saint-Pierre) et du\u00a0Rome Cavalieri Waldorf Astoria Collection, le centre de congr\u00e8s de Rome. Bien desservi par les transports en commun (m\u00e9tro, bus, train FM3), on peut facilement acc\u00e9der aux principaux centres d\u2019int\u00e9r\u00eat de Rome. Les 85 chambres du Grand Hotel Tiberio\u00a0sont modernes et fonctionnelles. Elles ont \u00e9t\u00e9 con\u00e7ues pour garantir le meilleur confort aussi bien pour des s\u00e9jours d\u2019affaires ou d\u2019agr\u00e9ment.\",\"breadcrumb\":{\"@id\":\"https:\/\/www.ghtiberio.com\/fr\/#breadcrumb\"},\"inLanguage\":\"fr-FR\",\"potentialAction\":[{\"@type\":\"ReadAction\",\"target\":[\"https:\/\/www.ghtiberio.com\/fr\/\"]}]},{\"@type\":\"BreadcrumbList\",\"@id\":\"https:\/\/www.ghtiberio.com\/fr\/#breadcrumb\",\"itemListElement\":[{\"@type\":\"ListItem\",\"position\":1,\"name\":\"Home\",\"item\":\"https:\/\/www.ghtiberio.com\/fr\/\"},{\"@type\":\"ListItem\",\"position\":2,\"name\":\"Grand Hotel Tiberio\"}]},{\"@type\":\"WebSite\",\"@id\":\"https:\/\/www.ghtiberio.com\/fr\/#website\",\"url\":\"https:\/\/www.ghtiberio.com\/fr\/\",\"name\":\"Grand Hotel Tiberio\",\"description\":\"Just another ms.decms.eu site\",\"potentialAction\":[{\"@type\":\"SearchAction\",\"target\":{\"@type\":\"EntryPoint\",\"urlTemplate\":\"https:\/\/www.ghtiberio.com\/fr\/?s={search_term_string}\"},\"query-input\":{\"@type\":\"PropertyValueSpecification\",\"valueRequired\":true,\"valueName\":\"search_term_string\"}}],\"inLanguage\":\"fr-FR\"}]}<\/script>\n<!-- \/ Yoast SEO plugin. -->","yoast_head_json":{"title":"Grand Hotel Tiberio &#8211; Grand Hotel Tiberio","description":"Le Grand Hotel Tiberio\u00a0est un nouvel h\u00f4tel 4 \u00e9toiles, moderne, meubl\u00e9 avec go\u00fbt et \u00e9l\u00e9gance, situ\u00e9 dans un quartier r\u00e9sidentiel calme, \u00e0 1,5 km, environ 20 minutes \u00e0 pied de la\u00a0Cit\u00e9 du Vatican\u00a0(mus\u00e9es du Vatican, Basilique Saint-Pierre) et du\u00a0Rome Cavalieri Waldorf Astoria Collection, le centre de congr\u00e8s de Rome.  Bien desservi par les transports en commun (m\u00e9tro, bus, train FM3), on peut facilement acc\u00e9der aux principaux centres d\u2019int\u00e9r\u00eat de Rome.  Les 85 chambres du Grand Hotel Tiberio\u00a0sont modernes et fonctionnelles. Elles ont \u00e9t\u00e9 con\u00e7ues pour garantir le meilleur confort aussi bien pour des s\u00e9jours d\u2019affaires ou d\u2019agr\u00e9ment.","robots":{"index":"index","follow":"follow","max-snippet":"max-snippet:-1","max-image-preview":"max-image-preview:large","max-video-preview":"max-video-preview:-1"},"canonical":"https:\/\/www.ghtiberio.com\/fr\/","og_locale":"fr_FR","og_type":"article","og_title":"Grand Hotel Tiberio &#8211; Grand Hotel Tiberio","og_description":"Le Grand Hotel Tiberio\u00a0est un nouvel h\u00f4tel 4 \u00e9toiles, moderne, meubl\u00e9 avec go\u00fbt et \u00e9l\u00e9gance, situ\u00e9 dans un quartier r\u00e9sidentiel calme, \u00e0 1,5 km, environ 20 minutes \u00e0 pied de la\u00a0Cit\u00e9 du Vatican\u00a0(mus\u00e9es du Vatican, Basilique Saint-Pierre) et du\u00a0Rome Cavalieri Waldorf Astoria Collection, le centre de congr\u00e8s de Rome.  Bien desservi par les transports en commun (m\u00e9tro, bus, train FM3), on peut facilement acc\u00e9der aux principaux centres d\u2019int\u00e9r\u00eat de Rome.  Les 85 chambres du Grand Hotel Tiberio\u00a0sont modernes et fonctionnelles. Elles ont \u00e9t\u00e9 con\u00e7ues pour garantir le meilleur confort aussi bien pour des s\u00e9jours d\u2019affaires ou d\u2019agr\u00e9ment.","og_url":"https:\/\/www.ghtiberio.com\/fr\/","og_site_name":"Grand Hotel Tiberio","article_modified_time":"2025-07-09T14:19:53+00:00","twitter_card":"summary_large_image","twitter_misc":{"Dur\u00e9e de lecture estim\u00e9e":"1 minute"},"schema":{"@context":"https:\/\/schema.org","@graph":[{"@type":"WebPage","@id":"https:\/\/www.ghtiberio.com\/fr\/","url":"https:\/\/www.ghtiberio.com\/fr\/","name":"Grand Hotel Tiberio &#8211; Grand Hotel Tiberio","isPartOf":{"@id":"https:\/\/www.ghtiberio.com\/fr\/#website"},"datePublished":"2021-09-30T14:19:56+00:00","dateModified":"2025-07-09T14:19:53+00:00","description":"Le Grand Hotel Tiberio\u00a0est un nouvel h\u00f4tel 4 \u00e9toiles, moderne, meubl\u00e9 avec go\u00fbt et \u00e9l\u00e9gance, situ\u00e9 dans un quartier r\u00e9sidentiel calme, \u00e0 1,5 km, environ 20 minutes \u00e0 pied de la\u00a0Cit\u00e9 du Vatican\u00a0(mus\u00e9es du Vatican, Basilique Saint-Pierre) et du\u00a0Rome Cavalieri Waldorf Astoria Collection, le centre de congr\u00e8s de Rome. Bien desservi par les transports en commun (m\u00e9tro, bus, train FM3), on peut facilement acc\u00e9der aux principaux centres d\u2019int\u00e9r\u00eat de Rome. Les 85 chambres du Grand Hotel Tiberio\u00a0sont modernes et fonctionnelles. Elles ont \u00e9t\u00e9 con\u00e7ues pour garantir le meilleur confort aussi bien pour des s\u00e9jours d\u2019affaires ou d\u2019agr\u00e9ment.","breadcrumb":{"@id":"https:\/\/www.ghtiberio.com\/fr\/#breadcrumb"},"inLanguage":"fr-FR","potentialAction":[{"@type":"ReadAction","target":["https:\/\/www.ghtiberio.com\/fr\/"]}]},{"@type":"BreadcrumbList","@id":"https:\/\/www.ghtiberio.com\/fr\/#breadcrumb","itemListElement":[{"@type":"ListItem","position":1,"name":"Home","item":"https:\/\/www.ghtiberio.com\/fr\/"},{"@type":"ListItem","position":2,"name":"Grand Hotel Tiberio"}]},{"@type":"WebSite","@id":"https:\/\/www.ghtiberio.com\/fr\/#website","url":"https:\/\/www.ghtiberio.com\/fr\/","name":"Grand Hotel Tiberio","description":"Just another ms.decms.eu site","potentialAction":[{"@type":"SearchAction","target":{"@type":"EntryPoint","urlTemplate":"https:\/\/www.ghtiberio.com\/fr\/?s={search_term_string}"},"query-input":{"@type":"PropertyValueSpecification","valueRequired":true,"valueName":"search_term_string"}}],"inLanguage":"fr-FR"}]}},"acf":[],"_links":{"self":[{"href":"https:\/\/www.ghtiberio.com\/fr\/wp-json\/wp\/v2\/pages\/3","targetHints":{"allow":["GET"]}}],"collection":[{"href":"https:\/\/www.ghtiberio.com\/fr\/wp-json\/wp\/v2\/pages"}],"about":[{"href":"https:\/\/www.ghtiberio.com\/fr\/wp-json\/wp\/v2\/types\/page"}],"author":[{"embeddable":true,"href":"https:\/\/www.ghtiberio.com\/fr\/wp-json\/wp\/v2\/users\/7"}],"replies":[{"embeddable":true,"href":"https:\/\/www.ghtiberio.com\/fr\/wp-json\/wp\/v2\/comments?post=3"}],"version-history":[{"count":0,"href":"https:\/\/www.ghtiberio.com\/fr\/wp-json\/wp\/v2\/pages\/3\/revisions"}],"wp:attachment":[{"href":"https:\/\/www.ghtiberio.com\/fr\/wp-json\/wp\/v2\/media?parent=3"}],"curies":[{"name":"wp","href":"https:\/\/api.w.org\/{rel}","templated":true}]}}