{"id":361,"date":"2021-10-05T14:26:45","date_gmt":"2021-10-05T14:26:45","guid":{"rendered":"https:\/\/grand-hotel-tiberio.ms.decms.eu\/?page_id=361"},"modified":"2021-10-05T14:35:24","modified_gmt":"2021-10-05T14:35:24","slug":"salles-de-reunions","status":"publish","type":"page","link":"https:\/\/www.ghtiberio.com\/fr\/salles-de-reunions\/","title":{"rendered":"Salles de R\u00e9unions"},"content":{"rendered":"<p>Le Grand H\u00f4tel Tiberio met \u00e0 la disposition de ses clients 2<strong>\u00a0salles de r\u00e9union<\/strong>, toutes tr\u00e8s bien \u00e9quip\u00e9es.<br \/>\nLes <strong>salles sont \u00e9quip\u00e9es de tout le mat\u00e9riel de base<\/strong>, comme des tableaux lumineux et des vid\u00e9oprojecteurs.<\/p>\n<p>Sur demande, tout autre type d\u2019\u00e9quipement audio-vid\u00e9o pour \u00eatre mis \u00e0 la disposition des clients, des vid\u00e9oconf\u00e9rences peuvent \u00e9galement \u00eatre organis\u00e9es. Le restaurant de l\u2019H\u00f4tel s\u2019occupera des pauses caf\u00e9 et des rafra\u00eechissements.<\/p>\n<p style=\"text-align: center;\">Email:\u00a0<a href=\"mailto:info@ghtiberio.com\">info@ghtiberio.com<\/a><\/p>\n<p style=\"text-align: center;\">Tel: \u00a00039 06399629<\/p>\n","protected":false},"excerpt":{"rendered":"<p>Le Grand H\u00f4tel Tiberio met \u00e0 la disposition de ses clients 2\u00a0salles de r\u00e9union, toutes tr\u00e8s bien \u00e9quip\u00e9es. Les salles sont \u00e9quip\u00e9es de tout le mat\u00e9riel de base, comme des tableaux lumineux et des vid\u00e9oprojecteurs. Sur demande, tout autre type d\u2019\u00e9quipement audio-vid\u00e9o pour \u00eatre mis \u00e0 la disposition des clients, des vid\u00e9oconf\u00e9rences peuvent \u00e9galement \u00eatre [&hellip;]<\/p>\n","protected":false},"author":7,"featured_media":0,"parent":0,"menu_order":15,"comment_status":"closed","ping_status":"closed","template":"template-default-2.php","meta":{"footnotes":""},"class_list":["post-361","page","type-page","status-publish","hentry"],"yoast_head":"<!-- This site is optimized with the Yoast SEO plugin v26.9 - https:\/\/yoast.com\/product\/yoast-seo-wordpress\/ -->\n<title>Salles de R\u00e9unions &#8211; Grand Hotel Tiberio<\/title>\n<meta name=\"description\" content=\"Le Grand H\u00f4tel Tiberio met \u00e0 la disposition de ses clients 2\u00a0salles de r\u00e9union, toutes tr\u00e8s bien \u00e9quip\u00e9es. Les salles sont \u00e9quip\u00e9es de tout le mat\u00e9riel de base, comme des tableaux lumineux et des vid\u00e9oprojecteurs.  Sur demande, tout autre type d\u2019\u00e9quipement audio-vid\u00e9o pour \u00eatre mis \u00e0 la disposition des clients, des vid\u00e9oconf\u00e9rences peuvent \u00e9galement \u00eatre organis\u00e9es. Le restaurant de l\u2019H\u00f4tel s\u2019occupera des pauses caf\u00e9 et des rafra\u00eechissements. Email:\u00a0info@ghtiberio.com Tel: \u00a00039 06399629\" \/>\n<meta name=\"robots\" content=\"index, follow, max-snippet:-1, max-image-preview:large, max-video-preview:-1\" \/>\n<link rel=\"canonical\" href=\"https:\/\/www.ghtiberio.com\/fr\/salles-de-reunions\/\" \/>\n<meta property=\"og:locale\" content=\"fr_FR\" \/>\n<meta property=\"og:type\" content=\"article\" \/>\n<meta property=\"og:title\" content=\"Salles de R\u00e9unions &#8211; Grand Hotel Tiberio\" \/>\n<meta property=\"og:description\" content=\"Le Grand H\u00f4tel Tiberio met \u00e0 la disposition de ses clients 2\u00a0salles de r\u00e9union, toutes tr\u00e8s bien \u00e9quip\u00e9es. Les salles sont \u00e9quip\u00e9es de tout le mat\u00e9riel de base, comme des tableaux lumineux et des vid\u00e9oprojecteurs.  Sur demande, tout autre type d\u2019\u00e9quipement audio-vid\u00e9o pour \u00eatre mis \u00e0 la disposition des clients, des vid\u00e9oconf\u00e9rences peuvent \u00e9galement \u00eatre organis\u00e9es. Le restaurant de l\u2019H\u00f4tel s\u2019occupera des pauses caf\u00e9 et des rafra\u00eechissements. Email:\u00a0info@ghtiberio.com Tel: \u00a00039 06399629\" \/>\n<meta property=\"og:url\" content=\"https:\/\/www.ghtiberio.com\/fr\/salles-de-reunions\/\" \/>\n<meta property=\"og:site_name\" content=\"Grand Hotel Tiberio\" \/>\n<meta property=\"article:modified_time\" content=\"2021-10-05T14:35:24+00:00\" \/>\n<meta name=\"twitter:card\" content=\"summary_large_image\" \/>\n<meta name=\"twitter:label1\" content=\"Dur\u00e9e de lecture estim\u00e9e\" \/>\n\t<meta name=\"twitter:data1\" content=\"1 minute\" \/>\n<script type=\"application\/ld+json\" class=\"yoast-schema-graph\">{\"@context\":\"https:\/\/schema.org\",\"@graph\":[{\"@type\":\"WebPage\",\"@id\":\"https:\/\/www.ghtiberio.com\/fr\/salles-de-reunions\/\",\"url\":\"https:\/\/www.ghtiberio.com\/fr\/salles-de-reunions\/\",\"name\":\"Salles de R\u00e9unions &#8211; Grand Hotel Tiberio\",\"isPartOf\":{\"@id\":\"https:\/\/www.ghtiberio.com\/fr\/#website\"},\"datePublished\":\"2021-10-05T14:26:45+00:00\",\"dateModified\":\"2021-10-05T14:35:24+00:00\",\"description\":\"Le Grand H\u00f4tel Tiberio met \u00e0 la disposition de ses clients 2\u00a0salles de r\u00e9union, toutes tr\u00e8s bien \u00e9quip\u00e9es. Les salles sont \u00e9quip\u00e9es de tout le mat\u00e9riel de base, comme des tableaux lumineux et des vid\u00e9oprojecteurs. Sur demande, tout autre type d\u2019\u00e9quipement audio-vid\u00e9o pour \u00eatre mis \u00e0 la disposition des clients, des vid\u00e9oconf\u00e9rences peuvent \u00e9galement \u00eatre organis\u00e9es. Le restaurant de l\u2019H\u00f4tel s\u2019occupera des pauses caf\u00e9 et des rafra\u00eechissements. Email:\u00a0info@ghtiberio.com Tel: \u00a00039 06399629\",\"breadcrumb\":{\"@id\":\"https:\/\/www.ghtiberio.com\/fr\/salles-de-reunions\/#breadcrumb\"},\"inLanguage\":\"fr-FR\",\"potentialAction\":[{\"@type\":\"ReadAction\",\"target\":[\"https:\/\/www.ghtiberio.com\/fr\/salles-de-reunions\/\"]}]},{\"@type\":\"BreadcrumbList\",\"@id\":\"https:\/\/www.ghtiberio.com\/fr\/salles-de-reunions\/#breadcrumb\",\"itemListElement\":[{\"@type\":\"ListItem\",\"position\":1,\"name\":\"Home\",\"item\":\"https:\/\/www.ghtiberio.com\/fr\/\"},{\"@type\":\"ListItem\",\"position\":2,\"name\":\"Salles de R\u00e9unions\"}]},{\"@type\":\"WebSite\",\"@id\":\"https:\/\/www.ghtiberio.com\/fr\/#website\",\"url\":\"https:\/\/www.ghtiberio.com\/fr\/\",\"name\":\"Grand Hotel Tiberio\",\"description\":\"Just another ms.decms.eu site\",\"potentialAction\":[{\"@type\":\"SearchAction\",\"target\":{\"@type\":\"EntryPoint\",\"urlTemplate\":\"https:\/\/www.ghtiberio.com\/fr\/?s={search_term_string}\"},\"query-input\":{\"@type\":\"PropertyValueSpecification\",\"valueRequired\":true,\"valueName\":\"search_term_string\"}}],\"inLanguage\":\"fr-FR\"}]}<\/script>\n<!-- \/ Yoast SEO plugin. -->","yoast_head_json":{"title":"Salles de R\u00e9unions &#8211; Grand Hotel Tiberio","description":"Le Grand H\u00f4tel Tiberio met \u00e0 la disposition de ses clients 2\u00a0salles de r\u00e9union, toutes tr\u00e8s bien \u00e9quip\u00e9es. Les salles sont \u00e9quip\u00e9es de tout le mat\u00e9riel de base, comme des tableaux lumineux et des vid\u00e9oprojecteurs.  Sur demande, tout autre type d\u2019\u00e9quipement audio-vid\u00e9o pour \u00eatre mis \u00e0 la disposition des clients, des vid\u00e9oconf\u00e9rences peuvent \u00e9galement \u00eatre organis\u00e9es. Le restaurant de l\u2019H\u00f4tel s\u2019occupera des pauses caf\u00e9 et des rafra\u00eechissements. Email:\u00a0info@ghtiberio.com Tel: \u00a00039 06399629","robots":{"index":"index","follow":"follow","max-snippet":"max-snippet:-1","max-image-preview":"max-image-preview:large","max-video-preview":"max-video-preview:-1"},"canonical":"https:\/\/www.ghtiberio.com\/fr\/salles-de-reunions\/","og_locale":"fr_FR","og_type":"article","og_title":"Salles de R\u00e9unions &#8211; Grand Hotel Tiberio","og_description":"Le Grand H\u00f4tel Tiberio met \u00e0 la disposition de ses clients 2\u00a0salles de r\u00e9union, toutes tr\u00e8s bien \u00e9quip\u00e9es. Les salles sont \u00e9quip\u00e9es de tout le mat\u00e9riel de base, comme des tableaux lumineux et des vid\u00e9oprojecteurs.  Sur demande, tout autre type d\u2019\u00e9quipement audio-vid\u00e9o pour \u00eatre mis \u00e0 la disposition des clients, des vid\u00e9oconf\u00e9rences peuvent \u00e9galement \u00eatre organis\u00e9es. Le restaurant de l\u2019H\u00f4tel s\u2019occupera des pauses caf\u00e9 et des rafra\u00eechissements. Email:\u00a0info@ghtiberio.com Tel: \u00a00039 06399629","og_url":"https:\/\/www.ghtiberio.com\/fr\/salles-de-reunions\/","og_site_name":"Grand Hotel Tiberio","article_modified_time":"2021-10-05T14:35:24+00:00","twitter_card":"summary_large_image","twitter_misc":{"Dur\u00e9e de lecture estim\u00e9e":"1 minute"},"schema":{"@context":"https:\/\/schema.org","@graph":[{"@type":"WebPage","@id":"https:\/\/www.ghtiberio.com\/fr\/salles-de-reunions\/","url":"https:\/\/www.ghtiberio.com\/fr\/salles-de-reunions\/","name":"Salles de R\u00e9unions &#8211; Grand Hotel Tiberio","isPartOf":{"@id":"https:\/\/www.ghtiberio.com\/fr\/#website"},"datePublished":"2021-10-05T14:26:45+00:00","dateModified":"2021-10-05T14:35:24+00:00","description":"Le Grand H\u00f4tel Tiberio met \u00e0 la disposition de ses clients 2\u00a0salles de r\u00e9union, toutes tr\u00e8s bien \u00e9quip\u00e9es. Les salles sont \u00e9quip\u00e9es de tout le mat\u00e9riel de base, comme des tableaux lumineux et des vid\u00e9oprojecteurs. Sur demande, tout autre type d\u2019\u00e9quipement audio-vid\u00e9o pour \u00eatre mis \u00e0 la disposition des clients, des vid\u00e9oconf\u00e9rences peuvent \u00e9galement \u00eatre organis\u00e9es. Le restaurant de l\u2019H\u00f4tel s\u2019occupera des pauses caf\u00e9 et des rafra\u00eechissements. Email:\u00a0info@ghtiberio.com Tel: \u00a00039 06399629","breadcrumb":{"@id":"https:\/\/www.ghtiberio.com\/fr\/salles-de-reunions\/#breadcrumb"},"inLanguage":"fr-FR","potentialAction":[{"@type":"ReadAction","target":["https:\/\/www.ghtiberio.com\/fr\/salles-de-reunions\/"]}]},{"@type":"BreadcrumbList","@id":"https:\/\/www.ghtiberio.com\/fr\/salles-de-reunions\/#breadcrumb","itemListElement":[{"@type":"ListItem","position":1,"name":"Home","item":"https:\/\/www.ghtiberio.com\/fr\/"},{"@type":"ListItem","position":2,"name":"Salles de R\u00e9unions"}]},{"@type":"WebSite","@id":"https:\/\/www.ghtiberio.com\/fr\/#website","url":"https:\/\/www.ghtiberio.com\/fr\/","name":"Grand Hotel Tiberio","description":"Just another ms.decms.eu site","potentialAction":[{"@type":"SearchAction","target":{"@type":"EntryPoint","urlTemplate":"https:\/\/www.ghtiberio.com\/fr\/?s={search_term_string}"},"query-input":{"@type":"PropertyValueSpecification","valueRequired":true,"valueName":"search_term_string"}}],"inLanguage":"fr-FR"}]}},"acf":[],"_links":{"self":[{"href":"https:\/\/www.ghtiberio.com\/fr\/wp-json\/wp\/v2\/pages\/361","targetHints":{"allow":["GET"]}}],"collection":[{"href":"https:\/\/www.ghtiberio.com\/fr\/wp-json\/wp\/v2\/pages"}],"about":[{"href":"https:\/\/www.ghtiberio.com\/fr\/wp-json\/wp\/v2\/types\/page"}],"author":[{"embeddable":true,"href":"https:\/\/www.ghtiberio.com\/fr\/wp-json\/wp\/v2\/users\/7"}],"replies":[{"embeddable":true,"href":"https:\/\/www.ghtiberio.com\/fr\/wp-json\/wp\/v2\/comments?post=361"}],"version-history":[{"count":0,"href":"https:\/\/www.ghtiberio.com\/fr\/wp-json\/wp\/v2\/pages\/361\/revisions"}],"wp:attachment":[{"href":"https:\/\/www.ghtiberio.com\/fr\/wp-json\/wp\/v2\/media?parent=361"}],"curies":[{"name":"wp","href":"https:\/\/api.w.org\/{rel}","templated":true}]}}