{"id":378,"date":"2021-10-05T15:46:37","date_gmt":"2021-10-05T15:46:37","guid":{"rendered":"https:\/\/grand-hotel-tiberio.ms.decms.eu\/?page_id=378"},"modified":"2021-10-05T15:47:45","modified_gmt":"2021-10-05T15:47:45","slug":"salle-tiberina-2","status":"publish","type":"page","link":"https:\/\/www.ghtiberio.com\/fr\/salles-de-reunions\/salle-tiberina-2\/","title":{"rendered":"Salle Tiberina 2"},"content":{"rendered":"<p>Salle Tiberina 2 \u00c0 c\u00f4t\u00e9 de la Salle Tiberina, elle peut accueillir <strong>jusqu\u2019\u00e0 80 personnes<\/strong> et est parfaite pour les expositions et les petites r\u00e9ceptions.<\/p>\n","protected":false},"excerpt":{"rendered":"<p>Salle Tiberina 2 \u00c0 c\u00f4t\u00e9 de la Salle Tiberina, elle peut accueillir jusqu\u2019\u00e0 80 personnes et est parfaite pour les expositions et les petites r\u00e9ceptions.<\/p>\n","protected":false},"author":7,"featured_media":0,"parent":361,"menu_order":0,"comment_status":"closed","ping_status":"closed","template":"","meta":{"footnotes":""},"class_list":["post-378","page","type-page","status-publish","hentry"],"yoast_head":"<!-- This site is optimized with the Yoast SEO plugin v26.9 - https:\/\/yoast.com\/product\/yoast-seo-wordpress\/ -->\n<title>Salle Tiberina 2 &#8211; Grand Hotel Tiberio<\/title>\n<meta name=\"description\" content=\"Salle Tiberina 2 \u00c0 c\u00f4t\u00e9 de la Salle Tiberina, elle peut accueillir jusqu\u2019\u00e0 80 personnes et est parfaite pour les expositions et les petites r\u00e9ceptions..\" \/>\n<meta name=\"robots\" content=\"index, follow, max-snippet:-1, max-image-preview:large, max-video-preview:-1\" \/>\n<link rel=\"canonical\" href=\"https:\/\/www.ghtiberio.com\/fr\/salles-de-reunions\/salle-tiberina-2\/\" \/>\n<meta property=\"og:locale\" content=\"fr_FR\" \/>\n<meta property=\"og:type\" content=\"article\" \/>\n<meta property=\"og:title\" content=\"Salle Tiberina 2 &#8211; Grand Hotel Tiberio\" \/>\n<meta property=\"og:description\" content=\"Salle Tiberina 2 \u00c0 c\u00f4t\u00e9 de la Salle Tiberina, elle peut accueillir jusqu\u2019\u00e0 80 personnes et est parfaite pour les expositions et les petites r\u00e9ceptions..\" \/>\n<meta property=\"og:url\" content=\"https:\/\/www.ghtiberio.com\/fr\/salles-de-reunions\/salle-tiberina-2\/\" \/>\n<meta property=\"og:site_name\" content=\"Grand Hotel Tiberio\" \/>\n<meta property=\"article:modified_time\" content=\"2021-10-05T15:47:45+00:00\" \/>\n<meta name=\"twitter:card\" content=\"summary_large_image\" \/>\n<meta name=\"twitter:label1\" content=\"Dur\u00e9e de lecture estim\u00e9e\" \/>\n\t<meta name=\"twitter:data1\" content=\"1 minute\" \/>\n<script type=\"application\/ld+json\" class=\"yoast-schema-graph\">{\"@context\":\"https:\/\/schema.org\",\"@graph\":[{\"@type\":\"WebPage\",\"@id\":\"https:\/\/www.ghtiberio.com\/fr\/salles-de-reunions\/salle-tiberina-2\/\",\"url\":\"https:\/\/www.ghtiberio.com\/fr\/salles-de-reunions\/salle-tiberina-2\/\",\"name\":\"Salle Tiberina 2 &#8211; Grand Hotel Tiberio\",\"isPartOf\":{\"@id\":\"https:\/\/www.ghtiberio.com\/fr\/#website\"},\"datePublished\":\"2021-10-05T15:46:37+00:00\",\"dateModified\":\"2021-10-05T15:47:45+00:00\",\"description\":\"Salle Tiberina 2 \u00c0 c\u00f4t\u00e9 de la Salle Tiberina, elle peut accueillir jusqu\u2019\u00e0 80 personnes et est parfaite pour les expositions et les petites r\u00e9ceptions..\",\"breadcrumb\":{\"@id\":\"https:\/\/www.ghtiberio.com\/fr\/salles-de-reunions\/salle-tiberina-2\/#breadcrumb\"},\"inLanguage\":\"fr-FR\",\"potentialAction\":[{\"@type\":\"ReadAction\",\"target\":[\"https:\/\/www.ghtiberio.com\/fr\/salles-de-reunions\/salle-tiberina-2\/\"]}]},{\"@type\":\"BreadcrumbList\",\"@id\":\"https:\/\/www.ghtiberio.com\/fr\/salles-de-reunions\/salle-tiberina-2\/#breadcrumb\",\"itemListElement\":[{\"@type\":\"ListItem\",\"position\":1,\"name\":\"Home\",\"item\":\"https:\/\/www.ghtiberio.com\/fr\/\"},{\"@type\":\"ListItem\",\"position\":2,\"name\":\"Salles de R\u00e9unions\",\"item\":\"https:\/\/www.ghtiberio.com\/fr\/salles-de-reunions\/\"},{\"@type\":\"ListItem\",\"position\":3,\"name\":\"Salle Tiberina 2\"}]},{\"@type\":\"WebSite\",\"@id\":\"https:\/\/www.ghtiberio.com\/fr\/#website\",\"url\":\"https:\/\/www.ghtiberio.com\/fr\/\",\"name\":\"Grand Hotel Tiberio\",\"description\":\"Just another ms.decms.eu site\",\"potentialAction\":[{\"@type\":\"SearchAction\",\"target\":{\"@type\":\"EntryPoint\",\"urlTemplate\":\"https:\/\/www.ghtiberio.com\/fr\/?s={search_term_string}\"},\"query-input\":{\"@type\":\"PropertyValueSpecification\",\"valueRequired\":true,\"valueName\":\"search_term_string\"}}],\"inLanguage\":\"fr-FR\"}]}<\/script>\n<!-- \/ Yoast SEO plugin. -->","yoast_head_json":{"title":"Salle Tiberina 2 &#8211; Grand Hotel Tiberio","description":"Salle Tiberina 2 \u00c0 c\u00f4t\u00e9 de la Salle Tiberina, elle peut accueillir jusqu\u2019\u00e0 80 personnes et est parfaite pour les expositions et les petites r\u00e9ceptions..","robots":{"index":"index","follow":"follow","max-snippet":"max-snippet:-1","max-image-preview":"max-image-preview:large","max-video-preview":"max-video-preview:-1"},"canonical":"https:\/\/www.ghtiberio.com\/fr\/salles-de-reunions\/salle-tiberina-2\/","og_locale":"fr_FR","og_type":"article","og_title":"Salle Tiberina 2 &#8211; Grand Hotel Tiberio","og_description":"Salle Tiberina 2 \u00c0 c\u00f4t\u00e9 de la Salle Tiberina, elle peut accueillir jusqu\u2019\u00e0 80 personnes et est parfaite pour les expositions et les petites r\u00e9ceptions..","og_url":"https:\/\/www.ghtiberio.com\/fr\/salles-de-reunions\/salle-tiberina-2\/","og_site_name":"Grand Hotel Tiberio","article_modified_time":"2021-10-05T15:47:45+00:00","twitter_card":"summary_large_image","twitter_misc":{"Dur\u00e9e de lecture estim\u00e9e":"1 minute"},"schema":{"@context":"https:\/\/schema.org","@graph":[{"@type":"WebPage","@id":"https:\/\/www.ghtiberio.com\/fr\/salles-de-reunions\/salle-tiberina-2\/","url":"https:\/\/www.ghtiberio.com\/fr\/salles-de-reunions\/salle-tiberina-2\/","name":"Salle Tiberina 2 &#8211; Grand Hotel Tiberio","isPartOf":{"@id":"https:\/\/www.ghtiberio.com\/fr\/#website"},"datePublished":"2021-10-05T15:46:37+00:00","dateModified":"2021-10-05T15:47:45+00:00","description":"Salle Tiberina 2 \u00c0 c\u00f4t\u00e9 de la Salle Tiberina, elle peut accueillir jusqu\u2019\u00e0 80 personnes et est parfaite pour les expositions et les petites r\u00e9ceptions..","breadcrumb":{"@id":"https:\/\/www.ghtiberio.com\/fr\/salles-de-reunions\/salle-tiberina-2\/#breadcrumb"},"inLanguage":"fr-FR","potentialAction":[{"@type":"ReadAction","target":["https:\/\/www.ghtiberio.com\/fr\/salles-de-reunions\/salle-tiberina-2\/"]}]},{"@type":"BreadcrumbList","@id":"https:\/\/www.ghtiberio.com\/fr\/salles-de-reunions\/salle-tiberina-2\/#breadcrumb","itemListElement":[{"@type":"ListItem","position":1,"name":"Home","item":"https:\/\/www.ghtiberio.com\/fr\/"},{"@type":"ListItem","position":2,"name":"Salles de R\u00e9unions","item":"https:\/\/www.ghtiberio.com\/fr\/salles-de-reunions\/"},{"@type":"ListItem","position":3,"name":"Salle Tiberina 2"}]},{"@type":"WebSite","@id":"https:\/\/www.ghtiberio.com\/fr\/#website","url":"https:\/\/www.ghtiberio.com\/fr\/","name":"Grand Hotel Tiberio","description":"Just another ms.decms.eu site","potentialAction":[{"@type":"SearchAction","target":{"@type":"EntryPoint","urlTemplate":"https:\/\/www.ghtiberio.com\/fr\/?s={search_term_string}"},"query-input":{"@type":"PropertyValueSpecification","valueRequired":true,"valueName":"search_term_string"}}],"inLanguage":"fr-FR"}]}},"acf":[],"_links":{"self":[{"href":"https:\/\/www.ghtiberio.com\/fr\/wp-json\/wp\/v2\/pages\/378","targetHints":{"allow":["GET"]}}],"collection":[{"href":"https:\/\/www.ghtiberio.com\/fr\/wp-json\/wp\/v2\/pages"}],"about":[{"href":"https:\/\/www.ghtiberio.com\/fr\/wp-json\/wp\/v2\/types\/page"}],"author":[{"embeddable":true,"href":"https:\/\/www.ghtiberio.com\/fr\/wp-json\/wp\/v2\/users\/7"}],"replies":[{"embeddable":true,"href":"https:\/\/www.ghtiberio.com\/fr\/wp-json\/wp\/v2\/comments?post=378"}],"version-history":[{"count":0,"href":"https:\/\/www.ghtiberio.com\/fr\/wp-json\/wp\/v2\/pages\/378\/revisions"}],"up":[{"embeddable":true,"href":"https:\/\/www.ghtiberio.com\/fr\/wp-json\/wp\/v2\/pages\/361"}],"wp:attachment":[{"href":"https:\/\/www.ghtiberio.com\/fr\/wp-json\/wp\/v2\/media?parent=378"}],"curies":[{"name":"wp","href":"https:\/\/api.w.org\/{rel}","templated":true}]}}