{"id":393,"date":"2021-10-06T09:47:53","date_gmt":"2021-10-06T09:47:53","guid":{"rendered":"https:\/\/grand-hotel-tiberio.ms.decms.eu\/dove-siamo\/"},"modified":"2024-11-14T09:29:48","modified_gmt":"2024-11-14T09:29:48","slug":"localisation","status":"publish","type":"page","link":"https:\/\/www.ghtiberio.com\/fr\/localisation\/","title":{"rendered":"Localisation"},"content":{"rendered":"<p>Le <strong>Grand Hotel Tiberio<\/strong> se trouve dans le quartier r\u00e9sidentiel exclusif de Balduina, \u00e0 1,5 km \u00e0 peine, environ 20 minutes \u00e0 pied de la <strong>Cit\u00e9 du Vatican<\/strong> (mus\u00e9es du Vatican, Basilique Saint-Pierre). Bien desservi par les transports en commun (m\u00e9tro, bus, train FM3), on peut facilement acc\u00e9der aux principaux centres d\u2019int\u00e9r\u00eat de Rome.<\/p>\n","protected":false},"excerpt":{"rendered":"<p>Le Grand Hotel Tiberio se trouve dans le quartier r\u00e9sidentiel exclusif de Balduina, \u00e0 1,5 km \u00e0 peine, environ 20 minutes \u00e0 pied de la Cit\u00e9 du Vatican (mus\u00e9es du Vatican, Basilique Saint-Pierre). Bien desservi par les transports en commun (m\u00e9tro, bus, train FM3), on peut facilement acc\u00e9der aux principaux centres d\u2019int\u00e9r\u00eat de Rome.<\/p>\n","protected":false},"author":7,"featured_media":0,"parent":0,"menu_order":40,"comment_status":"closed","ping_status":"closed","template":"template-location.php","meta":{"footnotes":""},"class_list":["post-393","page","type-page","status-publish","hentry"],"yoast_head":"<!-- This site is optimized with the Yoast SEO plugin v26.9 - https:\/\/yoast.com\/product\/yoast-seo-wordpress\/ -->\n<title>Localisation &#8211; Grand Hotel Tiberio<\/title>\n<meta name=\"description\" content=\"Le Grand Hotel Tiberio se trouve dans le quartier r\u00e9sidentiel exclusif de Balduina, \u00e0 1,5 km \u00e0 peine, environ 20 minutes \u00e0 pied de la Cit\u00e9 du Vatican (mus\u00e9es du Vatican, Basilique Saint-Pierre). Bien desservi par les transports en commun (m\u00e9tro, bus, train FM3), on peut facilement acc\u00e9der aux principaux centres d\u2019int\u00e9r\u00eat de Rome.\" \/>\n<meta name=\"robots\" content=\"index, follow, max-snippet:-1, max-image-preview:large, max-video-preview:-1\" \/>\n<link rel=\"canonical\" href=\"https:\/\/www.ghtiberio.com\/fr\/localisation\/\" \/>\n<meta property=\"og:locale\" content=\"fr_FR\" \/>\n<meta property=\"og:type\" content=\"article\" \/>\n<meta property=\"og:title\" content=\"Localisation &#8211; Grand Hotel Tiberio\" \/>\n<meta property=\"og:description\" content=\"Le Grand Hotel Tiberio se trouve dans le quartier r\u00e9sidentiel exclusif de Balduina, \u00e0 1,5 km \u00e0 peine, environ 20 minutes \u00e0 pied de la Cit\u00e9 du Vatican (mus\u00e9es du Vatican, Basilique Saint-Pierre). Bien desservi par les transports en commun (m\u00e9tro, bus, train FM3), on peut facilement acc\u00e9der aux principaux centres d\u2019int\u00e9r\u00eat de Rome.\" \/>\n<meta property=\"og:url\" content=\"https:\/\/www.ghtiberio.com\/fr\/localisation\/\" \/>\n<meta property=\"og:site_name\" content=\"Grand Hotel Tiberio\" \/>\n<meta property=\"article:modified_time\" content=\"2024-11-14T09:29:48+00:00\" \/>\n<meta name=\"twitter:card\" content=\"summary_large_image\" \/>\n<meta name=\"twitter:label1\" content=\"Dur\u00e9e de lecture estim\u00e9e\" \/>\n\t<meta name=\"twitter:data1\" content=\"1 minute\" \/>\n<script type=\"application\/ld+json\" class=\"yoast-schema-graph\">{\"@context\":\"https:\/\/schema.org\",\"@graph\":[{\"@type\":\"WebPage\",\"@id\":\"https:\/\/www.ghtiberio.com\/fr\/localisation\/\",\"url\":\"https:\/\/www.ghtiberio.com\/fr\/localisation\/\",\"name\":\"Localisation &#8211; Grand Hotel Tiberio\",\"isPartOf\":{\"@id\":\"https:\/\/www.ghtiberio.com\/fr\/#website\"},\"datePublished\":\"2021-10-06T09:47:53+00:00\",\"dateModified\":\"2024-11-14T09:29:48+00:00\",\"description\":\"Le Grand Hotel Tiberio se trouve dans le quartier r\u00e9sidentiel exclusif de Balduina, \u00e0 1,5 km \u00e0 peine, environ 20 minutes \u00e0 pied de la Cit\u00e9 du Vatican (mus\u00e9es du Vatican, Basilique Saint-Pierre). Bien desservi par les transports en commun (m\u00e9tro, bus, train FM3), on peut facilement acc\u00e9der aux principaux centres d\u2019int\u00e9r\u00eat de Rome.\",\"breadcrumb\":{\"@id\":\"https:\/\/www.ghtiberio.com\/fr\/localisation\/#breadcrumb\"},\"inLanguage\":\"fr-FR\",\"potentialAction\":[{\"@type\":\"ReadAction\",\"target\":[\"https:\/\/www.ghtiberio.com\/fr\/localisation\/\"]}]},{\"@type\":\"BreadcrumbList\",\"@id\":\"https:\/\/www.ghtiberio.com\/fr\/localisation\/#breadcrumb\",\"itemListElement\":[{\"@type\":\"ListItem\",\"position\":1,\"name\":\"Home\",\"item\":\"https:\/\/www.ghtiberio.com\/fr\/\"},{\"@type\":\"ListItem\",\"position\":2,\"name\":\"Localisation\"}]},{\"@type\":\"WebSite\",\"@id\":\"https:\/\/www.ghtiberio.com\/fr\/#website\",\"url\":\"https:\/\/www.ghtiberio.com\/fr\/\",\"name\":\"Grand Hotel Tiberio\",\"description\":\"Just another ms.decms.eu site\",\"potentialAction\":[{\"@type\":\"SearchAction\",\"target\":{\"@type\":\"EntryPoint\",\"urlTemplate\":\"https:\/\/www.ghtiberio.com\/fr\/?s={search_term_string}\"},\"query-input\":{\"@type\":\"PropertyValueSpecification\",\"valueRequired\":true,\"valueName\":\"search_term_string\"}}],\"inLanguage\":\"fr-FR\"}]}<\/script>\n<!-- \/ Yoast SEO plugin. -->","yoast_head_json":{"title":"Localisation &#8211; Grand Hotel Tiberio","description":"Le Grand Hotel Tiberio se trouve dans le quartier r\u00e9sidentiel exclusif de Balduina, \u00e0 1,5 km \u00e0 peine, environ 20 minutes \u00e0 pied de la Cit\u00e9 du Vatican (mus\u00e9es du Vatican, Basilique Saint-Pierre). Bien desservi par les transports en commun (m\u00e9tro, bus, train FM3), on peut facilement acc\u00e9der aux principaux centres d\u2019int\u00e9r\u00eat de Rome.","robots":{"index":"index","follow":"follow","max-snippet":"max-snippet:-1","max-image-preview":"max-image-preview:large","max-video-preview":"max-video-preview:-1"},"canonical":"https:\/\/www.ghtiberio.com\/fr\/localisation\/","og_locale":"fr_FR","og_type":"article","og_title":"Localisation &#8211; Grand Hotel Tiberio","og_description":"Le Grand Hotel Tiberio se trouve dans le quartier r\u00e9sidentiel exclusif de Balduina, \u00e0 1,5 km \u00e0 peine, environ 20 minutes \u00e0 pied de la Cit\u00e9 du Vatican (mus\u00e9es du Vatican, Basilique Saint-Pierre). Bien desservi par les transports en commun (m\u00e9tro, bus, train FM3), on peut facilement acc\u00e9der aux principaux centres d\u2019int\u00e9r\u00eat de Rome.","og_url":"https:\/\/www.ghtiberio.com\/fr\/localisation\/","og_site_name":"Grand Hotel Tiberio","article_modified_time":"2024-11-14T09:29:48+00:00","twitter_card":"summary_large_image","twitter_misc":{"Dur\u00e9e de lecture estim\u00e9e":"1 minute"},"schema":{"@context":"https:\/\/schema.org","@graph":[{"@type":"WebPage","@id":"https:\/\/www.ghtiberio.com\/fr\/localisation\/","url":"https:\/\/www.ghtiberio.com\/fr\/localisation\/","name":"Localisation &#8211; Grand Hotel Tiberio","isPartOf":{"@id":"https:\/\/www.ghtiberio.com\/fr\/#website"},"datePublished":"2021-10-06T09:47:53+00:00","dateModified":"2024-11-14T09:29:48+00:00","description":"Le Grand Hotel Tiberio se trouve dans le quartier r\u00e9sidentiel exclusif de Balduina, \u00e0 1,5 km \u00e0 peine, environ 20 minutes \u00e0 pied de la Cit\u00e9 du Vatican (mus\u00e9es du Vatican, Basilique Saint-Pierre). Bien desservi par les transports en commun (m\u00e9tro, bus, train FM3), on peut facilement acc\u00e9der aux principaux centres d\u2019int\u00e9r\u00eat de Rome.","breadcrumb":{"@id":"https:\/\/www.ghtiberio.com\/fr\/localisation\/#breadcrumb"},"inLanguage":"fr-FR","potentialAction":[{"@type":"ReadAction","target":["https:\/\/www.ghtiberio.com\/fr\/localisation\/"]}]},{"@type":"BreadcrumbList","@id":"https:\/\/www.ghtiberio.com\/fr\/localisation\/#breadcrumb","itemListElement":[{"@type":"ListItem","position":1,"name":"Home","item":"https:\/\/www.ghtiberio.com\/fr\/"},{"@type":"ListItem","position":2,"name":"Localisation"}]},{"@type":"WebSite","@id":"https:\/\/www.ghtiberio.com\/fr\/#website","url":"https:\/\/www.ghtiberio.com\/fr\/","name":"Grand Hotel Tiberio","description":"Just another ms.decms.eu site","potentialAction":[{"@type":"SearchAction","target":{"@type":"EntryPoint","urlTemplate":"https:\/\/www.ghtiberio.com\/fr\/?s={search_term_string}"},"query-input":{"@type":"PropertyValueSpecification","valueRequired":true,"valueName":"search_term_string"}}],"inLanguage":"fr-FR"}]}},"acf":[],"_links":{"self":[{"href":"https:\/\/www.ghtiberio.com\/fr\/wp-json\/wp\/v2\/pages\/393","targetHints":{"allow":["GET"]}}],"collection":[{"href":"https:\/\/www.ghtiberio.com\/fr\/wp-json\/wp\/v2\/pages"}],"about":[{"href":"https:\/\/www.ghtiberio.com\/fr\/wp-json\/wp\/v2\/types\/page"}],"author":[{"embeddable":true,"href":"https:\/\/www.ghtiberio.com\/fr\/wp-json\/wp\/v2\/users\/7"}],"replies":[{"embeddable":true,"href":"https:\/\/www.ghtiberio.com\/fr\/wp-json\/wp\/v2\/comments?post=393"}],"version-history":[{"count":0,"href":"https:\/\/www.ghtiberio.com\/fr\/wp-json\/wp\/v2\/pages\/393\/revisions"}],"wp:attachment":[{"href":"https:\/\/www.ghtiberio.com\/fr\/wp-json\/wp\/v2\/media?parent=393"}],"curies":[{"name":"wp","href":"https:\/\/api.w.org\/{rel}","templated":true}]}}