{"id":425,"date":"2021-10-06T17:38:35","date_gmt":"2021-10-06T17:38:35","guid":{"rendered":"https:\/\/grand-hotel-tiberio.ms.decms.eu\/privacy\/"},"modified":"2021-10-06T17:42:11","modified_gmt":"2021-10-06T17:42:11","slug":"privacy","status":"publish","type":"page","link":"https:\/\/www.ghtiberio.com\/fr\/privacy\/","title":{"rendered":"Privacy"},"content":{"rendered":"<p align=\"center\"><b>COS\u2019\u00c8<\/b><strong>\u00a0LA PRIVACY POLICY<\/strong><\/p>\n<p>In questa pagina si descrivono le modalit\u00e0 di gestione del sito in riferimento al trattamento dei dati personali degli utenti che lo consultano.<\/p>\n<p>L\u2019informativa \u00e8 resa disponibile solo per il sito internet della societ\u00e0\u00a0<strong>Della G.I.A. Gruppo Investimenti Alberghieri S.r.l.<\/strong><b>\u00a0<\/b>Titolare del trattamento e non anche per altri siti web eventualmente consultati dall\u2019utente tramite link.<\/p>\n<p>L\u2019informativa \u00e8 conforme a\u00a0Regolamento UE 2016\/679- GDPR<\/p>\n<p align=\"center\"><b>IL \u201cTITOLARE\u201d DEL TRATTAMENTO<\/b><\/p>\n<p align=\"left\">Titolare del trattamento dei Dati \u00e8 la Societ\u00e0\u00a0<strong>Della G.I.A. Gruppo Investimenti Alberghieri S.r.l.<\/strong><b>\u00a0<\/b><b><br \/>\n<\/b><\/p>\n<p align=\"center\"><b>I \u201cRESPONSABILI\u201d DEL TRATTAMENTO<\/b><\/p>\n<p>Responsabile del Trattamento \u00e8\u00a0<strong>Della G.I.A. Gruppo Investimenti Alberghieri S.r.l.<\/strong><\/p>\n<p align=\"center\"><b>LUOGO DI TRATTAMENTO DEI DATI<\/b><\/p>\n<p>Il sito \u00e8 ospitato su macchine gestite da una societ\u00e0 esterna tuttavia le comunicazioni sono trasmesse al titolare del trattamento al fine di dare riscontro alle richieste degli utenti e garantire la prenotazione.<\/p>\n<p>I trattamenti connessi ai servizi web di questo sito hanno luogo quindi presso le sedi del titolare e dei responsabili esterni del trattamento per ambiti di pertinenza.<\/p>\n<p>Nessun dato derivante dal servizio web viene comunicato dalle due societ\u00e0 a terzi se non strettamente pertinente la finalit\u00e0 del trattamento o imposto da leggi o regolamenti.<\/p>\n<p align=\"center\"><b>FINALIT\u00c0\u00a0DEL TRATTAMENTO<\/b><\/p>\n<p>I dati personali forniti volontariamente e facoltativamente dagli utenti che inoltrano richieste per ricevere informazioni sui servizi dell\u2019hotel (prezzi, disponibilit\u00e0 delle camere, ecc.), o semplicemente inoltrano richieste di assunzione tramite l\u2019invio di curricula in formato elettronico, sono utilizzati al solo fine di eseguire il servizio o la prestazione richiesta e non sono comunicati a terzi salvo che la comunicazione sia imposta da obblighi di legge o sia strettamente pertinente e necessaria per l\u2019adempimento delle richieste.<\/p>\n<p>In particolare i dati personali forniti volontariamente dagli interessati del trattamento saranno raccolti e trattati, anche con l\u2019ausilio di mezzi elettronici direttamente e\/o tramite terzi delegati (societ\u00e0 per il servizio di posta elettronica, societ\u00e0 per l\u2019hosting del sito web) per le seguenti finalit\u00e0:<\/p>\n<ul>\n<li>verificare la disponibilit\u00e0 della camera richiesta a fronte di informazioni inserite nel form di prenotazione;<\/li>\n<li>permettere di effettuare e confermare la prenotazione fornendo a garanzia i propri dati identificativi e i dati della propria carta di credito;<\/li>\n<li>per adempiere ai vigenti obblighi di natura amministrativa, contabile e fiscale, nonch\u00e9 per ottemperare a leggi e regolamenti;<\/li>\n<li>fornire risposte sui nostri servizi alberghieri (disponibilit\u00e0 delle camere, prezzi, sale congressi, ristorazione, ecc.);<\/li>\n<li>registrarsi nella newsletter per ricevere periodiche comunicazioni di natura commerciale o promozionale;<\/li>\n<li>valutare gli eventuali curriculum pervenuti compatibilmente con le eventuali esigenze interne;<\/li>\n<li>per la difesa da parte del Titolare in giudizio o nelle fasi propedeutiche alla sua eventuale instaurazione, da abusi derivanti da un utilizzo illecito del sito web o dei servizi connessi da parte dell\u2019Utente;<\/li>\n<li>finalit\u00e0 statistiche in forma anonima (per valutare il numero di accessi, ecc.).<\/li>\n<\/ul>\n<p align=\"center\"><b>PRENOTAZIONI<\/b><\/p>\n<p>I dati personali sulle prenotazioni saranno trattati con modalit\u00e0 elettroniche e cartacee al solo fine di garantire la prenotazione della camere alle condizioni concordate.<\/p>\n<p>La piattaforma di prenotazione \u00e8 di propriet\u00e0 della societ\u00e0 Fastbooking, responsabile esterna del trattamento, che comunicher\u00e0 i dati dell\u2019interessato alla struttura ricettiva per le normali attivit\u00e0 legate alla gestione dell\u2019ospitalit\u00e0<\/p>\n<p>I dati saranno registrati all\u2019interno di nostre banche dati elettroniche accessibili a personale debitamente incaricato ed istruito in materia di sicurezza e riservatezza dei dati personali.<\/p>\n<p>Per confermare la prenotazione sar\u00e0 necessaria una carta di credito data a garanzia fermo restando che il cliente potr\u00e0 decidere di pagare in contanti al termine del soggiorno.<\/p>\n<p><b>\u00a0<\/b><\/p>\n<p align=\"center\"><b>COMUNICAZIONI VIA EMAIL DI NATURA COMMERCIALE<\/b><\/p>\n<p>La societ\u00e0\u00a0<strong>Della G.I.A. Gruppo Investimenti Alberghieri S.r.l.<\/strong>\u00a0si riserva la possibilit\u00e0 di inviare email di natura promozionale e commerciale in sintonia con\u00a0Regolamento UE 2016\/679- GDPR.<\/p>\n<p>\u201cse nell\u2019ambito di una vendita di un bene o di un servizio il Titolare del Trattamento utilizza l\u2019indirizzo e-mail del cliente, lo stesso indirizzo pu\u00f2 essere utilizzato per l\u2019invio di materiale commerciale e promozionale senza chiedere il preventivo consenso purch\u00e9 il cliente venga opportunamente informato ad ogni invio di materiale promozionale e commerciale e che lo stesso abbia la possibilit\u00e0 in modo agevole e gratuito di esercitare il diritto di interrompere tale trattamento\u201d.<\/p>\n<p>In tal caso, l\u2019interessato, ricevuto il primo messaggio di natura promozionale avr\u00e0 la possibilit\u00e0 di cancellarsi dalla newsletter della struttura ricettiva con un semplice click.<\/p>\n<p>L\u2019invio di questi messaggi \u00e8 affidato a un fornitore terzo di servizi di posta elettronica.<\/p>\n<p><b>\u00a0<\/b><\/p>\n<p align=\"center\"><b>NEWSLETTER<\/b><\/p>\n<p>Attraverso il presente sito web l\u2019interessato ha la facolt\u00e0 di registrarsi nella newsletter dell\u2019hotel.<\/p>\n<p>La modalit\u00e0 di registrazione alla mailing list dell\u2019hotel avviene in modalit\u00e0 double opt in; in tal caso l\u2019interessato dovr\u00e0 confermare la registrazione selezionando un link nell\u2019email ricevuta.<\/p>\n<p>La registrazione alla newsletter comporta la ricezione periodica di email per indagini di mercato, offerte commerciali, promozioni ed eventi promossi dal titolare del trattamento.<\/p>\n<p>\u00c8\u00a0facolt\u00e0 dell\u2019interessato esercitare in qualsiasi momento il diritto di cancellazione dalla newsletter.<\/p>\n<p align=\"center\"><b>COMUNICAZIONE E DIFFUSIONE DEI DATI<\/b><\/p>\n<p>I dati personali acquisiti dal sito internet in oggetto potranno essere trattati esclusivamente da personale ufficialmente nominato ed istruito in materia di riservatezza e sicurezza sui dati personali.<\/p>\n<p>Gli ambiti di comunicazione dei dati personali degli interessati possono riferirsi:<\/p>\n<ol>\n<li>ad Enti o Uffici Pubblici in funzione degli obblighi di legge e\/o contrattuali;<\/li>\n<li>societ\u00e0 FastBooking;<\/li>\n<li>responsabili esterni del trattamento in qualit\u00e0 di societ\u00e0 o consulenti che effettuano per conto del titolare attivit\u00e0 strumentali al corretto funzionamento del sito e gestione delle informazioni tramite lo stesso acquisite;<\/li>\n<li>alla Polizia Postale per la determinazione di eventuali attivit\u00e0 dannose per il sito della societ\u00e0;<\/li>\n<li>a collaboratori o ad aziende erogatrici di servizi quando la comunicazione risulti necessaria all\u2019utilizzo da parte dell\u2019interessato dei servizi dell\u2019hotel.<\/li>\n<\/ol>\n<p>I dati personali non saranno oggetto di diffusione.<\/p>\n<p align=\"center\"><b>DATI DI NAVIGAZIONE<\/b><\/p>\n<p>Le applicazioni software finalizzate al funzionamento di questo sito web acquisiscono, nel corso del loro normale esercizio, alcuni dati personali la cui trasmissione \u00e8 implicita nell\u2019ambito del normale protocollo IP di comunicazione di Internet.<\/p>\n<p>Si tratta di informazioni che non sono raccolte per essere associate direttamente agli interessati identificati, ma che per loro stessa natura potrebbero, attraverso elaborazioni e correlazioni successive con dati detenuti da terzi (provider), permettere di identificare gli utenti.<\/p>\n<p>In questa categoria di dati rientrano gli indirizzi IP o i nomi a dominio dei computer utilizzati dagli utenti che si connettono al sito, la data e l\u2019orario della richiesta, gli indirizzi in notazione URI (Uniform Resource Identifier) delle risorse richieste, la dimensione del file ottenuto in risposta dal server, il codice numerico indicante lo stato della risposta data dal server (ok, errore, ecc.) ed altri parametri relativi al sistema operativo e all\u2019ambiente informatico dell\u2019utente.<\/p>\n<p>Questi dati vengono utilizzati al solo fine di ricavare informazioni statistiche anonime sull\u2019uso del sito e per controllarne il corretto funzionamento e vengono cancellati immediatamente dopo l\u2019elaborazione.<\/p>\n<p><b>\u00a0<\/b><\/p>\n<p align=\"center\"><b>FACOLTATIVIT\u00c0\u00a0DEL CONFERIMENTO DEI DATI<\/b><\/p>\n<p>A parte quanto specificato per i dati di navigazione, l\u2019utente \u00e8 libero di fornire i dati personali per effettuare una prenotazione on-line.<\/p>\n<p>L\u2019avanzamento della procedura di prenotazione on-line implica un implicito consenso dell\u2019interessato al trattamento dei propri dati personali in base alla politica privacy di questo sito web.<\/p>\n<p>L\u2019eventuale acquisizione di altri dati personali attraverso form dedicati (ad esempio la registrazione alla newsletter), richieder\u00e0 un\u2019esplicita presa visione dell\u2019informativa da parte dell\u2019interessato al trattamento come autorizzazione al trattamento dei suoi dati personali.<\/p>\n<p>Il mancato conferimento dei dati personali previsto dal sito web pu\u00f2 comportare l\u2019impossibilit\u00e0 di ottenere quanto richiesto.<\/p>\n<p>L\u2019invio facoltativo, esplicito e volontario di posta elettronica agli indirizzi indicati su questo sito comporta la successiva acquisizione dell\u2019indirizzo del mittente, necessario per rispondere alle richieste, nonch\u00e9 degli eventuali altri dati personali inseriti nella missiva.<\/p>\n<p align=\"center\"><b>MODALIT\u00c0\u00a0DEL TRATTAMENTO<\/b><\/p>\n<p>I dati personali sono trattati in formato cartaceo e\/o con strumenti automatizzati per il tempo strettamente necessario a conseguire gli scopi per cui sono stati raccolti.<\/p>\n<p>Specifiche misure di sicurezza sono osservate per prevenire la perdita dei dati, usi illeciti o non corretti ed accessi non autorizzati.<\/p>\n<p><b>\u00a0<\/b><\/p>\n<p align=\"center\"><b>DATI FORNITI VOLONTARIAMENTE\u00a0DALL\u2019UTENTE<\/b><\/p>\n<p>L\u2019invio facoltativo, esplicito e volontario di posta elettronica agli indirizzi indicati su questo sito comporta la successiva acquisizione dell\u2019indirizzo del mittente, necessario per rispondere alle richieste, nonch\u00e9 degli eventuali altri dati personali inseriti nella missiva.<\/p>\n<p align=\"center\"><b>COOKIES<\/b><\/p>\n<p>I cookies sono dei piccoli files registrati sul Vostro disco rigido. Questo permette una navigazione pi\u00f9 agevole e una maggiore facilit\u00e0 d\u2019uso del sito stesso.<\/p>\n<p>I cookies generalmente permettono di ottenere l\u2019accesso a informazioni gi\u00e0 archiviate sul computer dell\u2019interessato per finalit\u00e0 che possono essere di natura commerciale (profilazione ad esempio) o tecnica (per garantire il corretto funzionamento del sito visitato).<\/p>\n<p>Non sar\u00e0 richiesto nessun esplicito consenso all\u2019utilizzo di cookies perch\u00e9 si utilizzeranno esclusivamente cookies di sessione, ovvero cookies strumentali al corretto funzionamento del sito web.<\/p>\n<p>Non verr\u00e0 quindi fatto nessun\u00a0 uso di cookies per la trasmissione di informazioni di carattere personale, n\u00e9 vengono utilizzati c.d. cookies persistenti di alcun tipo, ovvero sistemi per il tracciamento degli utenti.<\/p>\n<p>L\u2019uso di c.d. cookies di sessione (che non vengono memorizzati in modo persistente sul computer dell\u2019utente e svaniscono con la chiusura del browser) \u00e8 strettamente limitato alla trasmissione di identificativi di sessione (costituiti da numeri casuali generati dal server) necessari per consentire l\u2019esplorazione sicura ed efficiente del sito.<\/p>\n<p>I c.d. cookies di sessione utilizzati in questo sito evitano il ricorso ad altre tecniche informatiche potenzialmente pregiudizievoli per la riservatezza della navigazione degli utenti e non consentono l\u2019acquisizione di dati personali identificativi dell\u2019utente.<\/p>\n<p align=\"center\"><b>DIRITTI DEGLI INTERESSATI<\/b><\/p>\n<p>I soggetti cui si riferiscono i dati personali hanno il diritto in qualunque momento di ottenere la conferma dell\u2019esistenza o meno dei medesimi dati e di conoscerne il contenuto e l\u2019origine, verificarne l\u2019esattezza o chiederne l\u2019integrazione o l\u2019aggiornamento, oppure la rettificazione.<\/p>\n","protected":false},"excerpt":{"rendered":"<p>COS\u2019\u00c8\u00a0LA PRIVACY POLICY In questa pagina si descrivono le modalit\u00e0 di gestione del sito in riferimento al trattamento dei dati personali degli utenti che lo consultano. L\u2019informativa \u00e8 resa disponibile solo per il sito internet della societ\u00e0\u00a0Della G.I.A. Gruppo Investimenti Alberghieri S.r.l.\u00a0Titolare del trattamento e non anche per altri siti web eventualmente consultati dall\u2019utente tramite [&hellip;]<\/p>\n","protected":false},"author":7,"featured_media":0,"parent":0,"menu_order":880,"comment_status":"closed","ping_status":"closed","template":"","meta":{"footnotes":""},"class_list":["post-425","page","type-page","status-publish","hentry"],"yoast_head":"<!-- This site is optimized with the Yoast SEO plugin v26.9 - https:\/\/yoast.com\/product\/yoast-seo-wordpress\/ -->\n<title>Privacy &#8211; Grand Hotel Tiberio<\/title>\n<meta name=\"description\" content=\"COS\u2019\u00c8\u00a0LA PRIVACY POLICY In questa pagina si descrivono le modalit\u00e0 di gestione del sito in riferimento al trattamento dei dati personali degli utenti che lo consultano.  L\u2019informativa \u00e8 resa disponibile solo per il sito internet della societ\u00e0\u00a0Della G.I.A. Gruppo Investimenti Alberghieri S.r.l.\u00a0Titolare del trattamento e non anche per altri siti web eventualmente consultati dall\u2019utente tramite link.  L\u2019informativa \u00e8 conforme a\u00a0Regolamento UE 2016\/679- GDPR IL \u201cTITOLARE\u201d DEL TRATTAMENTO Titolare del trattamento dei Dati \u00e8 la Societ\u00e0\u00a0Della G.I.A\" \/>\n<meta name=\"robots\" content=\"index, follow, max-snippet:-1, max-image-preview:large, max-video-preview:-1\" \/>\n<link rel=\"canonical\" href=\"https:\/\/www.ghtiberio.com\/fr\/privacy\/\" \/>\n<meta property=\"og:locale\" content=\"fr_FR\" \/>\n<meta property=\"og:type\" content=\"article\" \/>\n<meta property=\"og:title\" content=\"Privacy &#8211; Grand Hotel Tiberio\" \/>\n<meta property=\"og:description\" content=\"COS\u2019\u00c8\u00a0LA PRIVACY POLICY In questa pagina si descrivono le modalit\u00e0 di gestione del sito in riferimento al trattamento dei dati personali degli utenti che lo consultano.  L\u2019informativa \u00e8 resa disponibile solo per il sito internet della societ\u00e0\u00a0Della G.I.A. Gruppo Investimenti Alberghieri S.r.l.\u00a0Titolare del trattamento e non anche per altri siti web eventualmente consultati dall\u2019utente tramite link.  L\u2019informativa \u00e8 conforme a\u00a0Regolamento UE 2016\/679- GDPR IL \u201cTITOLARE\u201d DEL TRATTAMENTO Titolare del trattamento dei Dati \u00e8 la Societ\u00e0\u00a0Della G.I.A\" \/>\n<meta property=\"og:url\" content=\"https:\/\/www.ghtiberio.com\/fr\/privacy\/\" \/>\n<meta property=\"og:site_name\" content=\"Grand Hotel Tiberio\" \/>\n<meta property=\"article:modified_time\" content=\"2021-10-06T17:42:11+00:00\" \/>\n<meta name=\"twitter:card\" content=\"summary_large_image\" \/>\n<meta name=\"twitter:label1\" content=\"Dur\u00e9e de lecture estim\u00e9e\" \/>\n\t<meta name=\"twitter:data1\" content=\"7 minutes\" \/>\n<script type=\"application\/ld+json\" class=\"yoast-schema-graph\">{\"@context\":\"https:\/\/schema.org\",\"@graph\":[{\"@type\":\"WebPage\",\"@id\":\"https:\/\/www.ghtiberio.com\/fr\/privacy\/\",\"url\":\"https:\/\/www.ghtiberio.com\/fr\/privacy\/\",\"name\":\"Privacy &#8211; Grand Hotel Tiberio\",\"isPartOf\":{\"@id\":\"https:\/\/www.ghtiberio.com\/fr\/#website\"},\"datePublished\":\"2021-10-06T17:38:35+00:00\",\"dateModified\":\"2021-10-06T17:42:11+00:00\",\"description\":\"COS\u2019\u00c8\u00a0LA PRIVACY POLICY In questa pagina si descrivono le modalit\u00e0 di gestione del sito in riferimento al trattamento dei dati personali degli utenti che lo consultano. L\u2019informativa \u00e8 resa disponibile solo per il sito internet della societ\u00e0\u00a0Della G.I.A. Gruppo Investimenti Alberghieri S.r.l.\u00a0Titolare del trattamento e non anche per altri siti web eventualmente consultati dall\u2019utente tramite link. L\u2019informativa \u00e8 conforme a\u00a0Regolamento UE 2016\/679- GDPR IL \u201cTITOLARE\u201d DEL TRATTAMENTO Titolare del trattamento dei Dati \u00e8 la Societ\u00e0\u00a0Della G.I.A\",\"breadcrumb\":{\"@id\":\"https:\/\/www.ghtiberio.com\/fr\/privacy\/#breadcrumb\"},\"inLanguage\":\"fr-FR\",\"potentialAction\":[{\"@type\":\"ReadAction\",\"target\":[\"https:\/\/www.ghtiberio.com\/fr\/privacy\/\"]}]},{\"@type\":\"BreadcrumbList\",\"@id\":\"https:\/\/www.ghtiberio.com\/fr\/privacy\/#breadcrumb\",\"itemListElement\":[{\"@type\":\"ListItem\",\"position\":1,\"name\":\"Home\",\"item\":\"https:\/\/www.ghtiberio.com\/fr\/\"},{\"@type\":\"ListItem\",\"position\":2,\"name\":\"Privacy\"}]},{\"@type\":\"WebSite\",\"@id\":\"https:\/\/www.ghtiberio.com\/fr\/#website\",\"url\":\"https:\/\/www.ghtiberio.com\/fr\/\",\"name\":\"Grand Hotel Tiberio\",\"description\":\"Just another ms.decms.eu site\",\"potentialAction\":[{\"@type\":\"SearchAction\",\"target\":{\"@type\":\"EntryPoint\",\"urlTemplate\":\"https:\/\/www.ghtiberio.com\/fr\/?s={search_term_string}\"},\"query-input\":{\"@type\":\"PropertyValueSpecification\",\"valueRequired\":true,\"valueName\":\"search_term_string\"}}],\"inLanguage\":\"fr-FR\"}]}<\/script>\n<!-- \/ Yoast SEO plugin. -->","yoast_head_json":{"title":"Privacy &#8211; Grand Hotel Tiberio","description":"COS\u2019\u00c8\u00a0LA PRIVACY POLICY In questa pagina si descrivono le modalit\u00e0 di gestione del sito in riferimento al trattamento dei dati personali degli utenti che lo consultano.  L\u2019informativa \u00e8 resa disponibile solo per il sito internet della societ\u00e0\u00a0Della G.I.A. Gruppo Investimenti Alberghieri S.r.l.\u00a0Titolare del trattamento e non anche per altri siti web eventualmente consultati dall\u2019utente tramite link.  L\u2019informativa \u00e8 conforme a\u00a0Regolamento UE 2016\/679- GDPR IL \u201cTITOLARE\u201d DEL TRATTAMENTO Titolare del trattamento dei Dati \u00e8 la Societ\u00e0\u00a0Della G.I.A","robots":{"index":"index","follow":"follow","max-snippet":"max-snippet:-1","max-image-preview":"max-image-preview:large","max-video-preview":"max-video-preview:-1"},"canonical":"https:\/\/www.ghtiberio.com\/fr\/privacy\/","og_locale":"fr_FR","og_type":"article","og_title":"Privacy &#8211; Grand Hotel Tiberio","og_description":"COS\u2019\u00c8\u00a0LA PRIVACY POLICY In questa pagina si descrivono le modalit\u00e0 di gestione del sito in riferimento al trattamento dei dati personali degli utenti che lo consultano.  L\u2019informativa \u00e8 resa disponibile solo per il sito internet della societ\u00e0\u00a0Della G.I.A. Gruppo Investimenti Alberghieri S.r.l.\u00a0Titolare del trattamento e non anche per altri siti web eventualmente consultati dall\u2019utente tramite link.  L\u2019informativa \u00e8 conforme a\u00a0Regolamento UE 2016\/679- GDPR IL \u201cTITOLARE\u201d DEL TRATTAMENTO Titolare del trattamento dei Dati \u00e8 la Societ\u00e0\u00a0Della G.I.A","og_url":"https:\/\/www.ghtiberio.com\/fr\/privacy\/","og_site_name":"Grand Hotel Tiberio","article_modified_time":"2021-10-06T17:42:11+00:00","twitter_card":"summary_large_image","twitter_misc":{"Dur\u00e9e de lecture estim\u00e9e":"7 minutes"},"schema":{"@context":"https:\/\/schema.org","@graph":[{"@type":"WebPage","@id":"https:\/\/www.ghtiberio.com\/fr\/privacy\/","url":"https:\/\/www.ghtiberio.com\/fr\/privacy\/","name":"Privacy &#8211; Grand Hotel Tiberio","isPartOf":{"@id":"https:\/\/www.ghtiberio.com\/fr\/#website"},"datePublished":"2021-10-06T17:38:35+00:00","dateModified":"2021-10-06T17:42:11+00:00","description":"COS\u2019\u00c8\u00a0LA PRIVACY POLICY In questa pagina si descrivono le modalit\u00e0 di gestione del sito in riferimento al trattamento dei dati personali degli utenti che lo consultano. L\u2019informativa \u00e8 resa disponibile solo per il sito internet della societ\u00e0\u00a0Della G.I.A. Gruppo Investimenti Alberghieri S.r.l.\u00a0Titolare del trattamento e non anche per altri siti web eventualmente consultati dall\u2019utente tramite link. L\u2019informativa \u00e8 conforme a\u00a0Regolamento UE 2016\/679- GDPR IL \u201cTITOLARE\u201d DEL TRATTAMENTO Titolare del trattamento dei Dati \u00e8 la Societ\u00e0\u00a0Della G.I.A","breadcrumb":{"@id":"https:\/\/www.ghtiberio.com\/fr\/privacy\/#breadcrumb"},"inLanguage":"fr-FR","potentialAction":[{"@type":"ReadAction","target":["https:\/\/www.ghtiberio.com\/fr\/privacy\/"]}]},{"@type":"BreadcrumbList","@id":"https:\/\/www.ghtiberio.com\/fr\/privacy\/#breadcrumb","itemListElement":[{"@type":"ListItem","position":1,"name":"Home","item":"https:\/\/www.ghtiberio.com\/fr\/"},{"@type":"ListItem","position":2,"name":"Privacy"}]},{"@type":"WebSite","@id":"https:\/\/www.ghtiberio.com\/fr\/#website","url":"https:\/\/www.ghtiberio.com\/fr\/","name":"Grand Hotel Tiberio","description":"Just another ms.decms.eu site","potentialAction":[{"@type":"SearchAction","target":{"@type":"EntryPoint","urlTemplate":"https:\/\/www.ghtiberio.com\/fr\/?s={search_term_string}"},"query-input":{"@type":"PropertyValueSpecification","valueRequired":true,"valueName":"search_term_string"}}],"inLanguage":"fr-FR"}]}},"acf":[],"_links":{"self":[{"href":"https:\/\/www.ghtiberio.com\/fr\/wp-json\/wp\/v2\/pages\/425","targetHints":{"allow":["GET"]}}],"collection":[{"href":"https:\/\/www.ghtiberio.com\/fr\/wp-json\/wp\/v2\/pages"}],"about":[{"href":"https:\/\/www.ghtiberio.com\/fr\/wp-json\/wp\/v2\/types\/page"}],"author":[{"embeddable":true,"href":"https:\/\/www.ghtiberio.com\/fr\/wp-json\/wp\/v2\/users\/7"}],"replies":[{"embeddable":true,"href":"https:\/\/www.ghtiberio.com\/fr\/wp-json\/wp\/v2\/comments?post=425"}],"version-history":[{"count":0,"href":"https:\/\/www.ghtiberio.com\/fr\/wp-json\/wp\/v2\/pages\/425\/revisions"}],"wp:attachment":[{"href":"https:\/\/www.ghtiberio.com\/fr\/wp-json\/wp\/v2\/media?parent=425"}],"curies":[{"name":"wp","href":"https:\/\/api.w.org\/{rel}","templated":true}]}}