{"id":198,"date":"2021-10-04T12:28:20","date_gmt":"2021-10-04T12:28:20","guid":{"rendered":"https:\/\/grand-hotel-tiberio.ms.decms.eu\/?page_id=198"},"modified":"2021-10-04T12:28:20","modified_gmt":"2021-10-04T12:28:20","slug":"junior-quarto","status":"publish","type":"page","link":"https:\/\/www.ghtiberio.com\/pt-pt\/quartos\/junior-quarto\/","title":{"rendered":"Junior Quarto"},"content":{"rendered":"<p>Com uma varanda ou um terra\u00e7o, este quarto inclui piso em madeira, uma sala de estar separada e uma espa\u00e7osa casa de banho com uma cabina de duche ao n\u00edvel do ch\u00e3o ou banheira. \u00c1rea do quarto 40 m\u00b2.<\/p>\n","protected":false},"excerpt":{"rendered":"<p>Com uma varanda ou um terra\u00e7o, este quarto inclui piso em madeira, uma sala de estar separada e uma espa\u00e7osa casa de banho com uma cabina de duche ao n\u00edvel do ch\u00e3o ou banheira. \u00c1rea do quarto 40 m\u00b2.<\/p>\n","protected":false},"author":7,"featured_media":0,"parent":122,"menu_order":5,"comment_status":"closed","ping_status":"closed","template":"template-single-room.php","meta":{"footnotes":""},"class_list":["post-198","page","type-page","status-publish","hentry"],"yoast_head":"<!-- This site is optimized with the Yoast SEO plugin v26.9 - https:\/\/yoast.com\/product\/yoast-seo-wordpress\/ -->\n<title>Junior Quarto &#8211; Grand Hotel Tiberio<\/title>\n<meta name=\"description\" content=\"Com uma varanda ou um terra\u00e7o, este quarto inclui piso em madeira, uma sala de estar separada e uma espa\u00e7osa casa de banho com uma cabina de duche ao n\u00edvel do ch\u00e3o ou banheira. \u00c1rea do quarto 40 m\u00b2.\" \/>\n<meta name=\"robots\" content=\"index, follow, max-snippet:-1, max-image-preview:large, max-video-preview:-1\" \/>\n<link rel=\"canonical\" href=\"https:\/\/www.ghtiberio.com\/pt-pt\/quartos\/junior-quarto\/\" \/>\n<meta property=\"og:locale\" content=\"pt_PT\" \/>\n<meta property=\"og:type\" content=\"article\" \/>\n<meta property=\"og:title\" content=\"Junior Quarto &#8211; Grand Hotel Tiberio\" \/>\n<meta property=\"og:description\" content=\"Com uma varanda ou um terra\u00e7o, este quarto inclui piso em madeira, uma sala de estar separada e uma espa\u00e7osa casa de banho com uma cabina de duche ao n\u00edvel do ch\u00e3o ou banheira. \u00c1rea do quarto 40 m\u00b2.\" \/>\n<meta property=\"og:url\" content=\"https:\/\/www.ghtiberio.com\/pt-pt\/quartos\/junior-quarto\/\" \/>\n<meta property=\"og:site_name\" content=\"Grand Hotel Tiberio\" \/>\n<meta name=\"twitter:card\" content=\"summary_large_image\" \/>\n<script type=\"application\/ld+json\" class=\"yoast-schema-graph\">{\"@context\":\"https:\/\/schema.org\",\"@graph\":[{\"@type\":\"WebPage\",\"@id\":\"https:\/\/www.ghtiberio.com\/pt-pt\/quartos\/junior-quarto\/\",\"url\":\"https:\/\/www.ghtiberio.com\/pt-pt\/quartos\/junior-quarto\/\",\"name\":\"Junior Quarto &#8211; Grand Hotel Tiberio\",\"isPartOf\":{\"@id\":\"https:\/\/www.ghtiberio.com\/pt-pt\/#website\"},\"datePublished\":\"2021-10-04T12:28:20+00:00\",\"description\":\"Com uma varanda ou um terra\u00e7o, este quarto inclui piso em madeira, uma sala de estar separada e uma espa\u00e7osa casa de banho com uma cabina de duche ao n\u00edvel do ch\u00e3o ou banheira. \u00c1rea do quarto 40 m\u00b2.\",\"breadcrumb\":{\"@id\":\"https:\/\/www.ghtiberio.com\/pt-pt\/quartos\/junior-quarto\/#breadcrumb\"},\"inLanguage\":\"pt-PT\",\"potentialAction\":[{\"@type\":\"ReadAction\",\"target\":[\"https:\/\/www.ghtiberio.com\/pt-pt\/quartos\/junior-quarto\/\"]}]},{\"@type\":\"BreadcrumbList\",\"@id\":\"https:\/\/www.ghtiberio.com\/pt-pt\/quartos\/junior-quarto\/#breadcrumb\",\"itemListElement\":[{\"@type\":\"ListItem\",\"position\":1,\"name\":\"Home\",\"item\":\"https:\/\/www.ghtiberio.com\/pt-pt\/\"},{\"@type\":\"ListItem\",\"position\":2,\"name\":\"Quartos\",\"item\":\"https:\/\/www.ghtiberio.com\/pt-pt\/quartos\/\"},{\"@type\":\"ListItem\",\"position\":3,\"name\":\"Junior Quarto\"}]},{\"@type\":\"WebSite\",\"@id\":\"https:\/\/www.ghtiberio.com\/pt-pt\/#website\",\"url\":\"https:\/\/www.ghtiberio.com\/pt-pt\/\",\"name\":\"Grand Hotel Tiberio\",\"description\":\"Just another ms.decms.eu site\",\"potentialAction\":[{\"@type\":\"SearchAction\",\"target\":{\"@type\":\"EntryPoint\",\"urlTemplate\":\"https:\/\/www.ghtiberio.com\/pt-pt\/?s={search_term_string}\"},\"query-input\":{\"@type\":\"PropertyValueSpecification\",\"valueRequired\":true,\"valueName\":\"search_term_string\"}}],\"inLanguage\":\"pt-PT\"}]}<\/script>\n<!-- \/ Yoast SEO plugin. -->","yoast_head_json":{"title":"Junior Quarto &#8211; Grand Hotel Tiberio","description":"Com uma varanda ou um terra\u00e7o, este quarto inclui piso em madeira, uma sala de estar separada e uma espa\u00e7osa casa de banho com uma cabina de duche ao n\u00edvel do ch\u00e3o ou banheira. \u00c1rea do quarto 40 m\u00b2.","robots":{"index":"index","follow":"follow","max-snippet":"max-snippet:-1","max-image-preview":"max-image-preview:large","max-video-preview":"max-video-preview:-1"},"canonical":"https:\/\/www.ghtiberio.com\/pt-pt\/quartos\/junior-quarto\/","og_locale":"pt_PT","og_type":"article","og_title":"Junior Quarto &#8211; Grand Hotel Tiberio","og_description":"Com uma varanda ou um terra\u00e7o, este quarto inclui piso em madeira, uma sala de estar separada e uma espa\u00e7osa casa de banho com uma cabina de duche ao n\u00edvel do ch\u00e3o ou banheira. \u00c1rea do quarto 40 m\u00b2.","og_url":"https:\/\/www.ghtiberio.com\/pt-pt\/quartos\/junior-quarto\/","og_site_name":"Grand Hotel Tiberio","twitter_card":"summary_large_image","schema":{"@context":"https:\/\/schema.org","@graph":[{"@type":"WebPage","@id":"https:\/\/www.ghtiberio.com\/pt-pt\/quartos\/junior-quarto\/","url":"https:\/\/www.ghtiberio.com\/pt-pt\/quartos\/junior-quarto\/","name":"Junior Quarto &#8211; Grand Hotel Tiberio","isPartOf":{"@id":"https:\/\/www.ghtiberio.com\/pt-pt\/#website"},"datePublished":"2021-10-04T12:28:20+00:00","description":"Com uma varanda ou um terra\u00e7o, este quarto inclui piso em madeira, uma sala de estar separada e uma espa\u00e7osa casa de banho com uma cabina de duche ao n\u00edvel do ch\u00e3o ou banheira. \u00c1rea do quarto 40 m\u00b2.","breadcrumb":{"@id":"https:\/\/www.ghtiberio.com\/pt-pt\/quartos\/junior-quarto\/#breadcrumb"},"inLanguage":"pt-PT","potentialAction":[{"@type":"ReadAction","target":["https:\/\/www.ghtiberio.com\/pt-pt\/quartos\/junior-quarto\/"]}]},{"@type":"BreadcrumbList","@id":"https:\/\/www.ghtiberio.com\/pt-pt\/quartos\/junior-quarto\/#breadcrumb","itemListElement":[{"@type":"ListItem","position":1,"name":"Home","item":"https:\/\/www.ghtiberio.com\/pt-pt\/"},{"@type":"ListItem","position":2,"name":"Quartos","item":"https:\/\/www.ghtiberio.com\/pt-pt\/quartos\/"},{"@type":"ListItem","position":3,"name":"Junior Quarto"}]},{"@type":"WebSite","@id":"https:\/\/www.ghtiberio.com\/pt-pt\/#website","url":"https:\/\/www.ghtiberio.com\/pt-pt\/","name":"Grand Hotel Tiberio","description":"Just another ms.decms.eu site","potentialAction":[{"@type":"SearchAction","target":{"@type":"EntryPoint","urlTemplate":"https:\/\/www.ghtiberio.com\/pt-pt\/?s={search_term_string}"},"query-input":{"@type":"PropertyValueSpecification","valueRequired":true,"valueName":"search_term_string"}}],"inLanguage":"pt-PT"}]}},"acf":[],"_links":{"self":[{"href":"https:\/\/www.ghtiberio.com\/pt-pt\/wp-json\/wp\/v2\/pages\/198","targetHints":{"allow":["GET"]}}],"collection":[{"href":"https:\/\/www.ghtiberio.com\/pt-pt\/wp-json\/wp\/v2\/pages"}],"about":[{"href":"https:\/\/www.ghtiberio.com\/pt-pt\/wp-json\/wp\/v2\/types\/page"}],"author":[{"embeddable":true,"href":"https:\/\/www.ghtiberio.com\/pt-pt\/wp-json\/wp\/v2\/users\/7"}],"replies":[{"embeddable":true,"href":"https:\/\/www.ghtiberio.com\/pt-pt\/wp-json\/wp\/v2\/comments?post=198"}],"version-history":[{"count":0,"href":"https:\/\/www.ghtiberio.com\/pt-pt\/wp-json\/wp\/v2\/pages\/198\/revisions"}],"up":[{"embeddable":true,"href":"https:\/\/www.ghtiberio.com\/pt-pt\/wp-json\/wp\/v2\/pages\/122"}],"wp:attachment":[{"href":"https:\/\/www.ghtiberio.com\/pt-pt\/wp-json\/wp\/v2\/media?parent=198"}],"curies":[{"name":"wp","href":"https:\/\/api.w.org\/{rel}","templated":true}]}}