{"id":301,"date":"2021-10-04T19:49:48","date_gmt":"2021-10-04T19:49:48","guid":{"rendered":"https:\/\/grand-hotel-tiberio.ms.decms.eu\/?page_id=301"},"modified":"2021-10-27T09:38:14","modified_gmt":"2021-10-27T09:38:14","slug":"excursoes","status":"publish","type":"page","link":"https:\/\/www.ghtiberio.com\/pt-pt\/excursoes\/","title":{"rendered":"Excurs\u00f5es"},"content":{"rendered":"<p>Excurs\u00f5es e Visitas Guiadas a <strong>Roma, Floren\u00e7a, N\u00e1poles, Sorrento, Capri e Pompeia<\/strong> aos principais monumentos e locais de interesse cultural e hist\u00f3rico, realizadas com a Pullman Gran Turismo e Guias locais autorizados, bilhetes de entrada inclu\u00eddos. Transfer gratuito do hotel com regresso.<\/p>\n<p>Para custos e pormenores pedimos-lhe que envie um e-mail para info@ghtiberio.com<\/p>\n","protected":false},"excerpt":{"rendered":"<p>Excurs\u00f5es e Visitas Guiadas a Roma, Floren\u00e7a, N\u00e1poles, Sorrento, Capri e Pompeia aos principais monumentos e locais de interesse cultural e hist\u00f3rico, realizadas com a Pullman Gran Turismo e Guias locais autorizados, bilhetes de entrada inclu\u00eddos. Transfer gratuito do hotel com regresso. Para custos e pormenores pedimos-lhe que envie um e-mail para info@ghtiberio.com<\/p>\n","protected":false},"author":7,"featured_media":0,"parent":0,"menu_order":11,"comment_status":"closed","ping_status":"closed","template":"","meta":{"footnotes":""},"class_list":["post-301","page","type-page","status-publish","hentry"],"yoast_head":"<!-- This site is optimized with the Yoast SEO plugin v26.9 - https:\/\/yoast.com\/product\/yoast-seo-wordpress\/ -->\n<title>Excurs\u00f5es &#8211; Grand Hotel Tiberio<\/title>\n<meta name=\"description\" content=\"Excurs\u00f5es e Visitas Guiadas a Roma, Floren\u00e7a, N\u00e1poles, Sorrento, Capri e Pompeia aos principais monumentos e locais de interesse cultural e hist\u00f3rico, realizadas com a Pullman Gran Turismo e Guias locais autorizados, bilhetes de entrada inclu\u00eddos. Transfer gratuito do hotel com regresso.  Para custos e pormenores pedimos-lhe que envie um e-mail para info@ghtiberio.com\" \/>\n<meta name=\"robots\" content=\"index, follow, max-snippet:-1, max-image-preview:large, max-video-preview:-1\" \/>\n<link rel=\"canonical\" href=\"https:\/\/www.ghtiberio.com\/pt-pt\/excursoes\/\" \/>\n<meta property=\"og:locale\" content=\"pt_PT\" \/>\n<meta property=\"og:type\" content=\"article\" \/>\n<meta property=\"og:title\" content=\"Excurs\u00f5es &#8211; Grand Hotel Tiberio\" \/>\n<meta property=\"og:description\" content=\"Excurs\u00f5es e Visitas Guiadas a Roma, Floren\u00e7a, N\u00e1poles, Sorrento, Capri e Pompeia aos principais monumentos e locais de interesse cultural e hist\u00f3rico, realizadas com a Pullman Gran Turismo e Guias locais autorizados, bilhetes de entrada inclu\u00eddos. Transfer gratuito do hotel com regresso.  Para custos e pormenores pedimos-lhe que envie um e-mail para info@ghtiberio.com\" \/>\n<meta property=\"og:url\" content=\"https:\/\/www.ghtiberio.com\/pt-pt\/excursoes\/\" \/>\n<meta property=\"og:site_name\" content=\"Grand Hotel Tiberio\" \/>\n<meta property=\"article:modified_time\" content=\"2021-10-27T09:38:14+00:00\" \/>\n<meta name=\"twitter:card\" content=\"summary_large_image\" \/>\n<meta name=\"twitter:label1\" content=\"Tempo estimado de leitura\" \/>\n\t<meta name=\"twitter:data1\" content=\"1 minuto\" \/>\n<script type=\"application\/ld+json\" class=\"yoast-schema-graph\">{\"@context\":\"https:\/\/schema.org\",\"@graph\":[{\"@type\":\"WebPage\",\"@id\":\"https:\/\/www.ghtiberio.com\/pt-pt\/excursoes\/\",\"url\":\"https:\/\/www.ghtiberio.com\/pt-pt\/excursoes\/\",\"name\":\"Excurs\u00f5es &#8211; Grand Hotel Tiberio\",\"isPartOf\":{\"@id\":\"https:\/\/www.ghtiberio.com\/pt-pt\/#website\"},\"datePublished\":\"2021-10-04T19:49:48+00:00\",\"dateModified\":\"2021-10-27T09:38:14+00:00\",\"description\":\"Excurs\u00f5es e Visitas Guiadas a Roma, Floren\u00e7a, N\u00e1poles, Sorrento, Capri e Pompeia aos principais monumentos e locais de interesse cultural e hist\u00f3rico, realizadas com a Pullman Gran Turismo e Guias locais autorizados, bilhetes de entrada inclu\u00eddos. Transfer gratuito do hotel com regresso. Para custos e pormenores pedimos-lhe que envie um e-mail para info@ghtiberio.com\",\"breadcrumb\":{\"@id\":\"https:\/\/www.ghtiberio.com\/pt-pt\/excursoes\/#breadcrumb\"},\"inLanguage\":\"pt-PT\",\"potentialAction\":[{\"@type\":\"ReadAction\",\"target\":[\"https:\/\/www.ghtiberio.com\/pt-pt\/excursoes\/\"]}]},{\"@type\":\"BreadcrumbList\",\"@id\":\"https:\/\/www.ghtiberio.com\/pt-pt\/excursoes\/#breadcrumb\",\"itemListElement\":[{\"@type\":\"ListItem\",\"position\":1,\"name\":\"Home\",\"item\":\"https:\/\/www.ghtiberio.com\/pt-pt\/\"},{\"@type\":\"ListItem\",\"position\":2,\"name\":\"Excurs\u00f5es\"}]},{\"@type\":\"WebSite\",\"@id\":\"https:\/\/www.ghtiberio.com\/pt-pt\/#website\",\"url\":\"https:\/\/www.ghtiberio.com\/pt-pt\/\",\"name\":\"Grand Hotel Tiberio\",\"description\":\"Just another ms.decms.eu site\",\"potentialAction\":[{\"@type\":\"SearchAction\",\"target\":{\"@type\":\"EntryPoint\",\"urlTemplate\":\"https:\/\/www.ghtiberio.com\/pt-pt\/?s={search_term_string}\"},\"query-input\":{\"@type\":\"PropertyValueSpecification\",\"valueRequired\":true,\"valueName\":\"search_term_string\"}}],\"inLanguage\":\"pt-PT\"}]}<\/script>\n<!-- \/ Yoast SEO plugin. -->","yoast_head_json":{"title":"Excurs\u00f5es &#8211; Grand Hotel Tiberio","description":"Excurs\u00f5es e Visitas Guiadas a Roma, Floren\u00e7a, N\u00e1poles, Sorrento, Capri e Pompeia aos principais monumentos e locais de interesse cultural e hist\u00f3rico, realizadas com a Pullman Gran Turismo e Guias locais autorizados, bilhetes de entrada inclu\u00eddos. Transfer gratuito do hotel com regresso.  Para custos e pormenores pedimos-lhe que envie um e-mail para info@ghtiberio.com","robots":{"index":"index","follow":"follow","max-snippet":"max-snippet:-1","max-image-preview":"max-image-preview:large","max-video-preview":"max-video-preview:-1"},"canonical":"https:\/\/www.ghtiberio.com\/pt-pt\/excursoes\/","og_locale":"pt_PT","og_type":"article","og_title":"Excurs\u00f5es &#8211; Grand Hotel Tiberio","og_description":"Excurs\u00f5es e Visitas Guiadas a Roma, Floren\u00e7a, N\u00e1poles, Sorrento, Capri e Pompeia aos principais monumentos e locais de interesse cultural e hist\u00f3rico, realizadas com a Pullman Gran Turismo e Guias locais autorizados, bilhetes de entrada inclu\u00eddos. Transfer gratuito do hotel com regresso.  Para custos e pormenores pedimos-lhe que envie um e-mail para info@ghtiberio.com","og_url":"https:\/\/www.ghtiberio.com\/pt-pt\/excursoes\/","og_site_name":"Grand Hotel Tiberio","article_modified_time":"2021-10-27T09:38:14+00:00","twitter_card":"summary_large_image","twitter_misc":{"Tempo estimado de leitura":"1 minuto"},"schema":{"@context":"https:\/\/schema.org","@graph":[{"@type":"WebPage","@id":"https:\/\/www.ghtiberio.com\/pt-pt\/excursoes\/","url":"https:\/\/www.ghtiberio.com\/pt-pt\/excursoes\/","name":"Excurs\u00f5es &#8211; Grand Hotel Tiberio","isPartOf":{"@id":"https:\/\/www.ghtiberio.com\/pt-pt\/#website"},"datePublished":"2021-10-04T19:49:48+00:00","dateModified":"2021-10-27T09:38:14+00:00","description":"Excurs\u00f5es e Visitas Guiadas a Roma, Floren\u00e7a, N\u00e1poles, Sorrento, Capri e Pompeia aos principais monumentos e locais de interesse cultural e hist\u00f3rico, realizadas com a Pullman Gran Turismo e Guias locais autorizados, bilhetes de entrada inclu\u00eddos. Transfer gratuito do hotel com regresso. Para custos e pormenores pedimos-lhe que envie um e-mail para info@ghtiberio.com","breadcrumb":{"@id":"https:\/\/www.ghtiberio.com\/pt-pt\/excursoes\/#breadcrumb"},"inLanguage":"pt-PT","potentialAction":[{"@type":"ReadAction","target":["https:\/\/www.ghtiberio.com\/pt-pt\/excursoes\/"]}]},{"@type":"BreadcrumbList","@id":"https:\/\/www.ghtiberio.com\/pt-pt\/excursoes\/#breadcrumb","itemListElement":[{"@type":"ListItem","position":1,"name":"Home","item":"https:\/\/www.ghtiberio.com\/pt-pt\/"},{"@type":"ListItem","position":2,"name":"Excurs\u00f5es"}]},{"@type":"WebSite","@id":"https:\/\/www.ghtiberio.com\/pt-pt\/#website","url":"https:\/\/www.ghtiberio.com\/pt-pt\/","name":"Grand Hotel Tiberio","description":"Just another ms.decms.eu site","potentialAction":[{"@type":"SearchAction","target":{"@type":"EntryPoint","urlTemplate":"https:\/\/www.ghtiberio.com\/pt-pt\/?s={search_term_string}"},"query-input":{"@type":"PropertyValueSpecification","valueRequired":true,"valueName":"search_term_string"}}],"inLanguage":"pt-PT"}]}},"acf":[],"_links":{"self":[{"href":"https:\/\/www.ghtiberio.com\/pt-pt\/wp-json\/wp\/v2\/pages\/301","targetHints":{"allow":["GET"]}}],"collection":[{"href":"https:\/\/www.ghtiberio.com\/pt-pt\/wp-json\/wp\/v2\/pages"}],"about":[{"href":"https:\/\/www.ghtiberio.com\/pt-pt\/wp-json\/wp\/v2\/types\/page"}],"author":[{"embeddable":true,"href":"https:\/\/www.ghtiberio.com\/pt-pt\/wp-json\/wp\/v2\/users\/7"}],"replies":[{"embeddable":true,"href":"https:\/\/www.ghtiberio.com\/pt-pt\/wp-json\/wp\/v2\/comments?post=301"}],"version-history":[{"count":0,"href":"https:\/\/www.ghtiberio.com\/pt-pt\/wp-json\/wp\/v2\/pages\/301\/revisions"}],"wp:attachment":[{"href":"https:\/\/www.ghtiberio.com\/pt-pt\/wp-json\/wp\/v2\/media?parent=301"}],"curies":[{"name":"wp","href":"https:\/\/api.w.org\/{rel}","templated":true}]}}