{"id":363,"date":"2021-10-05T14:43:48","date_gmt":"2021-10-05T14:43:48","guid":{"rendered":"https:\/\/grand-hotel-tiberio.ms.decms.eu\/?page_id=363"},"modified":"2021-10-05T15:20:06","modified_gmt":"2021-10-05T15:20:06","slug":"salas-de-reunioes","status":"publish","type":"page","link":"https:\/\/www.ghtiberio.com\/pt-pt\/salas-de-reunioes\/","title":{"rendered":"Salas de Reuni\u00f5es"},"content":{"rendered":"<p>O Grand Hotel Tiberio coloca \u00e0 disposi\u00e7\u00e3o dos seus h\u00f3spedes 2<strong>\u00a0salas de reuni\u00f5es <\/strong>dotadas de todos os tipos de equipamentos:<br \/>\nAs salas encontram-se <strong>dotadas de todos os equipamentos de base<\/strong>, como retroprojetores e videoprojectores.<\/p>\n<p>Sob pedido ser\u00e1 colocado \u00e0 disposi\u00e7\u00e3o qualquer outro tipo de equipamentos \u00e1udio-v\u00eddeo, inclusive para organizar videoconfer\u00eancias.<br \/>\nO restaurante do Hotel ocupar-se-\u00e1 da prepara\u00e7\u00e3o da pausa para caf\u00e9 e dos refrescos.<\/p>\n<p style=\"text-align: center;\">Email:\u00a0<a href=\"mailto:info@ghtiberio.com\">info@ghtiberio.com<\/a><\/p>\n<p style=\"text-align: center;\">Tel: \u00a00039 06399629<\/p>\n","protected":false},"excerpt":{"rendered":"<p>O Grand Hotel Tiberio coloca \u00e0 disposi\u00e7\u00e3o dos seus h\u00f3spedes 2\u00a0salas de reuni\u00f5es dotadas de todos os tipos de equipamentos: As salas encontram-se dotadas de todos os equipamentos de base, como retroprojetores e videoprojectores. Sob pedido ser\u00e1 colocado \u00e0 disposi\u00e7\u00e3o qualquer outro tipo de equipamentos \u00e1udio-v\u00eddeo, inclusive para organizar videoconfer\u00eancias. O restaurante do Hotel ocupar-se-\u00e1 [&hellip;]<\/p>\n","protected":false},"author":7,"featured_media":0,"parent":0,"menu_order":15,"comment_status":"closed","ping_status":"closed","template":"template-default-2.php","meta":{"footnotes":""},"class_list":["post-363","page","type-page","status-publish","hentry"],"yoast_head":"<!-- This site is optimized with the Yoast SEO plugin v26.9 - https:\/\/yoast.com\/product\/yoast-seo-wordpress\/ -->\n<title>Salas de Reuni\u00f5es &#8211; Grand Hotel Tiberio<\/title>\n<meta name=\"description\" content=\"O Grand Hotel Tiberio coloca \u00e0 disposi\u00e7\u00e3o dos seus h\u00f3spedes 2\u00a0salas de reuni\u00f5es dotadas de todos os tipos de equipamentos: As salas encontram-se dotadas de todos os equipamentos de base, como retroprojetores e videoprojectores.  Sob pedido ser\u00e1 colocado \u00e0 disposi\u00e7\u00e3o qualquer outro tipo de equipamentos \u00e1udio-v\u00eddeo, inclusive para organizar videoconfer\u00eancias. O restaurante do Hotel ocupar-se-\u00e1 da prepara\u00e7\u00e3o da pausa para caf\u00e9 e dos refrescos. Email:\u00a0info@ghtiberio.com Tel: \u00a00039 06399629.\" \/>\n<meta name=\"robots\" content=\"index, follow, max-snippet:-1, max-image-preview:large, max-video-preview:-1\" \/>\n<link rel=\"canonical\" href=\"https:\/\/www.ghtiberio.com\/pt-pt\/salas-de-reunioes\/\" \/>\n<meta property=\"og:locale\" content=\"pt_PT\" \/>\n<meta property=\"og:type\" content=\"article\" \/>\n<meta property=\"og:title\" content=\"Salas de Reuni\u00f5es &#8211; Grand Hotel Tiberio\" \/>\n<meta property=\"og:description\" content=\"O Grand Hotel Tiberio coloca \u00e0 disposi\u00e7\u00e3o dos seus h\u00f3spedes 2\u00a0salas de reuni\u00f5es dotadas de todos os tipos de equipamentos: As salas encontram-se dotadas de todos os equipamentos de base, como retroprojetores e videoprojectores.  Sob pedido ser\u00e1 colocado \u00e0 disposi\u00e7\u00e3o qualquer outro tipo de equipamentos \u00e1udio-v\u00eddeo, inclusive para organizar videoconfer\u00eancias. O restaurante do Hotel ocupar-se-\u00e1 da prepara\u00e7\u00e3o da pausa para caf\u00e9 e dos refrescos. Email:\u00a0info@ghtiberio.com Tel: \u00a00039 06399629.\" \/>\n<meta property=\"og:url\" content=\"https:\/\/www.ghtiberio.com\/pt-pt\/salas-de-reunioes\/\" \/>\n<meta property=\"og:site_name\" content=\"Grand Hotel Tiberio\" \/>\n<meta property=\"article:modified_time\" content=\"2021-10-05T15:20:06+00:00\" \/>\n<meta name=\"twitter:card\" content=\"summary_large_image\" \/>\n<meta name=\"twitter:label1\" content=\"Tempo estimado de leitura\" \/>\n\t<meta name=\"twitter:data1\" content=\"1 minuto\" \/>\n<script type=\"application\/ld+json\" class=\"yoast-schema-graph\">{\"@context\":\"https:\/\/schema.org\",\"@graph\":[{\"@type\":\"WebPage\",\"@id\":\"https:\/\/www.ghtiberio.com\/pt-pt\/salas-de-reunioes\/\",\"url\":\"https:\/\/www.ghtiberio.com\/pt-pt\/salas-de-reunioes\/\",\"name\":\"Salas de Reuni\u00f5es &#8211; Grand Hotel Tiberio\",\"isPartOf\":{\"@id\":\"https:\/\/www.ghtiberio.com\/pt-pt\/#website\"},\"datePublished\":\"2021-10-05T14:43:48+00:00\",\"dateModified\":\"2021-10-05T15:20:06+00:00\",\"description\":\"O Grand Hotel Tiberio coloca \u00e0 disposi\u00e7\u00e3o dos seus h\u00f3spedes 2\u00a0salas de reuni\u00f5es dotadas de todos os tipos de equipamentos: As salas encontram-se dotadas de todos os equipamentos de base, como retroprojetores e videoprojectores. Sob pedido ser\u00e1 colocado \u00e0 disposi\u00e7\u00e3o qualquer outro tipo de equipamentos \u00e1udio-v\u00eddeo, inclusive para organizar videoconfer\u00eancias. O restaurante do Hotel ocupar-se-\u00e1 da prepara\u00e7\u00e3o da pausa para caf\u00e9 e dos refrescos. Email:\u00a0info@ghtiberio.com Tel: \u00a00039 06399629 .\",\"breadcrumb\":{\"@id\":\"https:\/\/www.ghtiberio.com\/pt-pt\/salas-de-reunioes\/#breadcrumb\"},\"inLanguage\":\"pt-PT\",\"potentialAction\":[{\"@type\":\"ReadAction\",\"target\":[\"https:\/\/www.ghtiberio.com\/pt-pt\/salas-de-reunioes\/\"]}]},{\"@type\":\"BreadcrumbList\",\"@id\":\"https:\/\/www.ghtiberio.com\/pt-pt\/salas-de-reunioes\/#breadcrumb\",\"itemListElement\":[{\"@type\":\"ListItem\",\"position\":1,\"name\":\"Home\",\"item\":\"https:\/\/www.ghtiberio.com\/pt-pt\/\"},{\"@type\":\"ListItem\",\"position\":2,\"name\":\"Salas de Reuni\u00f5es\"}]},{\"@type\":\"WebSite\",\"@id\":\"https:\/\/www.ghtiberio.com\/pt-pt\/#website\",\"url\":\"https:\/\/www.ghtiberio.com\/pt-pt\/\",\"name\":\"Grand Hotel Tiberio\",\"description\":\"Just another ms.decms.eu site\",\"potentialAction\":[{\"@type\":\"SearchAction\",\"target\":{\"@type\":\"EntryPoint\",\"urlTemplate\":\"https:\/\/www.ghtiberio.com\/pt-pt\/?s={search_term_string}\"},\"query-input\":{\"@type\":\"PropertyValueSpecification\",\"valueRequired\":true,\"valueName\":\"search_term_string\"}}],\"inLanguage\":\"pt-PT\"}]}<\/script>\n<!-- \/ Yoast SEO plugin. -->","yoast_head_json":{"title":"Salas de Reuni\u00f5es &#8211; Grand Hotel Tiberio","description":"O Grand Hotel Tiberio coloca \u00e0 disposi\u00e7\u00e3o dos seus h\u00f3spedes 2\u00a0salas de reuni\u00f5es dotadas de todos os tipos de equipamentos: As salas encontram-se dotadas de todos os equipamentos de base, como retroprojetores e videoprojectores.  Sob pedido ser\u00e1 colocado \u00e0 disposi\u00e7\u00e3o qualquer outro tipo de equipamentos \u00e1udio-v\u00eddeo, inclusive para organizar videoconfer\u00eancias. O restaurante do Hotel ocupar-se-\u00e1 da prepara\u00e7\u00e3o da pausa para caf\u00e9 e dos refrescos. Email:\u00a0info@ghtiberio.com Tel: \u00a00039 06399629.","robots":{"index":"index","follow":"follow","max-snippet":"max-snippet:-1","max-image-preview":"max-image-preview:large","max-video-preview":"max-video-preview:-1"},"canonical":"https:\/\/www.ghtiberio.com\/pt-pt\/salas-de-reunioes\/","og_locale":"pt_PT","og_type":"article","og_title":"Salas de Reuni\u00f5es &#8211; Grand Hotel Tiberio","og_description":"O Grand Hotel Tiberio coloca \u00e0 disposi\u00e7\u00e3o dos seus h\u00f3spedes 2\u00a0salas de reuni\u00f5es dotadas de todos os tipos de equipamentos: As salas encontram-se dotadas de todos os equipamentos de base, como retroprojetores e videoprojectores.  Sob pedido ser\u00e1 colocado \u00e0 disposi\u00e7\u00e3o qualquer outro tipo de equipamentos \u00e1udio-v\u00eddeo, inclusive para organizar videoconfer\u00eancias. O restaurante do Hotel ocupar-se-\u00e1 da prepara\u00e7\u00e3o da pausa para caf\u00e9 e dos refrescos. Email:\u00a0info@ghtiberio.com Tel: \u00a00039 06399629.","og_url":"https:\/\/www.ghtiberio.com\/pt-pt\/salas-de-reunioes\/","og_site_name":"Grand Hotel Tiberio","article_modified_time":"2021-10-05T15:20:06+00:00","twitter_card":"summary_large_image","twitter_misc":{"Tempo estimado de leitura":"1 minuto"},"schema":{"@context":"https:\/\/schema.org","@graph":[{"@type":"WebPage","@id":"https:\/\/www.ghtiberio.com\/pt-pt\/salas-de-reunioes\/","url":"https:\/\/www.ghtiberio.com\/pt-pt\/salas-de-reunioes\/","name":"Salas de Reuni\u00f5es &#8211; Grand Hotel Tiberio","isPartOf":{"@id":"https:\/\/www.ghtiberio.com\/pt-pt\/#website"},"datePublished":"2021-10-05T14:43:48+00:00","dateModified":"2021-10-05T15:20:06+00:00","description":"O Grand Hotel Tiberio coloca \u00e0 disposi\u00e7\u00e3o dos seus h\u00f3spedes 2\u00a0salas de reuni\u00f5es dotadas de todos os tipos de equipamentos: As salas encontram-se dotadas de todos os equipamentos de base, como retroprojetores e videoprojectores. Sob pedido ser\u00e1 colocado \u00e0 disposi\u00e7\u00e3o qualquer outro tipo de equipamentos \u00e1udio-v\u00eddeo, inclusive para organizar videoconfer\u00eancias. O restaurante do Hotel ocupar-se-\u00e1 da prepara\u00e7\u00e3o da pausa para caf\u00e9 e dos refrescos. Email:\u00a0info@ghtiberio.com Tel: \u00a00039 06399629 .","breadcrumb":{"@id":"https:\/\/www.ghtiberio.com\/pt-pt\/salas-de-reunioes\/#breadcrumb"},"inLanguage":"pt-PT","potentialAction":[{"@type":"ReadAction","target":["https:\/\/www.ghtiberio.com\/pt-pt\/salas-de-reunioes\/"]}]},{"@type":"BreadcrumbList","@id":"https:\/\/www.ghtiberio.com\/pt-pt\/salas-de-reunioes\/#breadcrumb","itemListElement":[{"@type":"ListItem","position":1,"name":"Home","item":"https:\/\/www.ghtiberio.com\/pt-pt\/"},{"@type":"ListItem","position":2,"name":"Salas de Reuni\u00f5es"}]},{"@type":"WebSite","@id":"https:\/\/www.ghtiberio.com\/pt-pt\/#website","url":"https:\/\/www.ghtiberio.com\/pt-pt\/","name":"Grand Hotel Tiberio","description":"Just another ms.decms.eu site","potentialAction":[{"@type":"SearchAction","target":{"@type":"EntryPoint","urlTemplate":"https:\/\/www.ghtiberio.com\/pt-pt\/?s={search_term_string}"},"query-input":{"@type":"PropertyValueSpecification","valueRequired":true,"valueName":"search_term_string"}}],"inLanguage":"pt-PT"}]}},"acf":[],"_links":{"self":[{"href":"https:\/\/www.ghtiberio.com\/pt-pt\/wp-json\/wp\/v2\/pages\/363","targetHints":{"allow":["GET"]}}],"collection":[{"href":"https:\/\/www.ghtiberio.com\/pt-pt\/wp-json\/wp\/v2\/pages"}],"about":[{"href":"https:\/\/www.ghtiberio.com\/pt-pt\/wp-json\/wp\/v2\/types\/page"}],"author":[{"embeddable":true,"href":"https:\/\/www.ghtiberio.com\/pt-pt\/wp-json\/wp\/v2\/users\/7"}],"replies":[{"embeddable":true,"href":"https:\/\/www.ghtiberio.com\/pt-pt\/wp-json\/wp\/v2\/comments?post=363"}],"version-history":[{"count":0,"href":"https:\/\/www.ghtiberio.com\/pt-pt\/wp-json\/wp\/v2\/pages\/363\/revisions"}],"wp:attachment":[{"href":"https:\/\/www.ghtiberio.com\/pt-pt\/wp-json\/wp\/v2\/media?parent=363"}],"curies":[{"name":"wp","href":"https:\/\/api.w.org\/{rel}","templated":true}]}}