{"id":374,"date":"2021-10-05T15:33:34","date_gmt":"2021-10-05T15:33:34","guid":{"rendered":"https:\/\/grand-hotel-tiberio.ms.decms.eu\/?page_id=374"},"modified":"2021-10-05T15:57:03","modified_gmt":"2021-10-05T15:57:03","slug":"sala-tiberina","status":"publish","type":"page","link":"https:\/\/www.ghtiberio.com\/pt-pt\/salas-de-reunioes\/sala-tiberina\/","title":{"rendered":"Sala Tiberina"},"content":{"rendered":"<p>\u00c9 uma ampla sala de reuni\u00f5es com capacidade para albergar at\u00e9 100 pessoas, ideal para conv\u00e9nios e cursos de atualiza\u00e7\u00e3o e forma\u00e7\u00e3o. Situada no primeiro piso subterr\u00e2neo do edif\u00edcio, permite aos h\u00f3spedes realizarem uma agrad\u00e1vel pausa regeneradora no gin\u00e1sio ou na suana.<\/p>\n","protected":false},"excerpt":{"rendered":"<p>\u00c9 uma ampla sala de reuni\u00f5es com capacidade para albergar at\u00e9 100 pessoas, ideal para conv\u00e9nios e cursos de atualiza\u00e7\u00e3o e forma\u00e7\u00e3o. Situada no primeiro piso subterr\u00e2neo do edif\u00edcio, permite aos h\u00f3spedes realizarem uma agrad\u00e1vel pausa regeneradora no gin\u00e1sio ou na suana.<\/p>\n","protected":false},"author":7,"featured_media":0,"parent":363,"menu_order":0,"comment_status":"closed","ping_status":"closed","template":"","meta":{"footnotes":""},"class_list":["post-374","page","type-page","status-publish","hentry"],"yoast_head":"<!-- This site is optimized with the Yoast SEO plugin v26.9 - https:\/\/yoast.com\/product\/yoast-seo-wordpress\/ -->\n<title>Sala Tiberina &#8211; Grand Hotel Tiberio<\/title>\n<meta name=\"description\" content=\"\u00c9 uma ampla sala de reuni\u00f5es com capacidade para albergar at\u00e9 100 pessoas, ideal para conv\u00e9nios e cursos de atualiza\u00e7\u00e3o e forma\u00e7\u00e3o. Situada no primeiro piso subterr\u00e2neo do edif\u00edcio, permite aos h\u00f3spedes realizarem uma agrad\u00e1vel pausa regeneradora no gin\u00e1sio ou na suana.\" \/>\n<meta name=\"robots\" content=\"index, follow, max-snippet:-1, max-image-preview:large, max-video-preview:-1\" \/>\n<link rel=\"canonical\" href=\"https:\/\/www.ghtiberio.com\/pt-pt\/salas-de-reunioes\/sala-tiberina\/\" \/>\n<meta property=\"og:locale\" content=\"pt_PT\" \/>\n<meta property=\"og:type\" content=\"article\" \/>\n<meta property=\"og:title\" content=\"Sala Tiberina &#8211; Grand Hotel Tiberio\" \/>\n<meta property=\"og:description\" content=\"\u00c9 uma ampla sala de reuni\u00f5es com capacidade para albergar at\u00e9 100 pessoas, ideal para conv\u00e9nios e cursos de atualiza\u00e7\u00e3o e forma\u00e7\u00e3o. Situada no primeiro piso subterr\u00e2neo do edif\u00edcio, permite aos h\u00f3spedes realizarem uma agrad\u00e1vel pausa regeneradora no gin\u00e1sio ou na suana.\" \/>\n<meta property=\"og:url\" content=\"https:\/\/www.ghtiberio.com\/pt-pt\/salas-de-reunioes\/sala-tiberina\/\" \/>\n<meta property=\"og:site_name\" content=\"Grand Hotel Tiberio\" \/>\n<meta property=\"article:modified_time\" content=\"2021-10-05T15:57:03+00:00\" \/>\n<meta name=\"twitter:card\" content=\"summary_large_image\" \/>\n<meta name=\"twitter:label1\" content=\"Tempo estimado de leitura\" \/>\n\t<meta name=\"twitter:data1\" content=\"1 minuto\" \/>\n<script type=\"application\/ld+json\" class=\"yoast-schema-graph\">{\"@context\":\"https:\/\/schema.org\",\"@graph\":[{\"@type\":\"WebPage\",\"@id\":\"https:\/\/www.ghtiberio.com\/pt-pt\/salas-de-reunioes\/sala-tiberina\/\",\"url\":\"https:\/\/www.ghtiberio.com\/pt-pt\/salas-de-reunioes\/sala-tiberina\/\",\"name\":\"Sala Tiberina &#8211; Grand Hotel Tiberio\",\"isPartOf\":{\"@id\":\"https:\/\/www.ghtiberio.com\/pt-pt\/#website\"},\"datePublished\":\"2021-10-05T15:33:34+00:00\",\"dateModified\":\"2021-10-05T15:57:03+00:00\",\"description\":\"\u00c9 uma ampla sala de reuni\u00f5es com capacidade para albergar at\u00e9 100 pessoas, ideal para conv\u00e9nios e cursos de atualiza\u00e7\u00e3o e forma\u00e7\u00e3o. Situada no primeiro piso subterr\u00e2neo do edif\u00edcio, permite aos h\u00f3spedes realizarem uma agrad\u00e1vel pausa regeneradora no gin\u00e1sio ou na suana.\",\"breadcrumb\":{\"@id\":\"https:\/\/www.ghtiberio.com\/pt-pt\/salas-de-reunioes\/sala-tiberina\/#breadcrumb\"},\"inLanguage\":\"pt-PT\",\"potentialAction\":[{\"@type\":\"ReadAction\",\"target\":[\"https:\/\/www.ghtiberio.com\/pt-pt\/salas-de-reunioes\/sala-tiberina\/\"]}]},{\"@type\":\"BreadcrumbList\",\"@id\":\"https:\/\/www.ghtiberio.com\/pt-pt\/salas-de-reunioes\/sala-tiberina\/#breadcrumb\",\"itemListElement\":[{\"@type\":\"ListItem\",\"position\":1,\"name\":\"Home\",\"item\":\"https:\/\/www.ghtiberio.com\/pt-pt\/\"},{\"@type\":\"ListItem\",\"position\":2,\"name\":\"Salas de Reuni\u00f5es\",\"item\":\"https:\/\/www.ghtiberio.com\/pt-pt\/salas-de-reunioes\/\"},{\"@type\":\"ListItem\",\"position\":3,\"name\":\"Sala Tiberina\"}]},{\"@type\":\"WebSite\",\"@id\":\"https:\/\/www.ghtiberio.com\/pt-pt\/#website\",\"url\":\"https:\/\/www.ghtiberio.com\/pt-pt\/\",\"name\":\"Grand Hotel Tiberio\",\"description\":\"Just another ms.decms.eu site\",\"potentialAction\":[{\"@type\":\"SearchAction\",\"target\":{\"@type\":\"EntryPoint\",\"urlTemplate\":\"https:\/\/www.ghtiberio.com\/pt-pt\/?s={search_term_string}\"},\"query-input\":{\"@type\":\"PropertyValueSpecification\",\"valueRequired\":true,\"valueName\":\"search_term_string\"}}],\"inLanguage\":\"pt-PT\"}]}<\/script>\n<!-- \/ Yoast SEO plugin. -->","yoast_head_json":{"title":"Sala Tiberina &#8211; Grand Hotel Tiberio","description":"\u00c9 uma ampla sala de reuni\u00f5es com capacidade para albergar at\u00e9 100 pessoas, ideal para conv\u00e9nios e cursos de atualiza\u00e7\u00e3o e forma\u00e7\u00e3o. Situada no primeiro piso subterr\u00e2neo do edif\u00edcio, permite aos h\u00f3spedes realizarem uma agrad\u00e1vel pausa regeneradora no gin\u00e1sio ou na suana.","robots":{"index":"index","follow":"follow","max-snippet":"max-snippet:-1","max-image-preview":"max-image-preview:large","max-video-preview":"max-video-preview:-1"},"canonical":"https:\/\/www.ghtiberio.com\/pt-pt\/salas-de-reunioes\/sala-tiberina\/","og_locale":"pt_PT","og_type":"article","og_title":"Sala Tiberina &#8211; Grand Hotel Tiberio","og_description":"\u00c9 uma ampla sala de reuni\u00f5es com capacidade para albergar at\u00e9 100 pessoas, ideal para conv\u00e9nios e cursos de atualiza\u00e7\u00e3o e forma\u00e7\u00e3o. Situada no primeiro piso subterr\u00e2neo do edif\u00edcio, permite aos h\u00f3spedes realizarem uma agrad\u00e1vel pausa regeneradora no gin\u00e1sio ou na suana.","og_url":"https:\/\/www.ghtiberio.com\/pt-pt\/salas-de-reunioes\/sala-tiberina\/","og_site_name":"Grand Hotel Tiberio","article_modified_time":"2021-10-05T15:57:03+00:00","twitter_card":"summary_large_image","twitter_misc":{"Tempo estimado de leitura":"1 minuto"},"schema":{"@context":"https:\/\/schema.org","@graph":[{"@type":"WebPage","@id":"https:\/\/www.ghtiberio.com\/pt-pt\/salas-de-reunioes\/sala-tiberina\/","url":"https:\/\/www.ghtiberio.com\/pt-pt\/salas-de-reunioes\/sala-tiberina\/","name":"Sala Tiberina &#8211; Grand Hotel Tiberio","isPartOf":{"@id":"https:\/\/www.ghtiberio.com\/pt-pt\/#website"},"datePublished":"2021-10-05T15:33:34+00:00","dateModified":"2021-10-05T15:57:03+00:00","description":"\u00c9 uma ampla sala de reuni\u00f5es com capacidade para albergar at\u00e9 100 pessoas, ideal para conv\u00e9nios e cursos de atualiza\u00e7\u00e3o e forma\u00e7\u00e3o. Situada no primeiro piso subterr\u00e2neo do edif\u00edcio, permite aos h\u00f3spedes realizarem uma agrad\u00e1vel pausa regeneradora no gin\u00e1sio ou na suana.","breadcrumb":{"@id":"https:\/\/www.ghtiberio.com\/pt-pt\/salas-de-reunioes\/sala-tiberina\/#breadcrumb"},"inLanguage":"pt-PT","potentialAction":[{"@type":"ReadAction","target":["https:\/\/www.ghtiberio.com\/pt-pt\/salas-de-reunioes\/sala-tiberina\/"]}]},{"@type":"BreadcrumbList","@id":"https:\/\/www.ghtiberio.com\/pt-pt\/salas-de-reunioes\/sala-tiberina\/#breadcrumb","itemListElement":[{"@type":"ListItem","position":1,"name":"Home","item":"https:\/\/www.ghtiberio.com\/pt-pt\/"},{"@type":"ListItem","position":2,"name":"Salas de Reuni\u00f5es","item":"https:\/\/www.ghtiberio.com\/pt-pt\/salas-de-reunioes\/"},{"@type":"ListItem","position":3,"name":"Sala Tiberina"}]},{"@type":"WebSite","@id":"https:\/\/www.ghtiberio.com\/pt-pt\/#website","url":"https:\/\/www.ghtiberio.com\/pt-pt\/","name":"Grand Hotel Tiberio","description":"Just another ms.decms.eu site","potentialAction":[{"@type":"SearchAction","target":{"@type":"EntryPoint","urlTemplate":"https:\/\/www.ghtiberio.com\/pt-pt\/?s={search_term_string}"},"query-input":{"@type":"PropertyValueSpecification","valueRequired":true,"valueName":"search_term_string"}}],"inLanguage":"pt-PT"}]}},"acf":[],"_links":{"self":[{"href":"https:\/\/www.ghtiberio.com\/pt-pt\/wp-json\/wp\/v2\/pages\/374","targetHints":{"allow":["GET"]}}],"collection":[{"href":"https:\/\/www.ghtiberio.com\/pt-pt\/wp-json\/wp\/v2\/pages"}],"about":[{"href":"https:\/\/www.ghtiberio.com\/pt-pt\/wp-json\/wp\/v2\/types\/page"}],"author":[{"embeddable":true,"href":"https:\/\/www.ghtiberio.com\/pt-pt\/wp-json\/wp\/v2\/users\/7"}],"replies":[{"embeddable":true,"href":"https:\/\/www.ghtiberio.com\/pt-pt\/wp-json\/wp\/v2\/comments?post=374"}],"version-history":[{"count":0,"href":"https:\/\/www.ghtiberio.com\/pt-pt\/wp-json\/wp\/v2\/pages\/374\/revisions"}],"up":[{"embeddable":true,"href":"https:\/\/www.ghtiberio.com\/pt-pt\/wp-json\/wp\/v2\/pages\/363"}],"wp:attachment":[{"href":"https:\/\/www.ghtiberio.com\/pt-pt\/wp-json\/wp\/v2\/media?parent=374"}],"curies":[{"name":"wp","href":"https:\/\/api.w.org\/{rel}","templated":true}]}}