{"id":395,"date":"2021-10-06T09:47:53","date_gmt":"2021-10-06T09:47:53","guid":{"rendered":"https:\/\/grand-hotel-tiberio.ms.decms.eu\/dove-siamo\/"},"modified":"2024-11-14T09:27:41","modified_gmt":"2024-11-14T09:27:41","slug":"localizacao","status":"publish","type":"page","link":"https:\/\/www.ghtiberio.com\/pt-pt\/localizacao\/","title":{"rendered":"Localiza\u00e7\u00e3o"},"content":{"rendered":"<p>O <strong>Grand Hotel Tiberio<\/strong> encontra-se situado na exclusiva zona residencial da Balduina, a apenas 1.5 km, cerca de 20 minutos a p\u00e9, <strong>da Cidade do Vaticano<\/strong> onde se encontram os Museus do Vaticano e a Bas\u00edlica de S\u00e3o Pedro. Bem servido pelos meios de transporte p\u00fablicos (Metro, Autocarro, comboio FM3) pode-se chegar facilmente a todas as atra\u00e7\u00f5es de Roma.<\/p>\n","protected":false},"excerpt":{"rendered":"<p>O Grand Hotel Tiberio encontra-se situado na exclusiva zona residencial da Balduina, a apenas 1.5 km, cerca de 20 minutos a p\u00e9, da Cidade do Vaticano onde se encontram os Museus do Vaticano e a Bas\u00edlica de S\u00e3o Pedro. Bem servido pelos meios de transporte p\u00fablicos (Metro, Autocarro, comboio FM3) pode-se chegar facilmente a todas [&hellip;]<\/p>\n","protected":false},"author":7,"featured_media":0,"parent":0,"menu_order":40,"comment_status":"closed","ping_status":"closed","template":"template-location.php","meta":{"footnotes":""},"class_list":["post-395","page","type-page","status-publish","hentry"],"yoast_head":"<!-- This site is optimized with the Yoast SEO plugin v26.9 - https:\/\/yoast.com\/product\/yoast-seo-wordpress\/ -->\n<title>Localiza\u00e7\u00e3o &#8211; Grand Hotel Tiberio<\/title>\n<meta name=\"description\" content=\"O Grand Hotel Tiberio encontra-se situado na exclusiva zona residencial da Balduina, a apenas 1.5 km, cerca de 20 minutos a p\u00e9, da Cidade do Vaticano onde se encontram os Museus do Vaticano e a Bas\u00edlica de S\u00e3o Pedro. Bem servido pelos meios de transporte p\u00fablicos (Metro, Autocarro, comboio FM3) pode-se chegar facilmente a todas as atra\u00e7\u00f5es de Roma.\" \/>\n<meta name=\"robots\" content=\"index, follow, max-snippet:-1, max-image-preview:large, max-video-preview:-1\" \/>\n<link rel=\"canonical\" href=\"https:\/\/www.ghtiberio.com\/pt-pt\/localizacao\/\" \/>\n<meta property=\"og:locale\" content=\"pt_PT\" \/>\n<meta property=\"og:type\" content=\"article\" \/>\n<meta property=\"og:title\" content=\"Localiza\u00e7\u00e3o &#8211; Grand Hotel Tiberio\" \/>\n<meta property=\"og:description\" content=\"O Grand Hotel Tiberio encontra-se situado na exclusiva zona residencial da Balduina, a apenas 1.5 km, cerca de 20 minutos a p\u00e9, da Cidade do Vaticano onde se encontram os Museus do Vaticano e a Bas\u00edlica de S\u00e3o Pedro. Bem servido pelos meios de transporte p\u00fablicos (Metro, Autocarro, comboio FM3) pode-se chegar facilmente a todas as atra\u00e7\u00f5es de Roma.\" \/>\n<meta property=\"og:url\" content=\"https:\/\/www.ghtiberio.com\/pt-pt\/localizacao\/\" \/>\n<meta property=\"og:site_name\" content=\"Grand Hotel Tiberio\" \/>\n<meta property=\"article:modified_time\" content=\"2024-11-14T09:27:41+00:00\" \/>\n<meta name=\"twitter:card\" content=\"summary_large_image\" \/>\n<meta name=\"twitter:label1\" content=\"Tempo estimado de leitura\" \/>\n\t<meta name=\"twitter:data1\" content=\"1 minuto\" \/>\n<script type=\"application\/ld+json\" class=\"yoast-schema-graph\">{\"@context\":\"https:\/\/schema.org\",\"@graph\":[{\"@type\":\"WebPage\",\"@id\":\"https:\/\/www.ghtiberio.com\/pt-pt\/localizacao\/\",\"url\":\"https:\/\/www.ghtiberio.com\/pt-pt\/localizacao\/\",\"name\":\"Localiza\u00e7\u00e3o &#8211; Grand Hotel Tiberio\",\"isPartOf\":{\"@id\":\"https:\/\/www.ghtiberio.com\/pt-pt\/#website\"},\"datePublished\":\"2021-10-06T09:47:53+00:00\",\"dateModified\":\"2024-11-14T09:27:41+00:00\",\"description\":\"O Grand Hotel Tiberio encontra-se situado na exclusiva zona residencial da Balduina, a apenas 1.5 km, cerca de 20 minutos a p\u00e9, da Cidade do Vaticano onde se encontram os Museus do Vaticano e a Bas\u00edlica de S\u00e3o Pedro. Bem servido pelos meios de transporte p\u00fablicos (Metro, Autocarro, comboio FM3) pode-se chegar facilmente a todas as atra\u00e7\u00f5es de Roma.\",\"breadcrumb\":{\"@id\":\"https:\/\/www.ghtiberio.com\/pt-pt\/localizacao\/#breadcrumb\"},\"inLanguage\":\"pt-PT\",\"potentialAction\":[{\"@type\":\"ReadAction\",\"target\":[\"https:\/\/www.ghtiberio.com\/pt-pt\/localizacao\/\"]}]},{\"@type\":\"BreadcrumbList\",\"@id\":\"https:\/\/www.ghtiberio.com\/pt-pt\/localizacao\/#breadcrumb\",\"itemListElement\":[{\"@type\":\"ListItem\",\"position\":1,\"name\":\"Home\",\"item\":\"https:\/\/www.ghtiberio.com\/pt-pt\/\"},{\"@type\":\"ListItem\",\"position\":2,\"name\":\"Localiza\u00e7\u00e3o\"}]},{\"@type\":\"WebSite\",\"@id\":\"https:\/\/www.ghtiberio.com\/pt-pt\/#website\",\"url\":\"https:\/\/www.ghtiberio.com\/pt-pt\/\",\"name\":\"Grand Hotel Tiberio\",\"description\":\"Just another ms.decms.eu site\",\"potentialAction\":[{\"@type\":\"SearchAction\",\"target\":{\"@type\":\"EntryPoint\",\"urlTemplate\":\"https:\/\/www.ghtiberio.com\/pt-pt\/?s={search_term_string}\"},\"query-input\":{\"@type\":\"PropertyValueSpecification\",\"valueRequired\":true,\"valueName\":\"search_term_string\"}}],\"inLanguage\":\"pt-PT\"}]}<\/script>\n<!-- \/ Yoast SEO plugin. -->","yoast_head_json":{"title":"Localiza\u00e7\u00e3o &#8211; Grand Hotel Tiberio","description":"O Grand Hotel Tiberio encontra-se situado na exclusiva zona residencial da Balduina, a apenas 1.5 km, cerca de 20 minutos a p\u00e9, da Cidade do Vaticano onde se encontram os Museus do Vaticano e a Bas\u00edlica de S\u00e3o Pedro. Bem servido pelos meios de transporte p\u00fablicos (Metro, Autocarro, comboio FM3) pode-se chegar facilmente a todas as atra\u00e7\u00f5es de Roma.","robots":{"index":"index","follow":"follow","max-snippet":"max-snippet:-1","max-image-preview":"max-image-preview:large","max-video-preview":"max-video-preview:-1"},"canonical":"https:\/\/www.ghtiberio.com\/pt-pt\/localizacao\/","og_locale":"pt_PT","og_type":"article","og_title":"Localiza\u00e7\u00e3o &#8211; Grand Hotel Tiberio","og_description":"O Grand Hotel Tiberio encontra-se situado na exclusiva zona residencial da Balduina, a apenas 1.5 km, cerca de 20 minutos a p\u00e9, da Cidade do Vaticano onde se encontram os Museus do Vaticano e a Bas\u00edlica de S\u00e3o Pedro. Bem servido pelos meios de transporte p\u00fablicos (Metro, Autocarro, comboio FM3) pode-se chegar facilmente a todas as atra\u00e7\u00f5es de Roma.","og_url":"https:\/\/www.ghtiberio.com\/pt-pt\/localizacao\/","og_site_name":"Grand Hotel Tiberio","article_modified_time":"2024-11-14T09:27:41+00:00","twitter_card":"summary_large_image","twitter_misc":{"Tempo estimado de leitura":"1 minuto"},"schema":{"@context":"https:\/\/schema.org","@graph":[{"@type":"WebPage","@id":"https:\/\/www.ghtiberio.com\/pt-pt\/localizacao\/","url":"https:\/\/www.ghtiberio.com\/pt-pt\/localizacao\/","name":"Localiza\u00e7\u00e3o &#8211; Grand Hotel Tiberio","isPartOf":{"@id":"https:\/\/www.ghtiberio.com\/pt-pt\/#website"},"datePublished":"2021-10-06T09:47:53+00:00","dateModified":"2024-11-14T09:27:41+00:00","description":"O Grand Hotel Tiberio encontra-se situado na exclusiva zona residencial da Balduina, a apenas 1.5 km, cerca de 20 minutos a p\u00e9, da Cidade do Vaticano onde se encontram os Museus do Vaticano e a Bas\u00edlica de S\u00e3o Pedro. Bem servido pelos meios de transporte p\u00fablicos (Metro, Autocarro, comboio FM3) pode-se chegar facilmente a todas as atra\u00e7\u00f5es de Roma.","breadcrumb":{"@id":"https:\/\/www.ghtiberio.com\/pt-pt\/localizacao\/#breadcrumb"},"inLanguage":"pt-PT","potentialAction":[{"@type":"ReadAction","target":["https:\/\/www.ghtiberio.com\/pt-pt\/localizacao\/"]}]},{"@type":"BreadcrumbList","@id":"https:\/\/www.ghtiberio.com\/pt-pt\/localizacao\/#breadcrumb","itemListElement":[{"@type":"ListItem","position":1,"name":"Home","item":"https:\/\/www.ghtiberio.com\/pt-pt\/"},{"@type":"ListItem","position":2,"name":"Localiza\u00e7\u00e3o"}]},{"@type":"WebSite","@id":"https:\/\/www.ghtiberio.com\/pt-pt\/#website","url":"https:\/\/www.ghtiberio.com\/pt-pt\/","name":"Grand Hotel Tiberio","description":"Just another ms.decms.eu site","potentialAction":[{"@type":"SearchAction","target":{"@type":"EntryPoint","urlTemplate":"https:\/\/www.ghtiberio.com\/pt-pt\/?s={search_term_string}"},"query-input":{"@type":"PropertyValueSpecification","valueRequired":true,"valueName":"search_term_string"}}],"inLanguage":"pt-PT"}]}},"acf":[],"_links":{"self":[{"href":"https:\/\/www.ghtiberio.com\/pt-pt\/wp-json\/wp\/v2\/pages\/395","targetHints":{"allow":["GET"]}}],"collection":[{"href":"https:\/\/www.ghtiberio.com\/pt-pt\/wp-json\/wp\/v2\/pages"}],"about":[{"href":"https:\/\/www.ghtiberio.com\/pt-pt\/wp-json\/wp\/v2\/types\/page"}],"author":[{"embeddable":true,"href":"https:\/\/www.ghtiberio.com\/pt-pt\/wp-json\/wp\/v2\/users\/7"}],"replies":[{"embeddable":true,"href":"https:\/\/www.ghtiberio.com\/pt-pt\/wp-json\/wp\/v2\/comments?post=395"}],"version-history":[{"count":0,"href":"https:\/\/www.ghtiberio.com\/pt-pt\/wp-json\/wp\/v2\/pages\/395\/revisions"}],"wp:attachment":[{"href":"https:\/\/www.ghtiberio.com\/pt-pt\/wp-json\/wp\/v2\/media?parent=395"}],"curies":[{"name":"wp","href":"https:\/\/api.w.org\/{rel}","templated":true}]}}