{"id":6,"date":"2021-09-30T14:20:05","date_gmt":"2021-09-30T14:20:05","guid":{"rendered":"https:\/\/grand-hotel-tiberio.ms.decms.eu\/?page_id=6"},"modified":"2025-07-09T14:20:22","modified_gmt":"2025-07-09T14:20:22","slug":"grand-hotel-tiberio","status":"publish","type":"page","link":"https:\/\/www.ghtiberio.com\/pt-pt\/","title":{"rendered":"Grand Hotel Tiberio"},"content":{"rendered":"<p><strong>O Grand Hotel Tiberio<\/strong>\u00a0\u00e9 um Hotel de 4 estrelas novo, moderno, decorado com gosto e eleg\u00e2ncia que se encontra situado numa localiza\u00e7\u00e3o residencial sossegada, a apenas 1.5 km, cerca de 20 minutos a p\u00e9, da\u00a0<strong>Cidade do Vaticano<\/strong>, onde se encontram os\u00a0<strong>Museus do Vaticano<\/strong>\u00a0e a Bas\u00edlica de S\u00e3o Pedro, e da\u00a0<strong>Rome Cavalieri \u2013 The Waldorf Astoria Collection<\/strong>\u00a0\u2013 o mais importante centro de congressos de Roma.<br \/>\nBem servido pelos meios de transporte p\u00fablicos (Metro, Autocarro, comboio FM3) pode-se chegar facilmente a todas as atra\u00e7\u00f5es de Roma.<\/p>\n<p><strong>Os 85 quartos do Grand Hotel Tiberio<\/strong>\u00a0s\u00e3o modernos e funcionais e foram projetados com vista a garantirem o m\u00e1ximo conforto quer para estadas de f\u00e9rias quer para as de trabalho.<\/p>\n","protected":false},"excerpt":{"rendered":"<p>O Grand Hotel Tiberio\u00a0\u00e9 um Hotel de 4 estrelas novo, moderno, decorado com gosto e eleg\u00e2ncia que se encontra situado numa localiza\u00e7\u00e3o residencial sossegada, a apenas 1.5 km, cerca de 20 minutos a p\u00e9, da\u00a0Cidade do Vaticano, onde se encontram os\u00a0Museus do Vaticano\u00a0e a Bas\u00edlica de S\u00e3o Pedro, e da\u00a0Rome Cavalieri \u2013 The Waldorf Astoria [&hellip;]<\/p>\n","protected":false},"author":7,"featured_media":0,"parent":0,"menu_order":0,"comment_status":"closed","ping_status":"closed","template":"","meta":{"footnotes":""},"class_list":["post-6","page","type-page","status-publish","hentry"],"yoast_head":"<!-- This site is optimized with the Yoast SEO plugin v26.9 - https:\/\/yoast.com\/product\/yoast-seo-wordpress\/ -->\n<title>Grand Hotel Tiberio &#8211; Grand Hotel Tiberio<\/title>\n<meta name=\"description\" content=\"O Grand Hotel Tiberio\u00a0\u00e9 um Hotel de 4 estrelas novo, moderno, decorado com gosto e eleg\u00e2ncia que se encontra situado numa localiza\u00e7\u00e3o residencial sossegada, a apenas 1.5 km, cerca de 20 minutos a p\u00e9, da\u00a0Cidade do Vaticano, onde se encontram os\u00a0Museus do Vaticano\u00a0e a Bas\u00edlica de S\u00e3o Pedro, e da\u00a0Rome Cavalieri \u2013 The Waldorf Astoria Collection\u00a0\u2013 o mais importante centro de congressos de Roma. Bem servido pelos meios de transporte p\u00fablicos (Metro, Autocarro, comboio FM3) pode-se chegar facilmente a todas as atra\u00e7\u00f5es de Roma.  Os 85 quartos do Grand Hotel Tiberio\u00a0s\u00e3o modernos e funcionais e foram projetados com vista a garantirem o m\u00e1ximo conforto quer para estadas de f\u00e9rias quer para as de trabalho..\" \/>\n<meta name=\"robots\" content=\"index, follow, max-snippet:-1, max-image-preview:large, max-video-preview:-1\" \/>\n<link rel=\"canonical\" href=\"https:\/\/www.ghtiberio.com\/pt-pt\/\" \/>\n<meta property=\"og:locale\" content=\"pt_PT\" \/>\n<meta property=\"og:type\" content=\"article\" \/>\n<meta property=\"og:title\" content=\"Grand Hotel Tiberio &#8211; Grand Hotel Tiberio\" \/>\n<meta property=\"og:description\" content=\"O Grand Hotel Tiberio\u00a0\u00e9 um Hotel de 4 estrelas novo, moderno, decorado com gosto e eleg\u00e2ncia que se encontra situado numa localiza\u00e7\u00e3o residencial sossegada, a apenas 1.5 km, cerca de 20 minutos a p\u00e9, da\u00a0Cidade do Vaticano, onde se encontram os\u00a0Museus do Vaticano\u00a0e a Bas\u00edlica de S\u00e3o Pedro, e da\u00a0Rome Cavalieri \u2013 The Waldorf Astoria Collection\u00a0\u2013 o mais importante centro de congressos de Roma. Bem servido pelos meios de transporte p\u00fablicos (Metro, Autocarro, comboio FM3) pode-se chegar facilmente a todas as atra\u00e7\u00f5es de Roma.  Os 85 quartos do Grand Hotel Tiberio\u00a0s\u00e3o modernos e funcionais e foram projetados com vista a garantirem o m\u00e1ximo conforto quer para estadas de f\u00e9rias quer para as de trabalho..\" \/>\n<meta property=\"og:url\" content=\"https:\/\/www.ghtiberio.com\/pt-pt\/\" \/>\n<meta property=\"og:site_name\" content=\"Grand Hotel Tiberio\" \/>\n<meta property=\"article:modified_time\" content=\"2025-07-09T14:20:22+00:00\" \/>\n<meta name=\"twitter:card\" content=\"summary_large_image\" \/>\n<meta name=\"twitter:label1\" content=\"Tempo estimado de leitura\" \/>\n\t<meta name=\"twitter:data1\" content=\"1 minuto\" \/>\n<script type=\"application\/ld+json\" class=\"yoast-schema-graph\">{\"@context\":\"https:\/\/schema.org\",\"@graph\":[{\"@type\":\"WebPage\",\"@id\":\"https:\/\/www.ghtiberio.com\/pt-pt\/\",\"url\":\"https:\/\/www.ghtiberio.com\/pt-pt\/\",\"name\":\"Grand Hotel Tiberio &#8211; Grand Hotel Tiberio\",\"isPartOf\":{\"@id\":\"https:\/\/www.ghtiberio.com\/pt-pt\/#website\"},\"datePublished\":\"2021-09-30T14:20:05+00:00\",\"dateModified\":\"2025-07-09T14:20:22+00:00\",\"description\":\"O Grand Hotel Tiberio\u00a0\u00e9 um Hotel de 4 estrelas novo, moderno, decorado com gosto e eleg\u00e2ncia que se encontra situado numa localiza\u00e7\u00e3o residencial sossegada, a apenas 1.5 km, cerca de 20 minutos a p\u00e9, da\u00a0Cidade do Vaticano, onde se encontram os\u00a0Museus do Vaticano\u00a0e a Bas\u00edlica de S\u00e3o Pedro, e da\u00a0Rome Cavalieri \u2013 The Waldorf Astoria Collection\u00a0\u2013 o mais importante centro de congressos de Roma. Bem servido pelos meios de transporte p\u00fablicos (Metro, Autocarro, comboio FM3) pode-se chegar facilmente a todas as atra\u00e7\u00f5es de Roma. Os 85 quartos do Grand Hotel Tiberio\u00a0s\u00e3o modernos e funcionais e foram projetados com vista a garantirem o m\u00e1ximo conforto quer para estadas de f\u00e9rias quer para as de trabalho..\",\"breadcrumb\":{\"@id\":\"https:\/\/www.ghtiberio.com\/pt-pt\/#breadcrumb\"},\"inLanguage\":\"pt-PT\",\"potentialAction\":[{\"@type\":\"ReadAction\",\"target\":[\"https:\/\/www.ghtiberio.com\/pt-pt\/\"]}]},{\"@type\":\"BreadcrumbList\",\"@id\":\"https:\/\/www.ghtiberio.com\/pt-pt\/#breadcrumb\",\"itemListElement\":[{\"@type\":\"ListItem\",\"position\":1,\"name\":\"Home\",\"item\":\"https:\/\/www.ghtiberio.com\/pt-pt\/\"},{\"@type\":\"ListItem\",\"position\":2,\"name\":\"Grand Hotel Tiberio\"}]},{\"@type\":\"WebSite\",\"@id\":\"https:\/\/www.ghtiberio.com\/pt-pt\/#website\",\"url\":\"https:\/\/www.ghtiberio.com\/pt-pt\/\",\"name\":\"Grand Hotel Tiberio\",\"description\":\"Just another ms.decms.eu site\",\"potentialAction\":[{\"@type\":\"SearchAction\",\"target\":{\"@type\":\"EntryPoint\",\"urlTemplate\":\"https:\/\/www.ghtiberio.com\/pt-pt\/?s={search_term_string}\"},\"query-input\":{\"@type\":\"PropertyValueSpecification\",\"valueRequired\":true,\"valueName\":\"search_term_string\"}}],\"inLanguage\":\"pt-PT\"}]}<\/script>\n<!-- \/ Yoast SEO plugin. -->","yoast_head_json":{"title":"Grand Hotel Tiberio &#8211; Grand Hotel Tiberio","description":"O Grand Hotel Tiberio\u00a0\u00e9 um Hotel de 4 estrelas novo, moderno, decorado com gosto e eleg\u00e2ncia que se encontra situado numa localiza\u00e7\u00e3o residencial sossegada, a apenas 1.5 km, cerca de 20 minutos a p\u00e9, da\u00a0Cidade do Vaticano, onde se encontram os\u00a0Museus do Vaticano\u00a0e a Bas\u00edlica de S\u00e3o Pedro, e da\u00a0Rome Cavalieri \u2013 The Waldorf Astoria Collection\u00a0\u2013 o mais importante centro de congressos de Roma. Bem servido pelos meios de transporte p\u00fablicos (Metro, Autocarro, comboio FM3) pode-se chegar facilmente a todas as atra\u00e7\u00f5es de Roma.  Os 85 quartos do Grand Hotel Tiberio\u00a0s\u00e3o modernos e funcionais e foram projetados com vista a garantirem o m\u00e1ximo conforto quer para estadas de f\u00e9rias quer para as de trabalho..","robots":{"index":"index","follow":"follow","max-snippet":"max-snippet:-1","max-image-preview":"max-image-preview:large","max-video-preview":"max-video-preview:-1"},"canonical":"https:\/\/www.ghtiberio.com\/pt-pt\/","og_locale":"pt_PT","og_type":"article","og_title":"Grand Hotel Tiberio &#8211; Grand Hotel Tiberio","og_description":"O Grand Hotel Tiberio\u00a0\u00e9 um Hotel de 4 estrelas novo, moderno, decorado com gosto e eleg\u00e2ncia que se encontra situado numa localiza\u00e7\u00e3o residencial sossegada, a apenas 1.5 km, cerca de 20 minutos a p\u00e9, da\u00a0Cidade do Vaticano, onde se encontram os\u00a0Museus do Vaticano\u00a0e a Bas\u00edlica de S\u00e3o Pedro, e da\u00a0Rome Cavalieri \u2013 The Waldorf Astoria Collection\u00a0\u2013 o mais importante centro de congressos de Roma. Bem servido pelos meios de transporte p\u00fablicos (Metro, Autocarro, comboio FM3) pode-se chegar facilmente a todas as atra\u00e7\u00f5es de Roma.  Os 85 quartos do Grand Hotel Tiberio\u00a0s\u00e3o modernos e funcionais e foram projetados com vista a garantirem o m\u00e1ximo conforto quer para estadas de f\u00e9rias quer para as de trabalho..","og_url":"https:\/\/www.ghtiberio.com\/pt-pt\/","og_site_name":"Grand Hotel Tiberio","article_modified_time":"2025-07-09T14:20:22+00:00","twitter_card":"summary_large_image","twitter_misc":{"Tempo estimado de leitura":"1 minuto"},"schema":{"@context":"https:\/\/schema.org","@graph":[{"@type":"WebPage","@id":"https:\/\/www.ghtiberio.com\/pt-pt\/","url":"https:\/\/www.ghtiberio.com\/pt-pt\/","name":"Grand Hotel Tiberio &#8211; Grand Hotel Tiberio","isPartOf":{"@id":"https:\/\/www.ghtiberio.com\/pt-pt\/#website"},"datePublished":"2021-09-30T14:20:05+00:00","dateModified":"2025-07-09T14:20:22+00:00","description":"O Grand Hotel Tiberio\u00a0\u00e9 um Hotel de 4 estrelas novo, moderno, decorado com gosto e eleg\u00e2ncia que se encontra situado numa localiza\u00e7\u00e3o residencial sossegada, a apenas 1.5 km, cerca de 20 minutos a p\u00e9, da\u00a0Cidade do Vaticano, onde se encontram os\u00a0Museus do Vaticano\u00a0e a Bas\u00edlica de S\u00e3o Pedro, e da\u00a0Rome Cavalieri \u2013 The Waldorf Astoria Collection\u00a0\u2013 o mais importante centro de congressos de Roma. Bem servido pelos meios de transporte p\u00fablicos (Metro, Autocarro, comboio FM3) pode-se chegar facilmente a todas as atra\u00e7\u00f5es de Roma. Os 85 quartos do Grand Hotel Tiberio\u00a0s\u00e3o modernos e funcionais e foram projetados com vista a garantirem o m\u00e1ximo conforto quer para estadas de f\u00e9rias quer para as de trabalho..","breadcrumb":{"@id":"https:\/\/www.ghtiberio.com\/pt-pt\/#breadcrumb"},"inLanguage":"pt-PT","potentialAction":[{"@type":"ReadAction","target":["https:\/\/www.ghtiberio.com\/pt-pt\/"]}]},{"@type":"BreadcrumbList","@id":"https:\/\/www.ghtiberio.com\/pt-pt\/#breadcrumb","itemListElement":[{"@type":"ListItem","position":1,"name":"Home","item":"https:\/\/www.ghtiberio.com\/pt-pt\/"},{"@type":"ListItem","position":2,"name":"Grand Hotel Tiberio"}]},{"@type":"WebSite","@id":"https:\/\/www.ghtiberio.com\/pt-pt\/#website","url":"https:\/\/www.ghtiberio.com\/pt-pt\/","name":"Grand Hotel Tiberio","description":"Just another ms.decms.eu site","potentialAction":[{"@type":"SearchAction","target":{"@type":"EntryPoint","urlTemplate":"https:\/\/www.ghtiberio.com\/pt-pt\/?s={search_term_string}"},"query-input":{"@type":"PropertyValueSpecification","valueRequired":true,"valueName":"search_term_string"}}],"inLanguage":"pt-PT"}]}},"acf":[],"_links":{"self":[{"href":"https:\/\/www.ghtiberio.com\/pt-pt\/wp-json\/wp\/v2\/pages\/6","targetHints":{"allow":["GET"]}}],"collection":[{"href":"https:\/\/www.ghtiberio.com\/pt-pt\/wp-json\/wp\/v2\/pages"}],"about":[{"href":"https:\/\/www.ghtiberio.com\/pt-pt\/wp-json\/wp\/v2\/types\/page"}],"author":[{"embeddable":true,"href":"https:\/\/www.ghtiberio.com\/pt-pt\/wp-json\/wp\/v2\/users\/7"}],"replies":[{"embeddable":true,"href":"https:\/\/www.ghtiberio.com\/pt-pt\/wp-json\/wp\/v2\/comments?post=6"}],"version-history":[{"count":0,"href":"https:\/\/www.ghtiberio.com\/pt-pt\/wp-json\/wp\/v2\/pages\/6\/revisions"}],"wp:attachment":[{"href":"https:\/\/www.ghtiberio.com\/pt-pt\/wp-json\/wp\/v2\/media?parent=6"}],"curies":[{"name":"wp","href":"https:\/\/api.w.org\/{rel}","templated":true}]}}